{"id":22771,"date":"2021-12-07T12:47:17","date_gmt":"2021-12-07T12:47:17","guid":{"rendered":"https:\/\/eliquidnicotine.co.uk\/?post_type=product&#038;p=22771"},"modified":"2024-12-09T11:19:17","modified_gmt":"2024-12-09T10:19:17","slug":"liquideo-kiss-full-50-ml","status":"publish","type":"product","link":"https:\/\/eliquidnicotine.co.uk\/fr\/shop\/liquideo-kiss-full-50-ml\/","title":{"rendered":"Liquideo Kiss Full 50 ml"},"content":{"rendered":"<p>Teneur en nicotine 00 mg<br \/>\nType d'e-liquides E-liquide pour le rechargement<br \/>\nGo\u00fbt de menthol<br \/>\nContenu 50ml<br \/>\nPG\/VG 70\/30<br \/>\nPays France<\/p>","protected":false},"excerpt":{"rendered":"<p>Go\u00fbt : triple menthol<br \/>\nPG\/VG : 70\/30<br \/>\nKiss Full est id\u00e9al pour l'\u00e9t\u00e9 avec son triple menthol !<br \/>\nPG\/VG : 70\/30 - Liquide 00mg avec une saveur surdos\u00e9e.<br \/>\nInjection de nicotine incluse<\/p>","protected":false},"featured_media":22774,"comment_status":"open","ping_status":"closed","template":"","meta":{"_acf_changed":false,"_genesis_hide_title":false,"_genesis_hide_breadcrumbs":false,"_genesis_hide_singular_image":false,"_genesis_hide_footer_widgets":false,"_genesis_custom_body_class":"","_genesis_custom_post_class":"","_genesis_layout":""},"product_brand":[],"product_cat":[454],"product_tag":[],"class_list":{"1":"product","2":"type-product","6":"product_cat-liquideo","7":"entry","9":"first","10":"outofstock","11":"taxable","12":"shipping-taxable","13":"purchasable","14":"product-type-variable"},"acf":[],"_links":{"self":[{"href":"https:\/\/eliquidnicotine.co.uk\/fr\/wp-json\/wp\/v2\/product\/22771","targetHints":{"allow":["GET"]}}],"collection":[{"href":"https:\/\/eliquidnicotine.co.uk\/fr\/wp-json\/wp\/v2\/product"}],"about":[{"href":"https:\/\/eliquidnicotine.co.uk\/fr\/wp-json\/wp\/v2\/types\/product"}],"replies":[{"embeddable":true,"href":"https:\/\/eliquidnicotine.co.uk\/fr\/wp-json\/wp\/v2\/comments?post=22771"}],"wp:featuredmedia":[{"embeddable":true,"href":"https:\/\/eliquidnicotine.co.uk\/fr\/wp-json\/wp\/v2\/media\/22774"}],"wp:attachment":[{"href":"https:\/\/eliquidnicotine.co.uk\/fr\/wp-json\/wp\/v2\/media?parent=22771"}],"wp:term":[{"taxonomy":"product_brand","embeddable":true,"href":"https:\/\/eliquidnicotine.co.uk\/fr\/wp-json\/wp\/v2\/product_brand?post=22771"},{"taxonomy":"product_cat","embeddable":true,"href":"https:\/\/eliquidnicotine.co.uk\/fr\/wp-json\/wp\/v2\/product_cat?post=22771"},{"taxonomy":"product_tag","embeddable":true,"href":"https:\/\/eliquidnicotine.co.uk\/fr\/wp-json\/wp\/v2\/product_tag?post=22771"}],"curies":[{"name":"wp","href":"https:\/\/api.w.org\/{rel}","templated":true}]}}