{"id":22871,"date":"2022-01-06T08:49:57","date_gmt":"2022-01-06T08:49:57","guid":{"rendered":"https:\/\/eliquidnicotine.co.uk\/?post_type=product&#038;p=22871"},"modified":"2025-04-02T15:30:23","modified_gmt":"2025-04-02T14:30:23","slug":"capella-burley-tobacco","status":"publish","type":"product","link":"https:\/\/eliquidnicotine.co.uk\/fr\/shop\/capella-burley-tobacco\/","title":{"rendered":"Capella Burley Tabac"},"content":{"rendered":"<div>Le concentr\u00e9 de tabac Capella Bold Burley offre les ar\u00f4mes et le parfum des feuilles de tabac Burley l\u00e9ger - riche et moelleux, avec de d\u00e9licates nuances florales, et non un go\u00fbt lourd de tabac brun. Capella Bold Burley a un go\u00fbt de tabac doux et chaud, assez sec, accompagn\u00e9 d'une douce douceur et de subtiles notes de noix. Le tabac Burley peut \u00eatre utilis\u00e9 dans de nombreux m\u00e9langes aromatiques car il a un go\u00fbt de tabac assez neutre. Essayez d'ajouter des ar\u00f4mes de guimauve, de miel ou de caramel pour cr\u00e9er vos propres recettes de e-liquide avec le concentr\u00e9 de tabac Capella Bold Burley.<\/div>\n<div><\/div>\n<div><\/div>\n<div>Pourcentage de m\u00e9lange recommand\u00e9 : 15%.<\/div>\n<div><\/div>\n<div><\/div>\n<div>Dur\u00e9e d'infusion recommand\u00e9e : 1 \u00e0 3 jours<\/div>\n<div><\/div>\n<div><\/div>\n<div>Les concentr\u00e9s Capella sont parmi les meilleurs au monde et jouissent d'une r\u00e9putation bien m\u00e9rit\u00e9e aupr\u00e8s des fumeurs bricoleurs. Le nom de Capella est r\u00e9put\u00e9 dans le monde entier pour sa large gamme d'ar\u00f4mes tr\u00e8s savoureux, fabriqu\u00e9s avec les meilleurs ingr\u00e9dients dans son usine de production en Californie, aux \u00c9tats-Unis. Tous les concentr\u00e9s d'ar\u00f4mes Capella r\u00e9pondent aux normes de qualit\u00e9 et de puret\u00e9 les plus strictes \u00e9tablies par l'\u00c9tat de Californie.<\/div>\n<div><\/div>\n<div><\/div>\n<div>Ingr\u00e9dients<\/div>\n<div>Ar\u00f4mes naturels et artificiels et propyl\u00e8ne glycol.<\/div>\n<div><\/div>\n<div><\/div>\n<div>Notes<\/div>\n<div>Nous recommandons de m\u00e9langer la plupart des concentr\u00e9s Capella \u00e0 environ 15% au d\u00e9part, puis d'ajuster selon votre go\u00fbt personnel.<\/div>\n<div>Tous les concentr\u00e9s Capella sont \u00e0 base de PG.<\/div>\n<div>Nous achetons des gallons directement \u00e0 Capella (aux \u00c9tats-Unis) et les transformons ici au Royaume-Uni en bouteilles de 10, 100 et 500 ml.<\/div>\n<div>Il peut y avoir des diff\u00e9rences de couleur notables entre les diff\u00e9rents lots d'un m\u00eame ar\u00f4me. Il s'agit d'un r\u00e9sultat naturel du processus de cr\u00e9ation de l'ar\u00f4me.<\/div>\n<div>Il s'agit d'un ar\u00f4me concentr\u00e9 \u00e0 m\u00e9langer dans un e-liquide de bricolage. Il ne doit pas \u00eatre vaporis\u00e9 non dilu\u00e9. Tous les concentr\u00e9s d'ar\u00f4mes Capella sont \u00e0 base de PG.<\/div>\n<div>Sant\u00e9 et s\u00e9curit\u00e9<\/div>\n<div><\/div>\n<div><\/div>\n<div>Nous vous recommandons de porter des v\u00eatements de protection appropri\u00e9s, des gants r\u00e9sistant aux produits chimiques, une protection respiratoire et des lunettes de s\u00e9curit\u00e9 lorsque vous m\u00e9langez du e-liquide.<\/div>","protected":false},"excerpt":{"rendered":"<p>Capella Bold Burley Tobacco Concentrate offre les saveurs et l'ar\u00f4me des feuilles de tabac burley l\u00e9ger - riche et doux avec de d\u00e9licates nuances florales.<br \/>\n<span style=\"color: #ff0000;\"><strong>Ne pas vaporiser sans diluer.<\/strong><\/span><\/p>","protected":false},"featured_media":23082,"comment_status":"open","ping_status":"closed","template":"","meta":{"_acf_changed":false,"_genesis_hide_title":false,"_genesis_hide_breadcrumbs":false,"_genesis_hide_singular_image":false,"_genesis_hide_footer_widgets":false,"_genesis_custom_body_class":"","_genesis_custom_post_class":"","_genesis_layout":""},"product_brand":[],"product_cat":[398,573],"product_tag":[],"class_list":{"1":"product","2":"type-product","6":"product_cat-capella-flavours-for-self-mixing-10-30-and-50-ml","7":"product_cat-flavours-for-e-liquid-mixing","8":"entry","10":"first","11":"instock","12":"taxable","13":"shipping-taxable","14":"purchasable","15":"product-type-variable"},"acf":[],"_links":{"self":[{"href":"https:\/\/eliquidnicotine.co.uk\/fr\/wp-json\/wp\/v2\/product\/22871","targetHints":{"allow":["GET"]}}],"collection":[{"href":"https:\/\/eliquidnicotine.co.uk\/fr\/wp-json\/wp\/v2\/product"}],"about":[{"href":"https:\/\/eliquidnicotine.co.uk\/fr\/wp-json\/wp\/v2\/types\/product"}],"replies":[{"embeddable":true,"href":"https:\/\/eliquidnicotine.co.uk\/fr\/wp-json\/wp\/v2\/comments?post=22871"}],"wp:featuredmedia":[{"embeddable":true,"href":"https:\/\/eliquidnicotine.co.uk\/fr\/wp-json\/wp\/v2\/media\/23082"}],"wp:attachment":[{"href":"https:\/\/eliquidnicotine.co.uk\/fr\/wp-json\/wp\/v2\/media?parent=22871"}],"wp:term":[{"taxonomy":"product_brand","embeddable":true,"href":"https:\/\/eliquidnicotine.co.uk\/fr\/wp-json\/wp\/v2\/product_brand?post=22871"},{"taxonomy":"product_cat","embeddable":true,"href":"https:\/\/eliquidnicotine.co.uk\/fr\/wp-json\/wp\/v2\/product_cat?post=22871"},{"taxonomy":"product_tag","embeddable":true,"href":"https:\/\/eliquidnicotine.co.uk\/fr\/wp-json\/wp\/v2\/product_tag?post=22871"}],"curies":[{"name":"wp","href":"https:\/\/api.w.org\/{rel}","templated":true}]}}