{"id":23625,"date":"2022-05-24T12:52:09","date_gmt":"2022-05-24T11:52:09","guid":{"rendered":"https:\/\/eliquidnicotine.co.uk\/?post_type=product&#038;p=23625"},"modified":"2025-04-02T15:25:40","modified_gmt":"2025-04-02T14:25:40","slug":"pistachio-tpa-tfa","status":"publish","type":"product","link":"https:\/\/eliquidnicotine.co.uk\/fr\/shop\/pistache-tpa-tfa\/","title":{"rendered":"Pistache TPA\/TFA"},"content":{"rendered":"<p>Le concentr\u00e9 de pistache Perfumer's Apprentice reproduit fid\u00e8lement le go\u00fbt d\u00e9licieux des pistaches douces, riches et cr\u00e9meuses. Ce concentr\u00e9 d'ar\u00f4me a un si bon go\u00fbt de pistache que vous pouvez facilement l'utiliser comme un produit autonome, mais il est important d'infuser cet ar\u00f4me car il a vraiment besoin d'une semaine enti\u00e8re pour se d\u00e9velopper correctement. Le concentr\u00e9 de pistache Perfumer's Apprentice est un ingr\u00e9dient extr\u00eamement polyvalent qui compl\u00e8te les ar\u00f4mes de boulangerie, de dessert et m\u00eame de tabac, et que vous devriez donc avoir dans votre armoire \u00e0 pharmacie. Une id\u00e9e de recette simple consiste \u00e0 l'ajouter \u00e0 de la glace \u00e0 la gousse de vanille pour obtenir un e-liquide merveilleusement lisse et d\u00e9licieux.<\/p>\n<p>Pourcentage recommand\u00e9 : 5 - 10%<\/p>\n<p>Dur\u00e9e d'infusion recommand\u00e9e : 1 \u00e0 2 semaines<\/p>\n<p>Les concentr\u00e9s d'ar\u00f4mes Perfumer's Apprentice comptent parmi les meilleurs au monde et jouissent d'une r\u00e9putation fiable et bien m\u00e9rit\u00e9e aupr\u00e8s des vapoteurs bricoleurs. Fond\u00e9 en 2004 \u00e0 Santa Cruz, en Californie, Perfumer's Apprentice fabrique ses concentr\u00e9s d'ar\u00f4mes en utilisant uniquement les meilleurs ingr\u00e9dients, qui sont tous certifi\u00e9s de qualit\u00e9 alimentaire et r\u00e9pondent aux normes de qualit\u00e9 et de puret\u00e9 les plus strictes de l'\u00c9tat de Californie.<\/p>\n<p>Ingr\u00e9dients<br \/>\nAr\u00f4mes artificiels, propyl\u00e8ne glycol, eau.<\/p>\n<p>Notes<br \/>\nIl s'agit d'un ar\u00f4me concentr\u00e9 m\u00e9lang\u00e9 \u00e0 un e-liquide de bricolage. Il ne doit pas \u00eatre fum\u00e9 non dilu\u00e9.<br \/>\nNous recommandons de m\u00e9langer la plupart des concentr\u00e9s Perfumer's Apprentice avec environ 5-10% au d\u00e9part, puis d'ajuster selon votre go\u00fbt personnel.<br \/>\nTous les concentr\u00e9s Perfumer's Apprentice que nous proposons sont \u00e0 base de PG.<br \/>\nIl peut y avoir des diff\u00e9rences de couleur notables entre diff\u00e9rents lots d'un m\u00eame ar\u00f4me. Il s'agit d'un r\u00e9sultat naturel du processus de cr\u00e9ation de l'ar\u00f4me.<br \/>\nThe Perfumer's Apprentice et The Flavour Apprentice sont la m\u00eame soci\u00e9t\u00e9 et les produits sont les m\u00eames. Nous utilisons le nom Perfumer's Apprentice uniquement parce qu'il est plus connu.<\/p>","protected":false},"excerpt":{"rendered":"<p>Le concentr\u00e9 de pistache Perfumer's Apprentice reproduit fid\u00e8lement le go\u00fbt d\u00e9licieux des pistaches douces, riches et cr\u00e9meuses.<br \/>\nPourcentage recommand\u00e9 : 5 - 10%<br \/>\nDur\u00e9e d'infusion recommand\u00e9e : 1 \u00e0 2 semaines<\/p>\n<p><span style=\"color: #ff0000;\">Il s'agit d'un concentr\u00e9 qui ne doit pas \u00eatre utilis\u00e9 sans \u00eatre dilu\u00e9.<\/span><\/p>","protected":false},"featured_media":26217,"comment_status":"open","ping_status":"closed","template":"","meta":{"_acf_changed":false,"_genesis_hide_title":false,"_genesis_hide_breadcrumbs":false,"_genesis_hide_singular_image":false,"_genesis_hide_footer_widgets":false,"_genesis_custom_body_class":"","_genesis_custom_post_class":"","_genesis_layout":""},"product_brand":[],"product_cat":[573,243],"product_tag":[],"class_list":{"1":"product","2":"type-product","6":"product_cat-flavours-for-e-liquid-mixing","7":"product_cat-tpa-flavours-for-self-mixing","8":"entry","10":"first","11":"outofstock","12":"taxable","13":"shipping-taxable","14":"purchasable","15":"product-type-variable"},"acf":[],"_links":{"self":[{"href":"https:\/\/eliquidnicotine.co.uk\/fr\/wp-json\/wp\/v2\/product\/23625","targetHints":{"allow":["GET"]}}],"collection":[{"href":"https:\/\/eliquidnicotine.co.uk\/fr\/wp-json\/wp\/v2\/product"}],"about":[{"href":"https:\/\/eliquidnicotine.co.uk\/fr\/wp-json\/wp\/v2\/types\/product"}],"replies":[{"embeddable":true,"href":"https:\/\/eliquidnicotine.co.uk\/fr\/wp-json\/wp\/v2\/comments?post=23625"}],"wp:featuredmedia":[{"embeddable":true,"href":"https:\/\/eliquidnicotine.co.uk\/fr\/wp-json\/wp\/v2\/media\/26217"}],"wp:attachment":[{"href":"https:\/\/eliquidnicotine.co.uk\/fr\/wp-json\/wp\/v2\/media?parent=23625"}],"wp:term":[{"taxonomy":"product_brand","embeddable":true,"href":"https:\/\/eliquidnicotine.co.uk\/fr\/wp-json\/wp\/v2\/product_brand?post=23625"},{"taxonomy":"product_cat","embeddable":true,"href":"https:\/\/eliquidnicotine.co.uk\/fr\/wp-json\/wp\/v2\/product_cat?post=23625"},{"taxonomy":"product_tag","embeddable":true,"href":"https:\/\/eliquidnicotine.co.uk\/fr\/wp-json\/wp\/v2\/product_tag?post=23625"}],"curies":[{"name":"wp","href":"https:\/\/api.w.org\/{rel}","templated":true}]}}