{"id":23908,"date":"2022-05-20T12:44:40","date_gmt":"2022-05-20T12:44:40","guid":{"rendered":"https:\/\/eliquidnicotine.co.uk\/?post_type=product&#038;p=23908"},"modified":"2025-04-02T15:25:35","modified_gmt":"2025-04-02T14:25:35","slug":"vanilla-swirl-tpa","status":"publish","type":"product","link":"https:\/\/eliquidnicotine.co.uk\/fr\/shop\/vanille-swirl-tpa\/","title":{"rendered":"TPA tourbillon de vanille"},"content":{"rendered":"<p>Perfumer's Apprentice Vanilla Swirl Concentrate a un ar\u00f4me merveilleusement riche avec une saveur de vanille cr\u00e9meuse. Une alternative au populaire Vanilla Custard de The Perfumer's Apprentice, cet ar\u00f4me ne contient pas de notes de vanille qui pourraient potentiellement former des ac\u00e9tones (ac\u00e9to\u00efne, diac\u00e9tyle et ac\u00e9tylpropionyle). Pour de nombreux utilisateurs, Capella est le roi des ar\u00f4mes de cr\u00e8me anglaise, mais d'autres trouvent que cet ar\u00f4me de cr\u00e8me anglaise de Perfumer's Apprentice est meilleur, car ses notes de vanille sont l\u00e9g\u00e8rement plus prononc\u00e9es. Comme pour tous les ar\u00f4mes, le go\u00fbt est subjectif, mais vous trouverez qu'il s'agit d'un concentr\u00e9 merveilleusement doux et sucr\u00e9 qui peut \u00eatre utilis\u00e9 dans une vari\u00e9t\u00e9 de recettes de g\u00e2teaux ou de desserts o\u00f9 il donnera une saveur de vanille douce et cr\u00e9meuse sans le pudding.<\/p>\n<p>Pourcentage recommand\u00e9 : 5 - 10%<\/p>\n<p>Dur\u00e9e d'infusion recommand\u00e9e : 1 \u00e0 4 semaines<\/p>\n<p>La cr\u00e8me p\u00e2tissi\u00e8re \u00e0 la vanille originale de Perfumer's Apprentice peut \u00eatre trouv\u00e9e ici.<\/p>\n<p>Les concentr\u00e9s d'ar\u00f4mes Perfumer's Apprentice comptent parmi les meilleurs au monde et jouissent d'une r\u00e9putation fiable et bien m\u00e9rit\u00e9e aupr\u00e8s des fumeurs bricoleurs. Fond\u00e9 en 2004 \u00e0 Santa Cruz, en Californie, Perfumer's Apprentice n'utilise que les meilleurs ingr\u00e9dients pour la production de ses concentr\u00e9s d'ar\u00f4mes, qui sont tous certifi\u00e9s de qualit\u00e9 alimentaire et r\u00e9pondent aux normes de qualit\u00e9 et de puret\u00e9 les plus strictes de l'\u00c9tat de Californie.<\/p>\n<p>&nbsp;<\/p>\n<p>Ingr\u00e9dients<\/p>\n<p>Ar\u00f4mes artificiels, propyl\u00e8ne glycol, eau.<\/p>\n<p>Notes<br \/>\nIl s'agit d'un ar\u00f4me concentr\u00e9 m\u00e9lang\u00e9 \u00e0 un e-liquide de bricolage. Il ne doit pas \u00eatre fum\u00e9 non dilu\u00e9.<br \/>\nNous recommandons de m\u00e9langer la plupart des concentr\u00e9s Perfumer's Apprentice avec environ 5-10% au d\u00e9part, puis d'ajuster selon votre go\u00fbt personnel.<br \/>\nTous les concentr\u00e9s Perfumer's Apprentice que nous proposons sont \u00e0 base de PG.<br \/>\nIl peut y avoir des diff\u00e9rences de couleur notables entre diff\u00e9rents lots d'un m\u00eame ar\u00f4me. Il s'agit d'un r\u00e9sultat naturel du processus de fabrication de l'ar\u00f4me.<br \/>\nThe Perfumer's Apprentice et The Flavour Apprentice sont la m\u00eame soci\u00e9t\u00e9 et les produits sont les m\u00eames. Nous utilisons le nom Perfumer's Apprentice uniquement parce qu'il est plus connu.<\/p>\n<p>&nbsp;<\/p>","protected":false},"excerpt":{"rendered":"<p>Le concentr\u00e9 Vanilla Swirl de Perfumer's Apprentice a un ar\u00f4me merveilleusement riche avec une saveur de vanille cr\u00e9meuse - une alternative \u00e0 la cr\u00e8me p\u00e2tissi\u00e8re \u00e0 la vanille de TPA.<br \/>\nPourcentage recommand\u00e9 : 5 - 10%<br \/>\nTemps de brassage recommand\u00e9 : 1 \u00e0 4 semaines<br \/>\n<span style=\"color: #ff0000;\">Il s'agit d'un concentr\u00e9 qui ne doit pas \u00eatre utilis\u00e9 sans \u00eatre dilu\u00e9.<\/span><\/p>","protected":false},"featured_media":26144,"comment_status":"open","ping_status":"closed","template":"","meta":{"_acf_changed":false,"_genesis_hide_title":false,"_genesis_hide_breadcrumbs":false,"_genesis_hide_singular_image":false,"_genesis_hide_footer_widgets":false,"_genesis_custom_body_class":"","_genesis_custom_post_class":"","_genesis_layout":""},"product_brand":[],"product_cat":[573,243],"product_tag":[],"class_list":{"1":"product","2":"type-product","6":"product_cat-flavours-for-e-liquid-mixing","7":"product_cat-tpa-flavours-for-self-mixing","8":"entry","10":"first","11":"outofstock","12":"taxable","13":"shipping-taxable","14":"purchasable","15":"product-type-variable"},"acf":[],"_links":{"self":[{"href":"https:\/\/eliquidnicotine.co.uk\/fr\/wp-json\/wp\/v2\/product\/23908","targetHints":{"allow":["GET"]}}],"collection":[{"href":"https:\/\/eliquidnicotine.co.uk\/fr\/wp-json\/wp\/v2\/product"}],"about":[{"href":"https:\/\/eliquidnicotine.co.uk\/fr\/wp-json\/wp\/v2\/types\/product"}],"replies":[{"embeddable":true,"href":"https:\/\/eliquidnicotine.co.uk\/fr\/wp-json\/wp\/v2\/comments?post=23908"}],"wp:featuredmedia":[{"embeddable":true,"href":"https:\/\/eliquidnicotine.co.uk\/fr\/wp-json\/wp\/v2\/media\/26144"}],"wp:attachment":[{"href":"https:\/\/eliquidnicotine.co.uk\/fr\/wp-json\/wp\/v2\/media?parent=23908"}],"wp:term":[{"taxonomy":"product_brand","embeddable":true,"href":"https:\/\/eliquidnicotine.co.uk\/fr\/wp-json\/wp\/v2\/product_brand?post=23908"},{"taxonomy":"product_cat","embeddable":true,"href":"https:\/\/eliquidnicotine.co.uk\/fr\/wp-json\/wp\/v2\/product_cat?post=23908"},{"taxonomy":"product_tag","embeddable":true,"href":"https:\/\/eliquidnicotine.co.uk\/fr\/wp-json\/wp\/v2\/product_tag?post=23908"}],"curies":[{"name":"wp","href":"https:\/\/api.w.org\/{rel}","templated":true}]}}