{"id":240,"date":"2018-01-17T17:21:41","date_gmt":"2018-01-17T17:21:41","guid":{"rendered":"https:\/\/eliquidnicotine.co.uk\/?post_type=product&#038;p=240"},"modified":"2025-01-13T09:23:11","modified_gmt":"2025-01-13T08:23:11","slug":"nicotine-shots-20-mg-ml","status":"publish","type":"product","link":"https:\/\/eliquidnicotine.co.uk\/fr\/shop\/booster-nicotine-20-mg-ml\/","title":{"rendered":"Le booster de nicotine 20 mg\/ml"},"content":{"rendered":"<p><img loading=\"lazy\" decoding=\"async\" src=\"https:\/\/eliquidnicotine.co.uk\/wp-content\/uploads\/2017\/12\/Unknown-1.png\" alt=\"Inconnu-1\" width=\"300\" height=\"150\" \/><\/p>\n<h2>Amplificateur de nicotine pour e liquide<\/h2>\n<p>Tr\u00e8s facile \u00e0 utiliser si vous transvasez par exemple \u00e0 10 mg\/ml vous ajoutez 10 ml de base PG\/VG et ainsi de suite.<\/p>","protected":false},"excerpt":{"rendered":"<p>10 ml 20 mg\/ml pour 10 unit\u00e9s<\/p>\n<p>Bouteille suppl\u00e9mentaire gratuite pour le m\u00e9lange<\/p>","protected":false},"featured_media":241,"comment_status":"open","ping_status":"closed","template":"","meta":{"_acf_changed":false,"_genesis_hide_title":false,"_genesis_hide_breadcrumbs":false,"_genesis_hide_singular_image":false,"_genesis_hide_footer_widgets":false,"_genesis_custom_body_class":"","_genesis_custom_post_class":"","_genesis_layout":""},"product_brand":[],"product_cat":[251],"product_tag":[],"class_list":{"1":"product","2":"type-product","6":"product_cat-nicotine-shots","7":"entry","9":"first","10":"instock","11":"taxable","12":"shipping-taxable","13":"purchasable","14":"product-type-variable"},"acf":[],"_links":{"self":[{"href":"https:\/\/eliquidnicotine.co.uk\/fr\/wp-json\/wp\/v2\/product\/240","targetHints":{"allow":["GET"]}}],"collection":[{"href":"https:\/\/eliquidnicotine.co.uk\/fr\/wp-json\/wp\/v2\/product"}],"about":[{"href":"https:\/\/eliquidnicotine.co.uk\/fr\/wp-json\/wp\/v2\/types\/product"}],"replies":[{"embeddable":true,"href":"https:\/\/eliquidnicotine.co.uk\/fr\/wp-json\/wp\/v2\/comments?post=240"}],"wp:featuredmedia":[{"embeddable":true,"href":"https:\/\/eliquidnicotine.co.uk\/fr\/wp-json\/wp\/v2\/media\/241"}],"wp:attachment":[{"href":"https:\/\/eliquidnicotine.co.uk\/fr\/wp-json\/wp\/v2\/media?parent=240"}],"wp:term":[{"taxonomy":"product_brand","embeddable":true,"href":"https:\/\/eliquidnicotine.co.uk\/fr\/wp-json\/wp\/v2\/product_brand?post=240"},{"taxonomy":"product_cat","embeddable":true,"href":"https:\/\/eliquidnicotine.co.uk\/fr\/wp-json\/wp\/v2\/product_cat?post=240"},{"taxonomy":"product_tag","embeddable":true,"href":"https:\/\/eliquidnicotine.co.uk\/fr\/wp-json\/wp\/v2\/product_tag?post=240"}],"curies":[{"name":"wp","href":"https:\/\/api.w.org\/{rel}","templated":true}]}}