{"id":25154,"date":"2022-05-20T11:14:08","date_gmt":"2022-05-20T11:14:08","guid":{"rendered":"https:\/\/eliquidnicotine.co.uk\/?post_type=product&#038;p=25154"},"modified":"2025-04-02T15:30:03","modified_gmt":"2025-04-02T14:30:03","slug":"capella-juicy-peach","status":"publish","type":"product","link":"https:\/\/eliquidnicotine.co.uk\/fr\/shop\/capella-juice-peche\/","title":{"rendered":"Capella Juicy Peach"},"content":{"rendered":"<p>Capella Juicy Peach Concentrate offre l'authenticit\u00e9 du go\u00fbt des p\u00eaches fra\u00eeches, s\u00e8ches et s\u00fbres. Une liqueur de p\u00eache fra\u00eeche, qui s'\u00e9panouit en toute s\u00e9curit\u00e9, est l'une des plus grandes joies de la vie. Capella Juicy Peach Flavour Concentrate reproduit ce go\u00fbt de mani\u00e8re si parfaite qu'il est possible d'obtenir rapidement une sensation de fra\u00eecheur dans le haut du corps ! Ce concentr\u00e9 est un produit unique, mais il peut aussi \u00eatre utilis\u00e9 pour obtenir une grande vari\u00e9t\u00e9 d'ingr\u00e9dients pour le parfum. Probieren Sie es mit Capella Vanilleeis- und Himbeerkonzentraten, um eine k\u00f6stliche Pfirsich-Melba herzustellen, oder verwenden Sie Capella Sugar Cookie, um einen Pfirsich-Crumble zu kreieren.<\/p>\n<p>Empfohlener Mischungsprozentsatz : 15%<\/p>\n<p>Empfohlene Ziehzeit : Shake n' Vape<\/p>\n<p>Les concentr\u00e9s Capella sont parmi les meilleurs du monde et constituent une source de bien-\u00eatre pour les vapoteurs amateurs. Le nom de Capella est connu dans le monde entier pour son large choix d'ar\u00f4mes tr\u00e8s aromatiques, qui sont fabriqu\u00e9s avec les meilleurs ingr\u00e9dients dans sa station de production en Californie, aux \u00c9tats-Unis. Tous les centres aromatiques de Capella respectent les normes de qualit\u00e9 et de s\u00e9curit\u00e9 les plus strictes, d\u00e9finies par l'\u00c9tat de Californie.<\/p>\n<p>Inhaltsstoffe<\/p>\n<p>Ar\u00f4mes naturels et naturels, Propylenglykol, eau.<\/p>\n<p>Anmerkungen<\/p>\n<p>Nous vous conseillons d'utiliser les meilleurs centres de formation Capella avec environ 15%. 15% et de les utiliser en fonction de vos besoins personnels.<br \/>\nTous les centres de conditionnement de Capella sont des centres de conditionnement d'air.<br \/>\nIl est possible d'obtenir des diff\u00e9rences d'intensit\u00e9 lumineuse entre les diff\u00e9rentes charges des ar\u00f4mes. C'est un r\u00e9sultat naturel du processus d'harmonisation des ar\u00f4mes.<br \/>\nIl s'agit d'un ar\u00f4me particulier \u00e0 utiliser dans les liquides de bricolage. Elle ne doit pas \u00eatre remplac\u00e9e par de l'eau chaude. Tous les composants aromatiques de Capella sont \u00e0 base de PG.<br \/>\nSant\u00e9 et s\u00e9curit\u00e9<\/p>\n<p>Nous vous conseillons d'utiliser un \u00e9quipement de protection ad\u00e9quat, des poign\u00e9es de protection contre les produits chimiques, une protection contre les insectes et une brosse de protection pour l'utilisation de l'e-liquide.<\/p>","protected":false},"excerpt":{"rendered":"<p>Le concentr\u00e9 de p\u00eaches juteuses Capella offre le go\u00fbt authentique de p\u00eaches fra\u00eechement cueillies, sucr\u00e9es et juteuses. <span style=\"color: #ff0000;\">Ne pas vaper sans diluer<\/span><\/p>","protected":false},"featured_media":25985,"comment_status":"open","ping_status":"closed","template":"","meta":{"_acf_changed":false,"_genesis_hide_title":false,"_genesis_hide_breadcrumbs":false,"_genesis_hide_singular_image":false,"_genesis_hide_footer_widgets":false,"_genesis_custom_body_class":"","_genesis_custom_post_class":"","_genesis_layout":""},"product_brand":[],"product_cat":[398,573],"product_tag":[],"class_list":{"1":"product","2":"type-product","6":"product_cat-capella-flavours-for-self-mixing-10-30-and-50-ml","7":"product_cat-flavours-for-e-liquid-mixing","8":"entry","10":"first","11":"instock","12":"taxable","13":"shipping-taxable","14":"purchasable","15":"product-type-variable"},"acf":[],"_links":{"self":[{"href":"https:\/\/eliquidnicotine.co.uk\/fr\/wp-json\/wp\/v2\/product\/25154","targetHints":{"allow":["GET"]}}],"collection":[{"href":"https:\/\/eliquidnicotine.co.uk\/fr\/wp-json\/wp\/v2\/product"}],"about":[{"href":"https:\/\/eliquidnicotine.co.uk\/fr\/wp-json\/wp\/v2\/types\/product"}],"replies":[{"embeddable":true,"href":"https:\/\/eliquidnicotine.co.uk\/fr\/wp-json\/wp\/v2\/comments?post=25154"}],"wp:featuredmedia":[{"embeddable":true,"href":"https:\/\/eliquidnicotine.co.uk\/fr\/wp-json\/wp\/v2\/media\/25985"}],"wp:attachment":[{"href":"https:\/\/eliquidnicotine.co.uk\/fr\/wp-json\/wp\/v2\/media?parent=25154"}],"wp:term":[{"taxonomy":"product_brand","embeddable":true,"href":"https:\/\/eliquidnicotine.co.uk\/fr\/wp-json\/wp\/v2\/product_brand?post=25154"},{"taxonomy":"product_cat","embeddable":true,"href":"https:\/\/eliquidnicotine.co.uk\/fr\/wp-json\/wp\/v2\/product_cat?post=25154"},{"taxonomy":"product_tag","embeddable":true,"href":"https:\/\/eliquidnicotine.co.uk\/fr\/wp-json\/wp\/v2\/product_tag?post=25154"}],"curies":[{"name":"wp","href":"https:\/\/api.w.org\/{rel}","templated":true}]}}