{"id":25424,"date":"2022-04-22T11:51:41","date_gmt":"2022-04-22T11:51:41","guid":{"rendered":"https:\/\/eliquidnicotine.co.uk\/?post_type=product&#038;p=25424"},"modified":"2025-06-17T15:15:33","modified_gmt":"2025-06-17T14:15:33","slug":"genuine-burley","status":"publish","type":"product","link":"https:\/\/eliquidnicotine.co.uk\/fr\/shop\/genuine-burley\/","title":{"rendered":"Burley v\u00e9ritable"},"content":{"rendered":"","protected":false},"excerpt":{"rendered":"<p>10 ml d'ar\u00f4me d'extrait de tabac Burley pour le m\u00e9lange de e liquides.<br \/>\nLe Burley est connu pour sa tr\u00e8s faible teneur en sucre. Ses feuilles ne contiennent souvent aucun sucre naturel. Le tabac Burley a un ar\u00f4me robuste, avec un soup\u00e7on de cacao, mais n'a pas le go\u00fbt sucr\u00e9 du tabac Virginia. Son go\u00fbt est \u00e9pic\u00e9, amer, terreux et bois\u00e9.<\/p>","protected":false},"featured_media":25408,"comment_status":"open","ping_status":"closed","template":"","meta":{"_acf_changed":false,"_genesis_hide_title":false,"_genesis_hide_breadcrumbs":false,"_genesis_hide_singular_image":false,"_genesis_hide_footer_widgets":false,"_genesis_custom_body_class":"","_genesis_custom_post_class":"","_genesis_layout":""},"product_brand":[],"product_cat":[570],"product_tag":[],"class_list":{"1":"product","2":"type-product","6":"product_cat-genuine-tobacco-extract","7":"entry","9":"first","10":"outofstock","11":"taxable","12":"shipping-taxable","13":"product-type-simple"},"acf":[],"_links":{"self":[{"href":"https:\/\/eliquidnicotine.co.uk\/fr\/wp-json\/wp\/v2\/product\/25424","targetHints":{"allow":["GET"]}}],"collection":[{"href":"https:\/\/eliquidnicotine.co.uk\/fr\/wp-json\/wp\/v2\/product"}],"about":[{"href":"https:\/\/eliquidnicotine.co.uk\/fr\/wp-json\/wp\/v2\/types\/product"}],"replies":[{"embeddable":true,"href":"https:\/\/eliquidnicotine.co.uk\/fr\/wp-json\/wp\/v2\/comments?post=25424"}],"wp:featuredmedia":[{"embeddable":true,"href":"https:\/\/eliquidnicotine.co.uk\/fr\/wp-json\/wp\/v2\/media\/25408"}],"wp:attachment":[{"href":"https:\/\/eliquidnicotine.co.uk\/fr\/wp-json\/wp\/v2\/media?parent=25424"}],"wp:term":[{"taxonomy":"product_brand","embeddable":true,"href":"https:\/\/eliquidnicotine.co.uk\/fr\/wp-json\/wp\/v2\/product_brand?post=25424"},{"taxonomy":"product_cat","embeddable":true,"href":"https:\/\/eliquidnicotine.co.uk\/fr\/wp-json\/wp\/v2\/product_cat?post=25424"},{"taxonomy":"product_tag","embeddable":true,"href":"https:\/\/eliquidnicotine.co.uk\/fr\/wp-json\/wp\/v2\/product_tag?post=25424"}],"curies":[{"name":"wp","href":"https:\/\/api.w.org\/{rel}","templated":true}]}}