{"id":25425,"date":"2022-04-22T11:51:22","date_gmt":"2022-04-22T11:51:22","guid":{"rendered":"https:\/\/eliquidnicotine.co.uk\/?post_type=product&#038;p=25425"},"modified":"2025-06-17T15:15:33","modified_gmt":"2025-06-17T14:15:33","slug":"genuine-oriental","status":"publish","type":"product","link":"https:\/\/eliquidnicotine.co.uk\/fr\/shop\/authentique-oriental\/","title":{"rendered":"Orientale authentique"},"content":{"rendered":"","protected":false},"excerpt":{"rendered":"<p>10 ml de v\u00e9ritable extrait de tabac oriental pour e liquide.<br \/>\nLe tabac oriental, ou tabac turc, est une vari\u00e9t\u00e9 de tabac. Il est surtout connu pour ses ar\u00f4mes plus prononc\u00e9s que les autres vari\u00e9t\u00e9s de tabac. Il s'agit d'une vari\u00e9t\u00e9 \u00e0 petites feuilles, s\u00e9ch\u00e9es au soleil. Historiquement, il \u00e9tait cultiv\u00e9 en Thrace et en Mac\u00e9doine ; sa culture s'\u00e9tend d\u00e9sormais des c\u00f4tes grecques \u00e0 la mer Noire, en passant par la Bulgarie et le nord de la Mac\u00e9doine. Le tabac oriental est \u00e9galement cultiv\u00e9 en \u00c9gypte et en Afrique du Sud. Le go\u00fbt est doux, lourd, transpirant et herbeux.<\/p>","protected":false},"featured_media":25406,"comment_status":"open","ping_status":"closed","template":"","meta":{"_acf_changed":false,"_genesis_hide_title":false,"_genesis_hide_breadcrumbs":false,"_genesis_hide_singular_image":false,"_genesis_hide_footer_widgets":false,"_genesis_custom_body_class":"","_genesis_custom_post_class":"","_genesis_layout":""},"product_brand":[],"product_cat":[570],"product_tag":[],"class_list":{"1":"product","2":"type-product","6":"product_cat-genuine-tobacco-extract","7":"entry","9":"first","10":"outofstock","11":"taxable","12":"shipping-taxable","13":"product-type-simple"},"acf":[],"_links":{"self":[{"href":"https:\/\/eliquidnicotine.co.uk\/fr\/wp-json\/wp\/v2\/product\/25425","targetHints":{"allow":["GET"]}}],"collection":[{"href":"https:\/\/eliquidnicotine.co.uk\/fr\/wp-json\/wp\/v2\/product"}],"about":[{"href":"https:\/\/eliquidnicotine.co.uk\/fr\/wp-json\/wp\/v2\/types\/product"}],"replies":[{"embeddable":true,"href":"https:\/\/eliquidnicotine.co.uk\/fr\/wp-json\/wp\/v2\/comments?post=25425"}],"wp:featuredmedia":[{"embeddable":true,"href":"https:\/\/eliquidnicotine.co.uk\/fr\/wp-json\/wp\/v2\/media\/25406"}],"wp:attachment":[{"href":"https:\/\/eliquidnicotine.co.uk\/fr\/wp-json\/wp\/v2\/media?parent=25425"}],"wp:term":[{"taxonomy":"product_brand","embeddable":true,"href":"https:\/\/eliquidnicotine.co.uk\/fr\/wp-json\/wp\/v2\/product_brand?post=25425"},{"taxonomy":"product_cat","embeddable":true,"href":"https:\/\/eliquidnicotine.co.uk\/fr\/wp-json\/wp\/v2\/product_cat?post=25425"},{"taxonomy":"product_tag","embeddable":true,"href":"https:\/\/eliquidnicotine.co.uk\/fr\/wp-json\/wp\/v2\/product_tag?post=25425"}],"curies":[{"name":"wp","href":"https:\/\/api.w.org\/{rel}","templated":true}]}}