{"id":25426,"date":"2022-04-22T11:51:00","date_gmt":"2022-04-22T11:51:00","guid":{"rendered":"https:\/\/eliquidnicotine.co.uk\/?post_type=product&#038;p=25426"},"modified":"2025-06-17T15:15:33","modified_gmt":"2025-06-17T14:15:33","slug":"genuine-virginia","status":"publish","type":"product","link":"https:\/\/eliquidnicotine.co.uk\/fr\/shop\/genuine-virginia\/","title":{"rendered":"La Virginie authentique"},"content":{"rendered":"","protected":false},"excerpt":{"rendered":"<p>10 ml d'extrait de tabac de Virginie trait\u00e9 \u00e0 la fum\u00e9e pour e liquide.<br \/>\nApr\u00e8s la r\u00e9colte, les feuilles de tabac sont s\u00e9ch\u00e9es (cured) et ferment\u00e9es. On conna\u00eet le tabac s\u00e9ch\u00e9 \u00e0 l'air, le tabac s\u00e9ch\u00e9 au feu, le tabac s\u00e9ch\u00e9 \u00e0 la chemin\u00e9e et le tabac s\u00e9ch\u00e9 au soleil.<br \/>\nLa m\u00e9thode de s\u00e9chage influence le go\u00fbt, la force et la couleur du tabac. On obtient ainsi diff\u00e9rents types de tabac, comme le Virginia dor\u00e9 et le Burley brun. Apr\u00e8s le s\u00e9chage, le tabac doit \"reposer\" avant d'\u00eatre exp\u00e9di\u00e9 et trait\u00e9. Le go\u00fbt du tabac fum\u00e9 est d\u00e9crit comme doux, semblable \u00e0 de la paille et du foin.<\/p>","protected":false},"featured_media":25405,"comment_status":"open","ping_status":"closed","template":"","meta":{"_acf_changed":false,"_genesis_hide_title":false,"_genesis_hide_breadcrumbs":false,"_genesis_hide_singular_image":false,"_genesis_hide_footer_widgets":false,"_genesis_custom_body_class":"","_genesis_custom_post_class":"","_genesis_layout":""},"product_brand":[],"product_cat":[570],"product_tag":[],"class_list":{"1":"product","2":"type-product","6":"product_cat-genuine-tobacco-extract","7":"entry","9":"first","10":"outofstock","11":"taxable","12":"shipping-taxable","13":"product-type-simple"},"acf":[],"_links":{"self":[{"href":"https:\/\/eliquidnicotine.co.uk\/fr\/wp-json\/wp\/v2\/product\/25426","targetHints":{"allow":["GET"]}}],"collection":[{"href":"https:\/\/eliquidnicotine.co.uk\/fr\/wp-json\/wp\/v2\/product"}],"about":[{"href":"https:\/\/eliquidnicotine.co.uk\/fr\/wp-json\/wp\/v2\/types\/product"}],"replies":[{"embeddable":true,"href":"https:\/\/eliquidnicotine.co.uk\/fr\/wp-json\/wp\/v2\/comments?post=25426"}],"wp:featuredmedia":[{"embeddable":true,"href":"https:\/\/eliquidnicotine.co.uk\/fr\/wp-json\/wp\/v2\/media\/25405"}],"wp:attachment":[{"href":"https:\/\/eliquidnicotine.co.uk\/fr\/wp-json\/wp\/v2\/media?parent=25426"}],"wp:term":[{"taxonomy":"product_brand","embeddable":true,"href":"https:\/\/eliquidnicotine.co.uk\/fr\/wp-json\/wp\/v2\/product_brand?post=25426"},{"taxonomy":"product_cat","embeddable":true,"href":"https:\/\/eliquidnicotine.co.uk\/fr\/wp-json\/wp\/v2\/product_cat?post=25426"},{"taxonomy":"product_tag","embeddable":true,"href":"https:\/\/eliquidnicotine.co.uk\/fr\/wp-json\/wp\/v2\/product_tag?post=25426"}],"curies":[{"name":"wp","href":"https:\/\/api.w.org\/{rel}","templated":true}]}}