{"id":25578,"date":"2022-04-26T14:13:32","date_gmt":"2022-04-26T14:13:32","guid":{"rendered":"https:\/\/eliquidnicotine.co.uk\/?post_type=product&#038;p=25578"},"modified":"2024-08-31T12:15:24","modified_gmt":"2024-08-31T11:15:24","slug":"dvtch-strawberry-banana-650-puffs","status":"publish","type":"product","link":"https:\/\/eliquidnicotine.co.uk\/fr\/shop\/dvtch-fraise-banane-650-puffs\/","title":{"rendered":"DVTCH Fraise Banane 650 Puffs"},"content":{"rendered":"<p>Les e-cigarettes jetables DVTCH ne sont pas rechargeables ou rechargeables. L'e-cigarette a une capacit\u00e9 de 2 ml et est remplie de e-liquide \u00e0 base de sel de nicotine. La dur\u00e9e de vie de l'e-cigarette est d'environ 650 bouff\u00e9es. De plus, l'e-cigarette est \u00e9quip\u00e9e d'un m\u00e9canisme d'allumage automatique, la batterie s'allume d\u00e8s l'inhalation. Pendant l'inhalation, une lumi\u00e8re s'allume, il s'agit de l'indicateur de batterie. Lorsque le voyant de la batterie clignote, la batterie est vide. Lorsque la capsule ou la batterie est vide, la e-cigarette enti\u00e8re doit \u00eatre jet\u00e9e.<br \/>\nLes e-cigarettes jetables DVTCH Amsterdam sont fabriqu\u00e9es en Europe et sont accompagn\u00e9es d'une notice qui sert de guide pour une utilisation correcte de ce produit.<br \/>\n*Ce produit contient des ar\u00f4mes artificiels pour obtenir le go\u00fbt.<\/p>","protected":false},"excerpt":{"rendered":"<p>DVTCH Amsterdam - Strawberry Banana (1pc = 20mg\/ml).<br \/>\nDescription de la saveur (fabricant) : Fraise, banane avec un ajout de menthe (refroidisseur).<br \/>\nTeneur en nicotine : 20mg\/ml<\/p>","protected":false},"featured_media":27457,"comment_status":"open","ping_status":"closed","template":"","meta":{"_acf_changed":false,"_genesis_hide_title":false,"_genesis_hide_breadcrumbs":false,"_genesis_hide_singular_image":false,"_genesis_hide_footer_widgets":false,"_genesis_custom_body_class":"","_genesis_custom_post_class":"","_genesis_layout":""},"product_brand":[],"product_cat":[587,590],"product_tag":[],"class_list":{"1":"product","2":"type-product","6":"product_cat-disposables","7":"product_cat-dvtch","8":"entry","10":"first","11":"outofstock","12":"taxable","13":"shipping-taxable","14":"product-type-variable"},"acf":[],"_links":{"self":[{"href":"https:\/\/eliquidnicotine.co.uk\/fr\/wp-json\/wp\/v2\/product\/25578","targetHints":{"allow":["GET"]}}],"collection":[{"href":"https:\/\/eliquidnicotine.co.uk\/fr\/wp-json\/wp\/v2\/product"}],"about":[{"href":"https:\/\/eliquidnicotine.co.uk\/fr\/wp-json\/wp\/v2\/types\/product"}],"replies":[{"embeddable":true,"href":"https:\/\/eliquidnicotine.co.uk\/fr\/wp-json\/wp\/v2\/comments?post=25578"}],"wp:featuredmedia":[{"embeddable":true,"href":"https:\/\/eliquidnicotine.co.uk\/fr\/wp-json\/wp\/v2\/media\/27457"}],"wp:attachment":[{"href":"https:\/\/eliquidnicotine.co.uk\/fr\/wp-json\/wp\/v2\/media?parent=25578"}],"wp:term":[{"taxonomy":"product_brand","embeddable":true,"href":"https:\/\/eliquidnicotine.co.uk\/fr\/wp-json\/wp\/v2\/product_brand?post=25578"},{"taxonomy":"product_cat","embeddable":true,"href":"https:\/\/eliquidnicotine.co.uk\/fr\/wp-json\/wp\/v2\/product_cat?post=25578"},{"taxonomy":"product_tag","embeddable":true,"href":"https:\/\/eliquidnicotine.co.uk\/fr\/wp-json\/wp\/v2\/product_tag?post=25578"}],"curies":[{"name":"wp","href":"https:\/\/api.w.org\/{rel}","templated":true}]}}