{"id":25981,"date":"2022-05-18T12:52:43","date_gmt":"2022-05-18T12:52:43","guid":{"rendered":"https:\/\/eliquidnicotine.co.uk\/?post_type=product&#038;p=25981"},"modified":"2025-04-02T15:29:34","modified_gmt":"2025-04-02T14:29:34","slug":"capella-maple-syrup","status":"publish","type":"product","link":"https:\/\/eliquidnicotine.co.uk\/fr\/shop\/capella-maple-syrup\/","title":{"rendered":"Sirop d'\u00e9rable Capella"},"content":{"rendered":"<p>Le concentr\u00e9 de sirop d'\u00e9rable (pour cr\u00eapes) Capella offre le go\u00fbt riche et sucr\u00e9 unique de la garniture classique des cr\u00eapes am\u00e9ricaines. Le sirop d'\u00e9rable est tr\u00e8s populaire aux \u00c9tats-Unis et au Canada, o\u00f9 il est fabriqu\u00e9 \u00e0 partir de la s\u00e8ve bouillie de l'\u00e9rable. Le concentr\u00e9 de sirop d'\u00e9rable Capella (sirop pour cr\u00eapes) peut ajouter un peu de luxe \u00e0 la pr\u00e9paration des cr\u00eapes, des gaufres ou de la cr\u00e8me glac\u00e9e ; essayez-le comme exhausteur de go\u00fbt pour les recettes o\u00f9 il peut apporter une profondeur suppl\u00e9mentaire. Pour profiter pleinement de cette saveur, nous vous recommandons de laisser vos e-liquides infuser pendant quelques jours pour permettre au sirop d'\u00e9rable de d\u00e9velopper toute sa richesse.<\/p>\n<p>Pourcentage de m\u00e9lange recommand\u00e9 : 0,1% - 1%.<\/p>\n<p>Dur\u00e9e d'infusion recommand\u00e9e : 1 semaine<\/p>\n<p>Les concentr\u00e9s Capella sont parmi les meilleurs au monde et jouissent d'une r\u00e9putation bien m\u00e9rit\u00e9e aupr\u00e8s des fumeurs bricoleurs. Le nom de Capella est r\u00e9put\u00e9 dans le monde entier pour sa large gamme d'ar\u00f4mes savoureux fabriqu\u00e9s \u00e0 partir des meilleurs ingr\u00e9dients dans son usine de production en Californie, aux \u00c9tats-Unis. Tous les concentr\u00e9s d'ar\u00f4mes Capella r\u00e9pondent aux normes de qualit\u00e9 et de puret\u00e9 les plus strictes impos\u00e9es par l'\u00c9tat de Californie.<\/p>\n<p>Ingr\u00e9dients<\/p>\n<p>Ar\u00f4mes naturels et artificiels, propyl\u00e8ne glycol.<\/p>\n<p>Notes<\/p>\n<p>Nous recommandons de m\u00e9langer la plupart des concentr\u00e9s Capella avec environ 15% au d\u00e9part, puis d'ajuster selon votre go\u00fbt personnel.<br \/>\nTous les concentr\u00e9s Capella sont \u00e0 base de PG.<br \/>\nIl peut y avoir des diff\u00e9rences de couleur notables entre les diff\u00e9rents lots d'un m\u00eame ar\u00f4me. Il s'agit d'un r\u00e9sultat naturel du processus de cr\u00e9ation de l'ar\u00f4me.<br \/>\nIl s'agit d'un ar\u00f4me concentr\u00e9 \u00e0 m\u00e9langer dans un e-liquide de bricolage. Il ne doit pas \u00eatre vaporis\u00e9 non dilu\u00e9. Tous les concentr\u00e9s d'ar\u00f4mes Capella sont \u00e0 base de PG.<br \/>\nSant\u00e9 et s\u00e9curit\u00e9<\/p>\n<p>Nous vous recommandons de porter des v\u00eatements de protection appropri\u00e9s, des gants r\u00e9sistant aux produits chimiques, une protection respiratoire et des lunettes de s\u00e9curit\u00e9 lorsque vous m\u00e9langez du e-liquide.<\/p>","protected":false},"excerpt":{"rendered":"<p>Le concentr\u00e9 de sirop d'\u00e9rable (pancake) Capella offre le go\u00fbt unique, riche et sucr\u00e9 de la garniture classique des pancakes am\u00e9ricains. Ne pas vaporiser sans diluer<\/p>","protected":false},"featured_media":25991,"comment_status":"open","ping_status":"closed","template":"","meta":{"_acf_changed":false,"_genesis_hide_title":false,"_genesis_hide_breadcrumbs":false,"_genesis_hide_singular_image":false,"_genesis_hide_footer_widgets":false,"_genesis_custom_body_class":"","_genesis_custom_post_class":"","_genesis_layout":""},"product_brand":[],"product_cat":[398,573],"product_tag":[],"class_list":{"1":"product","2":"type-product","6":"product_cat-capella-flavours-for-self-mixing-10-30-and-50-ml","7":"product_cat-flavours-for-e-liquid-mixing","8":"entry","10":"first","11":"outofstock","12":"taxable","13":"shipping-taxable","14":"purchasable","15":"product-type-variable"},"acf":[],"_links":{"self":[{"href":"https:\/\/eliquidnicotine.co.uk\/fr\/wp-json\/wp\/v2\/product\/25981","targetHints":{"allow":["GET"]}}],"collection":[{"href":"https:\/\/eliquidnicotine.co.uk\/fr\/wp-json\/wp\/v2\/product"}],"about":[{"href":"https:\/\/eliquidnicotine.co.uk\/fr\/wp-json\/wp\/v2\/types\/product"}],"replies":[{"embeddable":true,"href":"https:\/\/eliquidnicotine.co.uk\/fr\/wp-json\/wp\/v2\/comments?post=25981"}],"wp:featuredmedia":[{"embeddable":true,"href":"https:\/\/eliquidnicotine.co.uk\/fr\/wp-json\/wp\/v2\/media\/25991"}],"wp:attachment":[{"href":"https:\/\/eliquidnicotine.co.uk\/fr\/wp-json\/wp\/v2\/media?parent=25981"}],"wp:term":[{"taxonomy":"product_brand","embeddable":true,"href":"https:\/\/eliquidnicotine.co.uk\/fr\/wp-json\/wp\/v2\/product_brand?post=25981"},{"taxonomy":"product_cat","embeddable":true,"href":"https:\/\/eliquidnicotine.co.uk\/fr\/wp-json\/wp\/v2\/product_cat?post=25981"},{"taxonomy":"product_tag","embeddable":true,"href":"https:\/\/eliquidnicotine.co.uk\/fr\/wp-json\/wp\/v2\/product_tag?post=25981"}],"curies":[{"name":"wp","href":"https:\/\/api.w.org\/{rel}","templated":true}]}}