{"id":26488,"date":"2022-06-08T15:21:04","date_gmt":"2022-06-08T15:21:04","guid":{"rendered":"https:\/\/eliquidnicotine.co.uk\/?post_type=product&#038;p=26488"},"modified":"2024-09-18T12:44:45","modified_gmt":"2024-09-18T11:44:45","slug":"genuine-burley-100-ml","status":"publish","type":"product","link":"https:\/\/eliquidnicotine.co.uk\/fr\/shop\/genuine-burley-100-ml\/","title":{"rendered":"Burley v\u00e9ritable 100 ML"},"content":{"rendered":"<p>Le tabac Burley est une forme de tabac l\u00e9ger, dor\u00e9 ou jaune, s\u00e9ch\u00e9 \u00e0 l'air. Bien qu'il ait souvent une couleur plus claire que les autres types de tabac, il a un go\u00fbt plus dense, semblable \u00e0 celui d'un cigare. Cela est probablement d\u00fb \u00e0 la faible teneur en sucre du tabac burley.<\/p>\n<p>Du sucre est souvent ajout\u00e9 au tabac burley pour adoucir sa saveur intense et sombre. Il est \u00e9galement associ\u00e9 \u00e0 d'autres types de tabac pour produire une fum\u00e9e m\u00e9lang\u00e9e, \u00e9quilibr\u00e9e et savoureuse.<\/p>\n<p>Bien que les gens cultivent le tabac depuis des si\u00e8cles, le tabac Burley n'a pas gagn\u00e9 en popularit\u00e9 avant la fin des ann\u00e9es 1800. Cependant, il a rapidement \u00e9t\u00e9 interdit au Canada en raison de sa teneur en sucre.<\/p>\n<p>Il n'est pas aussi intense que le tabac turc, qui est connu dans le monde entier pour sa saveur, mais le tabac Burley frappe beaucoup plus fort que la plupart des tabacs s\u00e9ch\u00e9s \u00e0 la flamme. C'est pourquoi il est souvent utilis\u00e9 par les amateurs de pipe qui appr\u00e9cient une fum\u00e9e riche et profonde.<\/p>","protected":false},"excerpt":{"rendered":"<p>Burley v\u00e9ritable 100 ml shortfill<br \/>\ne-liquide \u00e0 l'extrait de tabac v\u00e9ritable<br \/>\n1 Shot = 2 mg\/ml<br \/>\n2 Shots = 4 mg\/ml<br \/>\n3 Shots = 6 mg\/ml<\/p>","protected":false},"featured_media":26477,"comment_status":"open","ping_status":"closed","template":"","meta":{"_acf_changed":false,"_genesis_hide_title":false,"_genesis_hide_breadcrumbs":false,"_genesis_hide_singular_image":false,"_genesis_hide_footer_widgets":false,"_genesis_custom_body_class":"","_genesis_custom_post_class":"","_genesis_layout":""},"product_brand":[],"product_cat":[588],"product_tag":[],"class_list":{"1":"product","2":"type-product","6":"product_cat-genuine-100-ml-shortfill","7":"entry","9":"first","10":"outofstock","11":"taxable","12":"shipping-taxable","13":"product-type-variable"},"acf":[],"_links":{"self":[{"href":"https:\/\/eliquidnicotine.co.uk\/fr\/wp-json\/wp\/v2\/product\/26488","targetHints":{"allow":["GET"]}}],"collection":[{"href":"https:\/\/eliquidnicotine.co.uk\/fr\/wp-json\/wp\/v2\/product"}],"about":[{"href":"https:\/\/eliquidnicotine.co.uk\/fr\/wp-json\/wp\/v2\/types\/product"}],"replies":[{"embeddable":true,"href":"https:\/\/eliquidnicotine.co.uk\/fr\/wp-json\/wp\/v2\/comments?post=26488"}],"wp:featuredmedia":[{"embeddable":true,"href":"https:\/\/eliquidnicotine.co.uk\/fr\/wp-json\/wp\/v2\/media\/26477"}],"wp:attachment":[{"href":"https:\/\/eliquidnicotine.co.uk\/fr\/wp-json\/wp\/v2\/media?parent=26488"}],"wp:term":[{"taxonomy":"product_brand","embeddable":true,"href":"https:\/\/eliquidnicotine.co.uk\/fr\/wp-json\/wp\/v2\/product_brand?post=26488"},{"taxonomy":"product_cat","embeddable":true,"href":"https:\/\/eliquidnicotine.co.uk\/fr\/wp-json\/wp\/v2\/product_cat?post=26488"},{"taxonomy":"product_tag","embeddable":true,"href":"https:\/\/eliquidnicotine.co.uk\/fr\/wp-json\/wp\/v2\/product_tag?post=26488"}],"curies":[{"name":"wp","href":"https:\/\/api.w.org\/{rel}","templated":true}]}}