{"id":26571,"date":"2022-06-13T08:01:51","date_gmt":"2022-06-13T08:01:51","guid":{"rendered":"https:\/\/eliquidnicotine.co.uk\/?post_type=product&#038;p=26571"},"modified":"2024-09-18T12:44:45","modified_gmt":"2024-09-18T11:44:45","slug":"genuine-oriental-100-ml","status":"publish","type":"product","link":"https:\/\/eliquidnicotine.co.uk\/fr\/shop\/authentique-oriental-100-ml\/","title":{"rendered":"Oriental authentique 100 ML"},"content":{"rendered":"<p>Le tabac oriental est \u00e9galement appel\u00e9 turc. Le nom \"turc\" fait r\u00e9f\u00e9rence \u00e0 l'Empire ottoman.\u00e9galement appel\u00e9 tabac turc. Le nom \"turc\" fait r\u00e9f\u00e9rence \u00e0 l'Empire ottoman, qui contr\u00f4lait les zones de culture r\u00e9gionales entre le XIXe et le XXe si\u00e8cle. Il est de nature intens\u00e9ment aromatique et \u00e0 petites feuilles.<br \/>\nProcessus de s\u00e9chage au soleil du tabac oriental<br \/>\nL'Oriental utilise le proc\u00e9d\u00e9 de s\u00e9chage au soleil. Il est originaire de Bulgarie, de Gr\u00e8ce et de Turquie, mais il est d\u00e9sormais \u00e9galement cultiv\u00e9 en \u00c9gypte et en Afrique du Sud.<br \/>\nLe processus de s\u00e9chage au soleil du tabac oriental.<\/p>","protected":false},"excerpt":{"rendered":"<p>Oriental authentique 100 ml Shortfill<br \/>\n1 Shot = 2 mg\/ml<br \/>\n2 Shots = 4 mg\/ml<br \/>\n3 Shots = 6 mg\/ml<\/p>","protected":false},"featured_media":26475,"comment_status":"open","ping_status":"closed","template":"","meta":{"_acf_changed":false,"_genesis_hide_title":false,"_genesis_hide_breadcrumbs":false,"_genesis_hide_singular_image":false,"_genesis_hide_footer_widgets":false,"_genesis_custom_body_class":"","_genesis_custom_post_class":"","_genesis_layout":""},"product_brand":[],"product_cat":[588],"product_tag":[],"class_list":{"1":"product","2":"type-product","6":"product_cat-genuine-100-ml-shortfill","7":"entry","9":"first","10":"outofstock","11":"taxable","12":"shipping-taxable","13":"product-type-variable"},"acf":[],"_links":{"self":[{"href":"https:\/\/eliquidnicotine.co.uk\/fr\/wp-json\/wp\/v2\/product\/26571","targetHints":{"allow":["GET"]}}],"collection":[{"href":"https:\/\/eliquidnicotine.co.uk\/fr\/wp-json\/wp\/v2\/product"}],"about":[{"href":"https:\/\/eliquidnicotine.co.uk\/fr\/wp-json\/wp\/v2\/types\/product"}],"replies":[{"embeddable":true,"href":"https:\/\/eliquidnicotine.co.uk\/fr\/wp-json\/wp\/v2\/comments?post=26571"}],"wp:featuredmedia":[{"embeddable":true,"href":"https:\/\/eliquidnicotine.co.uk\/fr\/wp-json\/wp\/v2\/media\/26475"}],"wp:attachment":[{"href":"https:\/\/eliquidnicotine.co.uk\/fr\/wp-json\/wp\/v2\/media?parent=26571"}],"wp:term":[{"taxonomy":"product_brand","embeddable":true,"href":"https:\/\/eliquidnicotine.co.uk\/fr\/wp-json\/wp\/v2\/product_brand?post=26571"},{"taxonomy":"product_cat","embeddable":true,"href":"https:\/\/eliquidnicotine.co.uk\/fr\/wp-json\/wp\/v2\/product_cat?post=26571"},{"taxonomy":"product_tag","embeddable":true,"href":"https:\/\/eliquidnicotine.co.uk\/fr\/wp-json\/wp\/v2\/product_tag?post=26571"}],"curies":[{"name":"wp","href":"https:\/\/api.w.org\/{rel}","templated":true}]}}