{"id":26573,"date":"2022-06-13T08:11:38","date_gmt":"2022-06-13T08:11:38","guid":{"rendered":"https:\/\/eliquidnicotine.co.uk\/?post_type=product&#038;p=26573"},"modified":"2024-09-18T12:44:45","modified_gmt":"2024-09-18T11:44:45","slug":"genuine-virginia-100-ml","status":"publish","type":"product","link":"https:\/\/eliquidnicotine.co.uk\/fr\/shop\/genuine-virginia-100-ml\/","title":{"rendered":"Virginie authentique 100 ML"},"content":{"rendered":"<p>Le flue-cured est \u00e9galement appel\u00e9 tabac de Virginie ou \"tabac l\u00e9ger\". Il s'agit d'une vari\u00e9t\u00e9 de tabac qui \u00e9tait traditionnellement suspendue \u00e0 des poteaux ou \u00e0 des chevrons dans des granges sombres. Cette vari\u00e9t\u00e9 de tabac tire son surnom de l'\u00c9tat am\u00e9ricain de Virginie, o\u00f9 elle a \u00e9t\u00e9 cultiv\u00e9e pour la premi\u00e8re fois il y a de nombreuses ann\u00e9es.<\/p>\n<p>Le tabac Burley a tendance \u00e0 foncer au cours du processus de s\u00e9chage \u00e0 l'air, mais ce tabac est en fait de couleur assez claire. Cette l\u00e9g\u00e8ret\u00e9 se refl\u00e8te dans son go\u00fbt, qui est beaucoup plus doux et plus vif que celui du tabac Burley. En outre, alors que le tabac Burley s\u00e8che \u00e0 l'air frais et froid, le tabac flue-cured a besoin de pi\u00e8ces chaudes et sombres pour s\u00e9cher.<\/p>\n<p>Il est cultiv\u00e9 aux \u00c9tats-Unis depuis plus longtemps que le tabac Burley. C'\u00e9tait une culture d'exportation tellement importante pour les premiers colons qu'ils en ont plant\u00e9 des centaines d'hectares. Cela a entra\u00een\u00e9 un grave appauvrissement du sol et une d\u00e9forestation cons\u00e9quente.<\/p>\n<p>Bien que ce ne soit pas une bonne nouvelle, cela montre \u00e0 quel point la Virginie fum\u00e9e \u00e9tait populaire il y a plus de cent ans.<\/p>\n<p>Le Flue-cured a tendance \u00e0 avoir moins de moisissures que les autres tabacs. Il a une faible teneur en nicotine et une forte teneur en sucre, ce qui en fait un choix id\u00e9al pour les m\u00e9langes de cigarettes onctueux. C'est l'une des options les plus populaires pour ceux qui veulent cr\u00e9er leur propre m\u00e9lange de vari\u00e9t\u00e9s.<\/p>","protected":false},"excerpt":{"rendered":"<p>V\u00e9ritable Virginie 100 ml shortfill<br \/>\ne-liquide \u00e0 l'extrait de tabac v\u00e9ritable<br \/>\n1 Shot = 2 mg\/ml<br \/>\n2 Shots = 4 mg\/ml<br \/>\n3 Shots = 6 mg\/ml<\/p>","protected":false},"featured_media":26479,"comment_status":"open","ping_status":"closed","template":"","meta":{"_acf_changed":false,"_genesis_hide_title":false,"_genesis_hide_breadcrumbs":false,"_genesis_hide_singular_image":false,"_genesis_hide_footer_widgets":false,"_genesis_custom_body_class":"","_genesis_custom_post_class":"","_genesis_layout":""},"product_brand":[],"product_cat":[588],"product_tag":[],"class_list":{"1":"product","2":"type-product","6":"product_cat-genuine-100-ml-shortfill","7":"entry","9":"first","10":"outofstock","11":"taxable","12":"shipping-taxable","13":"product-type-variable"},"acf":[],"_links":{"self":[{"href":"https:\/\/eliquidnicotine.co.uk\/fr\/wp-json\/wp\/v2\/product\/26573","targetHints":{"allow":["GET"]}}],"collection":[{"href":"https:\/\/eliquidnicotine.co.uk\/fr\/wp-json\/wp\/v2\/product"}],"about":[{"href":"https:\/\/eliquidnicotine.co.uk\/fr\/wp-json\/wp\/v2\/types\/product"}],"replies":[{"embeddable":true,"href":"https:\/\/eliquidnicotine.co.uk\/fr\/wp-json\/wp\/v2\/comments?post=26573"}],"wp:featuredmedia":[{"embeddable":true,"href":"https:\/\/eliquidnicotine.co.uk\/fr\/wp-json\/wp\/v2\/media\/26479"}],"wp:attachment":[{"href":"https:\/\/eliquidnicotine.co.uk\/fr\/wp-json\/wp\/v2\/media?parent=26573"}],"wp:term":[{"taxonomy":"product_brand","embeddable":true,"href":"https:\/\/eliquidnicotine.co.uk\/fr\/wp-json\/wp\/v2\/product_brand?post=26573"},{"taxonomy":"product_cat","embeddable":true,"href":"https:\/\/eliquidnicotine.co.uk\/fr\/wp-json\/wp\/v2\/product_cat?post=26573"},{"taxonomy":"product_tag","embeddable":true,"href":"https:\/\/eliquidnicotine.co.uk\/fr\/wp-json\/wp\/v2\/product_tag?post=26573"}],"curies":[{"name":"wp","href":"https:\/\/api.w.org\/{rel}","templated":true}]}}