{"id":27022,"date":"2022-06-29T13:11:37","date_gmt":"2022-06-29T13:11:37","guid":{"rendered":"https:\/\/eliquidnicotine.co.uk\/?post_type=product&#038;p=27022"},"modified":"2024-11-27T14:34:19","modified_gmt":"2024-11-27T13:34:19","slug":"i-vg-bar-mango-lychee","status":"publish","type":"product","link":"https:\/\/eliquidnicotine.co.uk\/fr\/shop\/i-vg-bar-mango-lychee\/","title":{"rendered":"I VG BAR Mango Lychee"},"content":{"rendered":"<p>Les e-cigarettes jetables IVG ne sont pas rechargeables ou rechargeables. L'e-cigarette a une capacit\u00e9 de 2 ml et est remplie de e-liquide \u00e0 base de sel de nicotine. La dur\u00e9e de vie de l'e-cigarette est d'environ 800 bouff\u00e9es. De plus, l'e-cigarette est \u00e9quip\u00e9e d'un m\u00e9canisme d'allumage automatique, la batterie s'allume d\u00e8s l'inhalation. Pendant l'inhalation, une lumi\u00e8re s'allume, il s'agit de l'indicateur de batterie. Lorsque le voyant de la batterie clignote, la batterie est vide. Lorsque la capsule ou la batterie est vide, la e-cigarette enti\u00e8re doit \u00eatre jet\u00e9e.<br \/>\nLes e-cigarettes jetables IVG Bar Plus sont fabriqu\u00e9es en Angleterre et sont accompagn\u00e9es d'une notice d'utilisation pour vous guider dans l'utilisation correcte de ce produit.<br \/>\n*Ce produit contient des ar\u00f4mes artificiels pour obtenir le go\u00fbt.<br \/>\nMarque IVG<br \/>\nRapport e-liquide 50%PG \/ 50%VG<br \/>\nFabriqu\u00e9 en Angleterre<\/p>","protected":false},"excerpt":{"rendered":"<p>IVG jetable - Mangue-Lychee (1 pi\u00e8ce = 20mg\/ml).<br \/>\nDescription de la saveur (fabricant) : un m\u00e9lange de saveurs rappelant la mangue et le litchi.<br \/>\nTeneur en nicotine : 20mg\/ml<\/p>","protected":false},"featured_media":26716,"comment_status":"open","ping_status":"closed","template":"","meta":{"_acf_changed":false,"_genesis_hide_title":false,"_genesis_hide_breadcrumbs":false,"_genesis_hide_singular_image":false,"_genesis_hide_footer_widgets":false,"_genesis_custom_body_class":"","_genesis_custom_post_class":"","_genesis_layout":""},"product_brand":[],"product_cat":[587,593],"product_tag":[],"class_list":{"1":"product","2":"type-product","6":"product_cat-disposables","7":"product_cat-i-vg-bar","8":"entry","10":"first","11":"outofstock","12":"taxable","13":"shipping-taxable","14":"product-type-variable"},"acf":[],"_links":{"self":[{"href":"https:\/\/eliquidnicotine.co.uk\/fr\/wp-json\/wp\/v2\/product\/27022","targetHints":{"allow":["GET"]}}],"collection":[{"href":"https:\/\/eliquidnicotine.co.uk\/fr\/wp-json\/wp\/v2\/product"}],"about":[{"href":"https:\/\/eliquidnicotine.co.uk\/fr\/wp-json\/wp\/v2\/types\/product"}],"replies":[{"embeddable":true,"href":"https:\/\/eliquidnicotine.co.uk\/fr\/wp-json\/wp\/v2\/comments?post=27022"}],"wp:featuredmedia":[{"embeddable":true,"href":"https:\/\/eliquidnicotine.co.uk\/fr\/wp-json\/wp\/v2\/media\/26716"}],"wp:attachment":[{"href":"https:\/\/eliquidnicotine.co.uk\/fr\/wp-json\/wp\/v2\/media?parent=27022"}],"wp:term":[{"taxonomy":"product_brand","embeddable":true,"href":"https:\/\/eliquidnicotine.co.uk\/fr\/wp-json\/wp\/v2\/product_brand?post=27022"},{"taxonomy":"product_cat","embeddable":true,"href":"https:\/\/eliquidnicotine.co.uk\/fr\/wp-json\/wp\/v2\/product_cat?post=27022"},{"taxonomy":"product_tag","embeddable":true,"href":"https:\/\/eliquidnicotine.co.uk\/fr\/wp-json\/wp\/v2\/product_tag?post=27022"}],"curies":[{"name":"wp","href":"https:\/\/api.w.org\/{rel}","templated":true}]}}