{"id":27046,"date":"2022-06-29T12:53:49","date_gmt":"2022-06-29T12:53:49","guid":{"rendered":"https:\/\/eliquidnicotine.co.uk\/?post_type=product&#038;p=27046"},"modified":"2024-04-02T12:07:57","modified_gmt":"2024-04-02T11:07:57","slug":"upbar-passion-fruit","status":"publish","type":"product","link":"https:\/\/eliquidnicotine.co.uk\/fr\/shop\/upbar-fruit-de-la-passion\/","title":{"rendered":"UpBAR Fruit de la passion"},"content":{"rendered":"<p>Les e-cigarettes jetables Upends ne sont pas rechargeables ou rechargeables. L'e-cigarette a une capacit\u00e9 de 2 ml et est remplie de e-liquide \u00e0 base de sel de nicotine. La dur\u00e9e de vie de l'e-cigarette est d'environ 500 bouff\u00e9es. De plus, l'e-cigarette est \u00e9quip\u00e9e d'un m\u00e9canisme d'allumage automatique, la batterie s'allume d\u00e8s l'inhalation. Pendant l'inhalation, une lumi\u00e8re s'allume sur le fond, c'est l'indicateur de la batterie. Lorsque le pod ou la batterie (400mAh) est vide, il faut jeter l'e-cigarette enti\u00e8re.<br \/>\nLes e-cigarettes jetables Upends Upbar sont fabriqu\u00e9es en Asie et sont accompagn\u00e9es d'une notice d'utilisation qui sert de guide pour la bonne utilisation de ce produit.<br \/>\n*Ce produit contient des ar\u00f4mes artificiels pour obtenir le go\u00fbt.<br \/>\nMarque invers\u00e9e<br \/>\nRapport e-liquide 50%PG \/ 50%VG<br \/>\nFabriqu\u00e9 en Asie<br \/>\nContenu 2ml.<br \/>\nBase PG\/VG\/Aroma\/NicSalt.<br \/>\nNiveaux de nicotine disponibles High+ (20mg\/ml)<\/p>","protected":false},"excerpt":{"rendered":"<p>Upends Upbar jetable - Fruit de la passion (1 pi\u00e8ce = 20mg\/ml).<br \/>\nDescription de la saveur (fabricant) : fruit de la passion jaune.<br \/>\nTeneur en nicotine : 20mg\/ml<\/p>","protected":false},"featured_media":26732,"comment_status":"open","ping_status":"closed","template":"","meta":{"_acf_changed":false,"_genesis_hide_title":false,"_genesis_hide_breadcrumbs":false,"_genesis_hide_singular_image":false,"_genesis_hide_footer_widgets":false,"_genesis_custom_body_class":"","_genesis_custom_post_class":"","_genesis_layout":""},"product_brand":[],"product_cat":[587,591],"product_tag":[],"class_list":{"1":"product","2":"type-product","6":"product_cat-disposables","7":"product_cat-upbar","8":"entry","10":"first","11":"outofstock","12":"taxable","13":"shipping-taxable","14":"product-type-variable"},"acf":[],"_links":{"self":[{"href":"https:\/\/eliquidnicotine.co.uk\/fr\/wp-json\/wp\/v2\/product\/27046","targetHints":{"allow":["GET"]}}],"collection":[{"href":"https:\/\/eliquidnicotine.co.uk\/fr\/wp-json\/wp\/v2\/product"}],"about":[{"href":"https:\/\/eliquidnicotine.co.uk\/fr\/wp-json\/wp\/v2\/types\/product"}],"replies":[{"embeddable":true,"href":"https:\/\/eliquidnicotine.co.uk\/fr\/wp-json\/wp\/v2\/comments?post=27046"}],"wp:featuredmedia":[{"embeddable":true,"href":"https:\/\/eliquidnicotine.co.uk\/fr\/wp-json\/wp\/v2\/media\/26732"}],"wp:attachment":[{"href":"https:\/\/eliquidnicotine.co.uk\/fr\/wp-json\/wp\/v2\/media?parent=27046"}],"wp:term":[{"taxonomy":"product_brand","embeddable":true,"href":"https:\/\/eliquidnicotine.co.uk\/fr\/wp-json\/wp\/v2\/product_brand?post=27046"},{"taxonomy":"product_cat","embeddable":true,"href":"https:\/\/eliquidnicotine.co.uk\/fr\/wp-json\/wp\/v2\/product_cat?post=27046"},{"taxonomy":"product_tag","embeddable":true,"href":"https:\/\/eliquidnicotine.co.uk\/fr\/wp-json\/wp\/v2\/product_tag?post=27046"}],"curies":[{"name":"wp","href":"https:\/\/api.w.org\/{rel}","templated":true}]}}