{"id":27102,"date":"2022-06-29T13:01:28","date_gmt":"2022-06-29T13:01:28","guid":{"rendered":"https:\/\/eliquidnicotine.co.uk\/?post_type=product&#038;p=27102"},"modified":"2024-08-31T12:15:23","modified_gmt":"2024-08-31T11:15:23","slug":"dvtch-van-gogh","status":"publish","type":"product","link":"https:\/\/eliquidnicotine.co.uk\/fr\/shop\/dvtch-van-gogh\/","title":{"rendered":"DVTCH Van Gogh"},"content":{"rendered":"<p>Les e-cigarettes jetables de DVTCH ne sont pas rechargeables ou rechargeables. L'e-cigarette a une capacit\u00e9 de 2 ml et est remplie de e-liquide aux sels de nicotine. La dur\u00e9e de vie de l'e-cigarette est d'environ 650 bouff\u00e9es. De plus, l'e-cigarette est \u00e9quip\u00e9e d'un m\u00e9canisme d'allumage automatique, la batterie s'allume d\u00e8s l'inhalation. Pendant l'inhalation, une lumi\u00e8re s'allume, il s'agit de l'indicateur de batterie. Lorsque le voyant de la batterie clignote, la batterie est vide. Lorsque la capsule ou la batterie est vide, la e-cigarette enti\u00e8re doit \u00eatre jet\u00e9e.<br \/>\nLes e-cigarettes jetables DVTCH Amsterdam sont fabriqu\u00e9es en Europe et sont accompagn\u00e9es d'une notice d'utilisation pour vous guider dans l'utilisation correcte de ce produit.<br \/>\n*Ce produit contient des ar\u00f4mes artificiels pour obtenir le go\u00fbt.<\/p>","protected":false},"excerpt":{"rendered":"<p>DVTCH Amsterdam - Van Gogh (1 pi\u00e8ce = 20mg\/ml)<br \/>\nDescription de l'ar\u00f4me (fabricant) : Tabac avec de la vanille, du caramel et de la noisette.<br \/>\nTeneur en nicotine : 20mg\/ml<\/p>","protected":false},"featured_media":27106,"comment_status":"open","ping_status":"closed","template":"","meta":{"_acf_changed":false,"_genesis_hide_title":false,"_genesis_hide_breadcrumbs":false,"_genesis_hide_singular_image":false,"_genesis_hide_footer_widgets":false,"_genesis_custom_body_class":"","_genesis_custom_post_class":"","_genesis_layout":""},"product_brand":[],"product_cat":[587,590],"product_tag":[],"class_list":{"1":"product","2":"type-product","6":"product_cat-disposables","7":"product_cat-dvtch","8":"entry","10":"first","11":"outofstock","12":"taxable","13":"shipping-taxable","14":"product-type-variable"},"acf":[],"_links":{"self":[{"href":"https:\/\/eliquidnicotine.co.uk\/fr\/wp-json\/wp\/v2\/product\/27102","targetHints":{"allow":["GET"]}}],"collection":[{"href":"https:\/\/eliquidnicotine.co.uk\/fr\/wp-json\/wp\/v2\/product"}],"about":[{"href":"https:\/\/eliquidnicotine.co.uk\/fr\/wp-json\/wp\/v2\/types\/product"}],"replies":[{"embeddable":true,"href":"https:\/\/eliquidnicotine.co.uk\/fr\/wp-json\/wp\/v2\/comments?post=27102"}],"wp:featuredmedia":[{"embeddable":true,"href":"https:\/\/eliquidnicotine.co.uk\/fr\/wp-json\/wp\/v2\/media\/27106"}],"wp:attachment":[{"href":"https:\/\/eliquidnicotine.co.uk\/fr\/wp-json\/wp\/v2\/media?parent=27102"}],"wp:term":[{"taxonomy":"product_brand","embeddable":true,"href":"https:\/\/eliquidnicotine.co.uk\/fr\/wp-json\/wp\/v2\/product_brand?post=27102"},{"taxonomy":"product_cat","embeddable":true,"href":"https:\/\/eliquidnicotine.co.uk\/fr\/wp-json\/wp\/v2\/product_cat?post=27102"},{"taxonomy":"product_tag","embeddable":true,"href":"https:\/\/eliquidnicotine.co.uk\/fr\/wp-json\/wp\/v2\/product_tag?post=27102"}],"curies":[{"name":"wp","href":"https:\/\/api.w.org\/{rel}","templated":true}]}}