{"id":27450,"date":"2022-07-15T11:54:07","date_gmt":"2022-07-15T11:54:07","guid":{"rendered":"https:\/\/eliquidnicotine.co.uk\/?post_type=product&#038;p=27450"},"modified":"2024-11-04T08:57:22","modified_gmt":"2024-11-04T07:57:22","slug":"elfbar-mango-ice","status":"publish","type":"product","link":"https:\/\/eliquidnicotine.co.uk\/fr\/shop\/elfbar-mango-glace\/","title":{"rendered":"ElfBar Mango Ice"},"content":{"rendered":"<p>ElfBar<br \/>\nElf Bar a \u00e9t\u00e9 fond\u00e9 en 2018 et a depuis lanc\u00e9 des produits toujours plus innovants avec un syst\u00e8me de chauffe intelligent. Ils r\u00e9pondent au besoin croissant d'ar\u00f4mes naturels et de formes de vapotage toujours plus saines. Les mots cl\u00e9s d'Elf Bar sont donc : plus sain et meilleur.<br \/>\nApr\u00e8s des milliers d'exp\u00e9riences, Elf Bar a trouv\u00e9 le moyen de fabriquer ses produits avec les mat\u00e9riaux les moins nocifs, le go\u00fbt le plus pur et un design \u00e9pur\u00e9, pour ensuite vous pr\u00e9senter des produits qui r\u00e9pondront \u00e0 vos attentes.<br \/>\nElf Bar est surtout connu pour ses excellentes e-cigarettes jetables, qui sont largement utilis\u00e9es et populaires dans le monde entier. Les produits jetables sont des e-cigarettes pr\u00eates \u00e0 l'emploi qui n'ont pas besoin d'\u00eatre remplies, remplac\u00e9es ou recharg\u00e9es. L'e-cigarette id\u00e9ale pour le fumeur qui veut rester simple. Il suffit d'inhaler pour vaporiser. Apr\u00e8s un certain nombre de bouff\u00e9es, qui d\u00e9pend du dispositif, le produit jetable est \u00e9puis\u00e9 et doit \u00eatre remplac\u00e9.<br \/>\nEleven Bar propose diff\u00e9rents types d'e-cigarettes jetables et un large \u00e9ventail d'ar\u00f4mes. Vous trouverez ci-dessous un petit aper\u00e7u des e-cigarettes jetables les plus populaires d'Eleven Bar.<\/p>","protected":false},"excerpt":{"rendered":"<p>L'Elf Bar 600 est un dispositif jetable rempli de e-liquide \u00e0 base de sel de nicotine. Il n'est pas n\u00e9cessaire de le remplir d'e-liquide, de le recharger ou de changer les pods ou les bobines. Il suffit d'inhaler et de vaporiser. 20mg de sel de nicotine.<\/p>\n<p>Saveur - Mango Ice : saveur de mangue glac\u00e9e.<\/p>","protected":false},"featured_media":26686,"comment_status":"open","ping_status":"closed","template":"","meta":{"_acf_changed":false,"_genesis_hide_title":false,"_genesis_hide_breadcrumbs":false,"_genesis_hide_singular_image":false,"_genesis_hide_footer_widgets":false,"_genesis_custom_body_class":"","_genesis_custom_post_class":"","_genesis_layout":""},"product_brand":[],"product_cat":[587,594],"product_tag":[],"class_list":{"1":"product","2":"type-product","6":"product_cat-disposables","7":"product_cat-elfbar","8":"entry","10":"first","11":"outofstock","12":"taxable","13":"shipping-taxable","14":"product-type-variable"},"acf":[],"_links":{"self":[{"href":"https:\/\/eliquidnicotine.co.uk\/fr\/wp-json\/wp\/v2\/product\/27450","targetHints":{"allow":["GET"]}}],"collection":[{"href":"https:\/\/eliquidnicotine.co.uk\/fr\/wp-json\/wp\/v2\/product"}],"about":[{"href":"https:\/\/eliquidnicotine.co.uk\/fr\/wp-json\/wp\/v2\/types\/product"}],"replies":[{"embeddable":true,"href":"https:\/\/eliquidnicotine.co.uk\/fr\/wp-json\/wp\/v2\/comments?post=27450"}],"wp:featuredmedia":[{"embeddable":true,"href":"https:\/\/eliquidnicotine.co.uk\/fr\/wp-json\/wp\/v2\/media\/26686"}],"wp:attachment":[{"href":"https:\/\/eliquidnicotine.co.uk\/fr\/wp-json\/wp\/v2\/media?parent=27450"}],"wp:term":[{"taxonomy":"product_brand","embeddable":true,"href":"https:\/\/eliquidnicotine.co.uk\/fr\/wp-json\/wp\/v2\/product_brand?post=27450"},{"taxonomy":"product_cat","embeddable":true,"href":"https:\/\/eliquidnicotine.co.uk\/fr\/wp-json\/wp\/v2\/product_cat?post=27450"},{"taxonomy":"product_tag","embeddable":true,"href":"https:\/\/eliquidnicotine.co.uk\/fr\/wp-json\/wp\/v2\/product_tag?post=27450"}],"curies":[{"name":"wp","href":"https:\/\/api.w.org\/{rel}","templated":true}]}}