{"id":27545,"date":"2022-11-30T12:56:03","date_gmt":"2022-11-30T12:56:03","guid":{"rendered":"https:\/\/eliquidnicotine.co.uk\/?post_type=product&#038;p=27545"},"modified":"2024-11-27T14:34:44","modified_gmt":"2024-11-27T13:34:44","slug":"frunk-bar-club-cola","status":"publish","type":"product","link":"https:\/\/eliquidnicotine.co.uk\/fr\/shop\/frunk-bar-club-cola\/","title":{"rendered":"Frunk Bar Club Cola"},"content":{"rendered":"<p>Dans le monde des produits de vapotage, Frunk Bar est un nom que les utilisateurs ont appris \u00e0 conna\u00eetre et \u00e0 aimer. Depuis les grandes innovations qui ont conduit aux barres de vape jetables, Frunk Bar a \u00e9t\u00e9 au sommet du jeu, offrant des barres de vape jetables de haute performance qui sont non seulement pratiques, mais aussi tr\u00e8s abordables. En continuant \u00e0 offrir une s\u00e9lection incroyable de produits dans son portefeuille, Frunk Bar, un nom qui existe depuis des ann\u00e9es, s'est associ\u00e9 pour cr\u00e9er la meilleure exp\u00e9rience de barre de vape jetable, combinant \u00e0 la fois un dispositif jetable sup\u00e9rieur et une d\u00e9licieuse gamme de saveurs de l'une des marques les plus reconnues de l'industrie.<\/p>\n<p>Le Frunk Bar pr\u00e9sente un design fin et portable, parfait pour ceux qui sont en d\u00e9placement ou qui veulent fumer en cachette. Il a un design tout-en-un et est jetable, vous pouvez donc simplement en profiter et le jeter quand vous avez fini. Il n'y a pas de boutons ou d'instructions compliqu\u00e9s, il suffit de fumer et de profiter.<\/p>\n<p>Chaque dispositif jetable Frunk Bar pr\u00e9sente les caract\u00e9ristiques suivantes :<\/p>\n<p>Disponible en 1 - packs.<br \/>\n2% (20 MG) sel de nicotine par volume.<br \/>\n2ml d'e-liquide par appareil.<br \/>\nBatterie int\u00e9gr\u00e9e pr\u00e9charg\u00e9e de 420mAh.<br \/>\nEnviron 600+ bouff\u00e9es par appareil.<\/p>","protected":false},"excerpt":{"rendered":"<p>frunk bar club cola jetable vape pod Il s'agit d'un m\u00e9lange de boissons qui combine de d\u00e9licieuses saveurs de cola avec un l\u00e9ger effet coolada pour cr\u00e9er une d\u00e9licieuse exp\u00e9rience de vapeur. Parfait pour vaper sur le pouce ! Profil de saveur : Cola Coolada<\/p>","protected":false},"featured_media":26700,"comment_status":"open","ping_status":"closed","template":"","meta":{"_acf_changed":false,"_genesis_hide_title":false,"_genesis_hide_breadcrumbs":false,"_genesis_hide_singular_image":false,"_genesis_hide_footer_widgets":false,"_genesis_custom_body_class":"","_genesis_custom_post_class":"","_genesis_layout":""},"product_brand":[],"product_cat":[587,592],"product_tag":[],"class_list":{"1":"product","2":"type-product","6":"product_cat-disposables","7":"product_cat-frunk-bar","8":"entry","10":"first","11":"outofstock","12":"taxable","13":"shipping-taxable","14":"product-type-variable"},"acf":[],"_links":{"self":[{"href":"https:\/\/eliquidnicotine.co.uk\/fr\/wp-json\/wp\/v2\/product\/27545","targetHints":{"allow":["GET"]}}],"collection":[{"href":"https:\/\/eliquidnicotine.co.uk\/fr\/wp-json\/wp\/v2\/product"}],"about":[{"href":"https:\/\/eliquidnicotine.co.uk\/fr\/wp-json\/wp\/v2\/types\/product"}],"replies":[{"embeddable":true,"href":"https:\/\/eliquidnicotine.co.uk\/fr\/wp-json\/wp\/v2\/comments?post=27545"}],"wp:featuredmedia":[{"embeddable":true,"href":"https:\/\/eliquidnicotine.co.uk\/fr\/wp-json\/wp\/v2\/media\/26700"}],"wp:attachment":[{"href":"https:\/\/eliquidnicotine.co.uk\/fr\/wp-json\/wp\/v2\/media?parent=27545"}],"wp:term":[{"taxonomy":"product_brand","embeddable":true,"href":"https:\/\/eliquidnicotine.co.uk\/fr\/wp-json\/wp\/v2\/product_brand?post=27545"},{"taxonomy":"product_cat","embeddable":true,"href":"https:\/\/eliquidnicotine.co.uk\/fr\/wp-json\/wp\/v2\/product_cat?post=27545"},{"taxonomy":"product_tag","embeddable":true,"href":"https:\/\/eliquidnicotine.co.uk\/fr\/wp-json\/wp\/v2\/product_tag?post=27545"}],"curies":[{"name":"wp","href":"https:\/\/api.w.org\/{rel}","templated":true}]}}