{"id":29065,"date":"2022-12-06T12:37:21","date_gmt":"2022-12-06T12:37:21","guid":{"rendered":"https:\/\/eliquidnicotine.co.uk\/?post_type=product&#038;p=29065"},"modified":"2024-11-04T08:57:22","modified_gmt":"2024-11-04T07:57:22","slug":"elfbar-banana-ice","status":"publish","type":"product","link":"https:\/\/eliquidnicotine.co.uk\/fr\/shop\/elfbar-banana-glace\/","title":{"rendered":"ElfBar Banana Ice"},"content":{"rendered":"<p>ElfBar<\/p>\n<p>Elf Bar a \u00e9t\u00e9 fond\u00e9 en 2018 et depuis, ils ont lanc\u00e9 de plus en plus de produits innovants avec un syst\u00e8me de chauffage intelligent. Ils r\u00e9pondent au besoin croissant d'ar\u00f4mes naturels et de formes de vape toujours plus saines. Les mots cl\u00e9s d'Elf Bar sont donc : plus sain et meilleur.<\/p>\n<p>Apr\u00e8s des milliers d'exp\u00e9riences, Elf Bar a trouv\u00e9 le moyen de fabriquer ses produits avec les mat\u00e9riaux les moins nocifs, le go\u00fbt le plus pur et un design \u00e9pur\u00e9, pour ensuite vous pr\u00e9senter des produits qui r\u00e9pondront \u00e0 vos attentes.<\/p>\n<p>Elf Bar est surtout connu pour ses excellentes e-cigarettes jetables, qui sont largement utilis\u00e9es et populaires dans le monde entier. Les produits jetables sont des e-cigarettes pr\u00eates \u00e0 l'emploi qui n'ont pas besoin d'\u00eatre remplies, remplac\u00e9es ou recharg\u00e9es. L'e-cigarette id\u00e9ale pour le vapoteur qui veut rester simple. Il suffit d'inhaler pour vaporiser. Apr\u00e8s un certain nombre de bouff\u00e9es, qui d\u00e9pend du dispositif, le produit jetable est \u00e9puis\u00e9 et doit \u00eatre remplac\u00e9.<\/p>\n<p>Eleven Bar propose diff\u00e9rents types d'e-cigarettes jetables et un large \u00e9ventail de parfums. Vous trouverez ci-dessous un petit aper\u00e7u des e-cigarettes jetables les plus populaires d'Eleven Bar.<\/p>","protected":false},"excerpt":{"rendered":"<p>Elf Bar Banana Ice est une e-cigarette jetable. La recharge d'e-liquide (2 ml) correspond au nombre de bouff\u00e9es d'environ 3 paquets de cigarettes ou \u00e0 600 bouff\u00e9es. Vous pouvez jeter ce kit d\u00e8s qu'il est \u00e9puis\u00e9. La vape jetable est donc livr\u00e9e charg\u00e9e et ne peut \u00eatre recharg\u00e9e par la suite. Gr\u00e2ce \u00e0 la technologie de l'Elf Bar, l'effet est similaire \u00e0 celui d'une cigarette. L'e-cigarette jetable Elf Bar Banana Ice a un go\u00fbt de banane avec un arri\u00e8re-go\u00fbt de froid et a un taux de nicotine de 20mg.<\/p>","protected":false},"featured_media":29076,"comment_status":"open","ping_status":"closed","template":"","meta":{"_acf_changed":false,"_genesis_hide_title":false,"_genesis_hide_breadcrumbs":false,"_genesis_hide_singular_image":false,"_genesis_hide_footer_widgets":false,"_genesis_custom_body_class":"","_genesis_custom_post_class":"","_genesis_layout":""},"product_brand":[],"product_cat":[587,594],"product_tag":[],"class_list":{"1":"product","2":"type-product","6":"product_cat-disposables","7":"product_cat-elfbar","8":"entry","10":"first","11":"outofstock","12":"taxable","13":"shipping-taxable","14":"product-type-variable"},"acf":[],"_links":{"self":[{"href":"https:\/\/eliquidnicotine.co.uk\/fr\/wp-json\/wp\/v2\/product\/29065","targetHints":{"allow":["GET"]}}],"collection":[{"href":"https:\/\/eliquidnicotine.co.uk\/fr\/wp-json\/wp\/v2\/product"}],"about":[{"href":"https:\/\/eliquidnicotine.co.uk\/fr\/wp-json\/wp\/v2\/types\/product"}],"replies":[{"embeddable":true,"href":"https:\/\/eliquidnicotine.co.uk\/fr\/wp-json\/wp\/v2\/comments?post=29065"}],"wp:featuredmedia":[{"embeddable":true,"href":"https:\/\/eliquidnicotine.co.uk\/fr\/wp-json\/wp\/v2\/media\/29076"}],"wp:attachment":[{"href":"https:\/\/eliquidnicotine.co.uk\/fr\/wp-json\/wp\/v2\/media?parent=29065"}],"wp:term":[{"taxonomy":"product_brand","embeddable":true,"href":"https:\/\/eliquidnicotine.co.uk\/fr\/wp-json\/wp\/v2\/product_brand?post=29065"},{"taxonomy":"product_cat","embeddable":true,"href":"https:\/\/eliquidnicotine.co.uk\/fr\/wp-json\/wp\/v2\/product_cat?post=29065"},{"taxonomy":"product_tag","embeddable":true,"href":"https:\/\/eliquidnicotine.co.uk\/fr\/wp-json\/wp\/v2\/product_tag?post=29065"}],"curies":[{"name":"wp","href":"https:\/\/api.w.org\/{rel}","templated":true}]}}