{"id":29105,"date":"2022-11-30T13:54:14","date_gmt":"2022-11-30T13:54:14","guid":{"rendered":"https:\/\/eliquidnicotine.co.uk\/shop\/elfbar-1500-raspberry-blueberry\/"},"modified":"2024-11-04T08:57:22","modified_gmt":"2024-11-04T07:57:22","slug":"elfbar-1500-raspberry-blueberry","status":"publish","type":"product","link":"https:\/\/eliquidnicotine.co.uk\/fr\/shop\/elfbar-1500-framboise-myrtille\/","title":{"rendered":"Elfbar 1500 Framboise Myrtille"},"content":{"rendered":"<p>Le dispositif \u00e0 dosettes jetables Elf Bar 1500 est la derni\u00e8re nouveaut\u00e9 de notre gamme et pr\u00e9sente des graphismes d\u00e9grad\u00e9s \u00e9clatants. Il poss\u00e8de une puissante batterie de 850mAh qui permet jusqu'\u00e0 1500 bouff\u00e9es, et est pr\u00e9-rempli de 4,8ml de jus sans nicotine. Offrez-vous des saveurs all\u00e9chantes avec la commodit\u00e9 d'une dosette jetable. Il vous suffit d'acheter un article jetable Elf Bar pour profiter de l'exp\u00e9rience de vapotage satisfaisante de l'Elf Bar 1500.<\/p>","protected":false},"excerpt":{"rendered":"<p>L'Elf Bar 1500 est un dispositif jetable rempli d'e-liquide sans nicotine. Il n'est pas n\u00e9cessaire de remplir l'e-liquide, de recharger ou de remplacer les pods ou les bobines. Il suffit d'inhaler et de vaporiser. Saveur - Myrtille et Framboise<\/p>","protected":false},"featured_media":29077,"comment_status":"open","ping_status":"closed","template":"","meta":{"_acf_changed":false,"_genesis_hide_title":false,"_genesis_hide_breadcrumbs":false,"_genesis_hide_singular_image":false,"_genesis_hide_footer_widgets":false,"_genesis_custom_body_class":"","_genesis_custom_post_class":"","_genesis_layout":""},"product_brand":[],"product_cat":[587,601],"product_tag":[],"class_list":{"1":"product","2":"type-product","6":"product_cat-disposables","7":"product_cat-elfbar-1500-0-nicotine","8":"entry","10":"first","11":"outofstock","12":"taxable","13":"shipping-taxable","14":"product-type-variable"},"acf":[],"_links":{"self":[{"href":"https:\/\/eliquidnicotine.co.uk\/fr\/wp-json\/wp\/v2\/product\/29105","targetHints":{"allow":["GET"]}}],"collection":[{"href":"https:\/\/eliquidnicotine.co.uk\/fr\/wp-json\/wp\/v2\/product"}],"about":[{"href":"https:\/\/eliquidnicotine.co.uk\/fr\/wp-json\/wp\/v2\/types\/product"}],"replies":[{"embeddable":true,"href":"https:\/\/eliquidnicotine.co.uk\/fr\/wp-json\/wp\/v2\/comments?post=29105"}],"wp:featuredmedia":[{"embeddable":true,"href":"https:\/\/eliquidnicotine.co.uk\/fr\/wp-json\/wp\/v2\/media\/29077"}],"wp:attachment":[{"href":"https:\/\/eliquidnicotine.co.uk\/fr\/wp-json\/wp\/v2\/media?parent=29105"}],"wp:term":[{"taxonomy":"product_brand","embeddable":true,"href":"https:\/\/eliquidnicotine.co.uk\/fr\/wp-json\/wp\/v2\/product_brand?post=29105"},{"taxonomy":"product_cat","embeddable":true,"href":"https:\/\/eliquidnicotine.co.uk\/fr\/wp-json\/wp\/v2\/product_cat?post=29105"},{"taxonomy":"product_tag","embeddable":true,"href":"https:\/\/eliquidnicotine.co.uk\/fr\/wp-json\/wp\/v2\/product_tag?post=29105"}],"curies":[{"name":"wp","href":"https:\/\/api.w.org\/{rel}","templated":true}]}}