{"id":29115,"date":"2022-11-30T16:19:31","date_gmt":"2022-11-30T16:19:31","guid":{"rendered":"https:\/\/eliquidnicotine.co.uk\/shop\/wpuff-600-ice-cream-strawberry\/"},"modified":"2025-01-13T05:59:23","modified_gmt":"2025-01-13T04:59:23","slug":"wpuff-600-ice-cream-strawberry","status":"publish","type":"product","link":"https:\/\/eliquidnicotine.co.uk\/fr\/shop\/wpuff-600-glace-creme-fraise\/","title":{"rendered":"Wpuff 600 Cr\u00e8me glac\u00e9e \u00e0 la fraise"},"content":{"rendered":"<p><strong>PUFF LIQUIDEO : LA PIPE \u00c0 EAU POUR LANCER UN FORMAT DE POCHE<\/strong><\/p>\n<p>Une petite r\u00e9volution qui ne passera pas inaper\u00e7ue ! Liquideo, marque fran\u00e7aise sp\u00e9cialis\u00e9e dans les e-liquides pour cigarettes \u00e9lectroniques, met son savoir-faire au service des fumeurs et des amateurs de narguil\u00e9 avec un petit mais bel accessoire : le PUFF. Semblable \u00e0 un stylo Avape, son apparence rappelle celle d'une cigarette \u00e9lectronique, mais en beaucoup plus fin. Le design color\u00e9 et, surtout, ultra-mince en aluminium du PUFF vous permet de l'emporter partout avec vous. Le narguil\u00e9 - o\u00f9 vous voulez, quand vous voulez ! Gr\u00e2ce \u00e0 sa facilit\u00e9 d'utilisation, ce petit narguil\u00e9 convient \u00e0 absolument tout le monde. D\u00e9butants, fumeurs exp\u00e9riment\u00e9s, gros fumeurs ou fumeurs occasionnels de narguil\u00e9s : chacun trouvera quelque chose qui lui convient. Ce narguil\u00e9 \u00e9lectronique nouvelle g\u00e9n\u00e9ration est sp\u00e9cialement con\u00e7u pour les fumeurs insatisfaits de la cigarette \u00e9lectronique classique, dont le fonctionnement ou la forte sensation dans la gorge peuvent ralentir.<\/p>\n<p><strong>Comment fonctionne le Liquideo PUFF ?<\/strong><\/p>\n<p>Cet accessoire se pr\u00e9sente sous la forme d'une capsule qui contient tout ce dont vous avez besoin pour profiter de d\u00e9licieuses saveurs : une cartouche de liquide aromatis\u00e9 int\u00e9gr\u00e9e \u00e0 l'appareil et une batterie, \u00e9galement cach\u00e9e \u00e0 l'int\u00e9rieur, qui fait fonctionner l'appareil. Pour le reste, laissez-vous guider : La bouff\u00e9e jetable ne n\u00e9cessite aucune pr\u00e9paration ou configuration particuli\u00e8re de votre part. En fait, il n'y a pas de boutons ou de molettes int\u00e9gr\u00e9s. Il vous suffit de tirer votre e-Hookah et il s'activera instantan\u00e9ment en synchronisation avec votre tirage. Le design d'une cigarette \u00e9lectronique jetable associ\u00e9 \u00e0 un fonctionnement rappelant celui d'une cigarette traditionnelle ! Les fans de cigarettes traditionnelles ou les amateurs de s\u00e9ances de narguil\u00e9 avec du tabac classique remarqueront la pr\u00e9sence de nicotine dans le e-liquide. Celle-ci, sous forme de sels de nicotine, est moins irritante que la vraie nicotine et est plus facilement absorb\u00e9e par l'organisme. Elle procure une sensation similaire tout en \u00e9tant plus douce, avec moins de coup de poing dans la gorge, vous appr\u00e9cierez donc toutes les saveurs de votre e-HookahWPUFF ! Il y a actuellement trois niveaux de nicotine diff\u00e9rents disponibles : 1,7% de nicotine, 0,9% de nicotine, et une version sans nicotine. Toutes ces versions conviennent aux fumeurs qui veulent r\u00e9duire leur consommation de nicotine, mais cette derni\u00e8re version est sp\u00e9cifiquement con\u00e7ue pour les personnes qui veulent arr\u00eater de fumer. Une version \u00e0 faible teneur en nicotine, mais certainement pas en go\u00fbt ! Fruits rouges, chocolat ou menthe fra\u00eeche - les diff\u00e9rents ar\u00f4mes vous emm\u00e8neront sous les tropiques en un rien de temps. Soigneusement \u00e9labor\u00e9s en laboratoire, ils sont le r\u00e9sultat d'un savant m\u00e9lange pour obtenir un r\u00e9sultat unique, sucr\u00e9 et intense, que vous n'obtiendrez avec aucun autre ar\u00f4me. Des combinaisons acidul\u00e9es et gourmandes qui peuvent vous rappeler le c\u00f4t\u00e9 exotique des saveurs du narguil\u00e9.<\/p>\n<p><strong>La Liquideo Wpuff est-elle rechargeable ?<\/strong><\/p>\n<p>Cette cigarette jetable pr\u00e9-remplie vous permettra de tenir le coup pendant un certain temps : Elle contient environ 600 bouff\u00e9es fra\u00eeches. Les amateurs de la vapeur dense caract\u00e9ristique d'une s\u00e9ance de narguil\u00e9 savoureuse et parfaitement pr\u00e9par\u00e9e seront ravis par le nuage dense cr\u00e9\u00e9 pendant les s\u00e9ances. Un voyant clignotant indique que la cartouche d'e-liquide de votre narguil\u00e9 est vide. La cartouche devient alors inutilisable et doit \u00eatre remplac\u00e9e. Bien que ce narguil\u00e9 soit un accessoire jetable et non rechargeable, il est plus de 95% recyclable. Le tube d'aluminium dont il est fait et la batterie peuvent tous deux \u00eatre recycl\u00e9s. Faites quelque chose pour l'environnement et donnez une seconde vie \u00e0 votre WPUFF Liquideo Pod ! Recyclez votre batterie de la m\u00eame fa\u00e7on que vous recyclez les piles.<\/p>\n<p><strong>Quelle est la diff\u00e9rence entre une bouff\u00e9e et un narguil\u00e9 ?<\/strong><\/p>\n<p>Le Hookahdisposable est parfait pour les accros du narguil\u00e9 gr\u00e2ce \u00e0 sa vapeur \u00e0 l'odeur intense et agr\u00e9able et a de nombreuses autres qualit\u00e9s \u00e0 offrir. Gr\u00e2ce \u00e0 sa taille compacte de quelques centim\u00e8tres seulement, le WPUFF en format Hookahpocket est facile \u00e0 transporter et repr\u00e9sente des \u00e9conomies. Gr\u00e2ce \u00e0 sa facilit\u00e9 d'utilisation, il offre un haut niveau de commodit\u00e9 et vous permet de profiter de s\u00e9ances \u00e0 moindre co\u00fbt. Un autre avantage de ce narguil\u00e9 portable est la possibilit\u00e9 de profiter de plusieurs sessions \u00e0 volont\u00e9, sans avoir besoin de charbon ou de tabac. Aucune pr\u00e9paration n'est n\u00e9cessaire pour profiter de ces d\u00e9licieuses saveurs, id\u00e9ales pour les nomades ou les personnes press\u00e9es. De m\u00eame, aucun entretien ou nettoyage n'est n\u00e9cessaire par rapport \u00e0 un narguil\u00e9 traditionnel. Cela vous fait gagner du temps et vous permet de faire vos pauses narguil\u00e9 plus longtemps, afin de profiter des saveurs plus longtemps ! Sp\u00e9cifications - Longueur : environ 11,5 cm - Diam\u00e8tre : environ 1,5 cm - Trois versions : Sans nicotine \/ 0,9% nicotine \/ 1,7% nicotine - Jetable, non rechargeable - Manchon r\u00e9utilisable.<\/p>","protected":false},"excerpt":{"rendered":"<p>Vous \u00eates un fan des parfums et des saveurs de fruits rouges ? D\u00e9couvrez la Wpuff Ice Cream Strawberry, une e-cigarette au doux parfum de fraise pour une exp\u00e9rience de vapotage amusante !<\/p>","protected":false},"featured_media":29283,"comment_status":"open","ping_status":"closed","template":"","meta":{"_acf_changed":false,"_genesis_hide_title":false,"_genesis_hide_breadcrumbs":false,"_genesis_hide_singular_image":false,"_genesis_hide_footer_widgets":false,"_genesis_custom_body_class":"","_genesis_custom_post_class":"","_genesis_layout":""},"product_brand":[],"product_cat":[587,599],"product_tag":[],"class_list":{"1":"product","2":"type-product","6":"product_cat-disposables","7":"product_cat-wpuff-liquideo","8":"entry","10":"first","11":"outofstock","12":"taxable","13":"shipping-taxable","14":"product-type-variable"},"acf":[],"_links":{"self":[{"href":"https:\/\/eliquidnicotine.co.uk\/fr\/wp-json\/wp\/v2\/product\/29115","targetHints":{"allow":["GET"]}}],"collection":[{"href":"https:\/\/eliquidnicotine.co.uk\/fr\/wp-json\/wp\/v2\/product"}],"about":[{"href":"https:\/\/eliquidnicotine.co.uk\/fr\/wp-json\/wp\/v2\/types\/product"}],"replies":[{"embeddable":true,"href":"https:\/\/eliquidnicotine.co.uk\/fr\/wp-json\/wp\/v2\/comments?post=29115"}],"wp:featuredmedia":[{"embeddable":true,"href":"https:\/\/eliquidnicotine.co.uk\/fr\/wp-json\/wp\/v2\/media\/29283"}],"wp:attachment":[{"href":"https:\/\/eliquidnicotine.co.uk\/fr\/wp-json\/wp\/v2\/media?parent=29115"}],"wp:term":[{"taxonomy":"product_brand","embeddable":true,"href":"https:\/\/eliquidnicotine.co.uk\/fr\/wp-json\/wp\/v2\/product_brand?post=29115"},{"taxonomy":"product_cat","embeddable":true,"href":"https:\/\/eliquidnicotine.co.uk\/fr\/wp-json\/wp\/v2\/product_cat?post=29115"},{"taxonomy":"product_tag","embeddable":true,"href":"https:\/\/eliquidnicotine.co.uk\/fr\/wp-json\/wp\/v2\/product_tag?post=29115"}],"curies":[{"name":"wp","href":"https:\/\/api.w.org\/{rel}","templated":true}]}}