{"id":29158,"date":"2022-11-30T16:34:36","date_gmt":"2022-11-30T16:34:36","guid":{"rendered":"https:\/\/eliquidnicotine.co.uk\/shop\/crystal-bar-kiwi-passion-guava\/"},"modified":"2024-09-18T12:32:36","modified_gmt":"2024-09-18T11:32:36","slug":"crystal-bar-kiwi-passion-guava","status":"publish","type":"product","link":"https:\/\/eliquidnicotine.co.uk\/fr\/shop\/crystal-bar-kiwi-passion-guava\/","title":{"rendered":"Barre de cristal Kiwi Passion Goyave"},"content":{"rendered":"<p><strong>Barre de cristal SKE jetable<\/strong><\/p>\n<p>Les vapes jetables Crystal Original sont disponibles dans une vari\u00e9t\u00e9 de parfums. Chaque dispositif contient 2 ml de sel de nicotine avec un taux de nicotine de 20 mg et est aliment\u00e9 par une batterie int\u00e9gr\u00e9e de 500 mAh.<\/p>\n<p>Capable de d\u00e9livrer jusqu'\u00e0 600 bouff\u00e9es et utilisable d\u00e8s sa sortie de la bo\u00eete, chaque dispositif est activ\u00e9 par aspiration, ce qui signifie que les utilisateurs doivent simplement inhaler sur le dispositif pour l'activer. Une fois que le dispositif a utilis\u00e9 tout le e-liquide, il peut \u00eatre jet\u00e9.<\/p>\n<p>Sp\u00e9cifications :<\/p>\n<p>Jusqu'\u00e0 600 bouff\u00e9es<br \/>\nBatterie de 500mAh<br \/>\nVaping MTL<br \/>\n2ml de sel de Nicotine E-liquide<br \/>\nTaux de nicotine 20 mg<\/p>","protected":false},"excerpt":{"rendered":"<p>Les distributeurs de vape jetables Crystal Original sont disponibles dans une vari\u00e9t\u00e9 de parfums. Chaque dispositif contient 2 ml de sel nic avec un taux de nicotine de 20 mg et est aliment\u00e9 par une batterie int\u00e9gr\u00e9e de 500 mAh. La e-cigarette jetable Kiwi Passion Fruit Guava de SKE a le go\u00fbt d'un m\u00e9lange de kiwi, de fruit de la passion et de goyave.<\/p>","protected":false},"featured_media":29316,"comment_status":"open","ping_status":"closed","template":"","meta":{"_acf_changed":false,"_genesis_hide_title":false,"_genesis_hide_breadcrumbs":false,"_genesis_hide_singular_image":false,"_genesis_hide_footer_widgets":false,"_genesis_custom_body_class":"","_genesis_custom_post_class":"","_genesis_layout":""},"product_brand":[],"product_cat":[598,587],"product_tag":[],"class_list":{"1":"product","2":"type-product","6":"product_cat-crystal-bar","7":"product_cat-disposables","8":"entry","10":"first","11":"outofstock","12":"taxable","13":"shipping-taxable","14":"purchasable","15":"product-type-variable"},"acf":[],"_links":{"self":[{"href":"https:\/\/eliquidnicotine.co.uk\/fr\/wp-json\/wp\/v2\/product\/29158","targetHints":{"allow":["GET"]}}],"collection":[{"href":"https:\/\/eliquidnicotine.co.uk\/fr\/wp-json\/wp\/v2\/product"}],"about":[{"href":"https:\/\/eliquidnicotine.co.uk\/fr\/wp-json\/wp\/v2\/types\/product"}],"replies":[{"embeddable":true,"href":"https:\/\/eliquidnicotine.co.uk\/fr\/wp-json\/wp\/v2\/comments?post=29158"}],"wp:featuredmedia":[{"embeddable":true,"href":"https:\/\/eliquidnicotine.co.uk\/fr\/wp-json\/wp\/v2\/media\/29316"}],"wp:attachment":[{"href":"https:\/\/eliquidnicotine.co.uk\/fr\/wp-json\/wp\/v2\/media?parent=29158"}],"wp:term":[{"taxonomy":"product_brand","embeddable":true,"href":"https:\/\/eliquidnicotine.co.uk\/fr\/wp-json\/wp\/v2\/product_brand?post=29158"},{"taxonomy":"product_cat","embeddable":true,"href":"https:\/\/eliquidnicotine.co.uk\/fr\/wp-json\/wp\/v2\/product_cat?post=29158"},{"taxonomy":"product_tag","embeddable":true,"href":"https:\/\/eliquidnicotine.co.uk\/fr\/wp-json\/wp\/v2\/product_tag?post=29158"}],"curies":[{"name":"wp","href":"https:\/\/api.w.org\/{rel}","templated":true}]}}