{"id":29750,"date":"2023-01-06T15:04:00","date_gmt":"2023-01-06T14:04:00","guid":{"rendered":"https:\/\/eliquidnicotine.co.uk\/?post_type=product&#038;p=29750"},"modified":"2024-09-18T12:32:36","modified_gmt":"2024-09-18T11:32:36","slug":"crystal-bar-honey-melon","status":"publish","type":"product","link":"https:\/\/eliquidnicotine.co.uk\/fr\/shop\/barre-de-cristal-miel-melon\/","title":{"rendered":"Barre de cristal Melon miel"},"content":{"rendered":"<p>Sp\u00e9cifications techniques Mod\u00e8le : SKE Crystal Bar Jetable Type : Cigarette \u00e9lectronique jetable Power puff Mat\u00e9riaux : alliage d'aluminium + PCTG Taille : 16.25 x 16 x 110mm Capacit\u00e9 de la batterie : 500 mAh Capacit\u00e9 du r\u00e9servoir : 2ml Bouff\u00e9es : 600 bouff\u00e9es Type de bobine : bobine en maille - pour une exp\u00e9rience gustative ultime R\u00e9sistance de la bobine : 1.2ohm Voltage \/ wattage : 11W Force de la nicotine : 2% (20mg de sel de nicotine)<\/p>","protected":false},"excerpt":{"rendered":"<p>La SKE Crystal Bar Honey Melon est une e-cigarette jetable qui contient 600 bouff\u00e9es (3 paquets de cigarettes). L'effet de la Crystal Bar peut \u00eatre compar\u00e9 \u00e0 celui d'une cigarette. La vari\u00e9t\u00e9 Honey Melon a le go\u00fbt d'un m\u00e9lange de melon et de miel.<\/p>","protected":false},"featured_media":29791,"comment_status":"open","ping_status":"closed","template":"","meta":{"_acf_changed":false,"_genesis_hide_title":false,"_genesis_hide_breadcrumbs":false,"_genesis_hide_singular_image":false,"_genesis_hide_footer_widgets":false,"_genesis_custom_body_class":"","_genesis_custom_post_class":"","_genesis_layout":""},"product_brand":[],"product_cat":[598,587],"product_tag":[],"class_list":{"1":"product","2":"type-product","6":"product_cat-crystal-bar","7":"product_cat-disposables","8":"entry","10":"first","11":"outofstock","12":"taxable","13":"shipping-taxable","14":"purchasable","15":"product-type-variable"},"acf":[],"_links":{"self":[{"href":"https:\/\/eliquidnicotine.co.uk\/fr\/wp-json\/wp\/v2\/product\/29750","targetHints":{"allow":["GET"]}}],"collection":[{"href":"https:\/\/eliquidnicotine.co.uk\/fr\/wp-json\/wp\/v2\/product"}],"about":[{"href":"https:\/\/eliquidnicotine.co.uk\/fr\/wp-json\/wp\/v2\/types\/product"}],"replies":[{"embeddable":true,"href":"https:\/\/eliquidnicotine.co.uk\/fr\/wp-json\/wp\/v2\/comments?post=29750"}],"wp:featuredmedia":[{"embeddable":true,"href":"https:\/\/eliquidnicotine.co.uk\/fr\/wp-json\/wp\/v2\/media\/29791"}],"wp:attachment":[{"href":"https:\/\/eliquidnicotine.co.uk\/fr\/wp-json\/wp\/v2\/media?parent=29750"}],"wp:term":[{"taxonomy":"product_brand","embeddable":true,"href":"https:\/\/eliquidnicotine.co.uk\/fr\/wp-json\/wp\/v2\/product_brand?post=29750"},{"taxonomy":"product_cat","embeddable":true,"href":"https:\/\/eliquidnicotine.co.uk\/fr\/wp-json\/wp\/v2\/product_cat?post=29750"},{"taxonomy":"product_tag","embeddable":true,"href":"https:\/\/eliquidnicotine.co.uk\/fr\/wp-json\/wp\/v2\/product_tag?post=29750"}],"curies":[{"name":"wp","href":"https:\/\/api.w.org\/{rel}","templated":true}]}}