{"id":38085,"date":"2025-01-24T10:13:57","date_gmt":"2025-01-24T09:13:57","guid":{"rendered":"https:\/\/eliquidnicotine.co.uk\/?post_type=product&#038;p=38085"},"modified":"2025-12-13T08:11:49","modified_gmt":"2025-12-13T07:11:49","slug":"nicotine-salt-crystals","status":"publish","type":"product","link":"https:\/\/eliquidnicotine.co.uk\/fr\/shop\/cristaux-de-sel-de-nicotine\/","title":{"rendered":"Cristaux de sel de nicotine"},"content":{"rendered":"<p>----------------BENZOATE SALICYLATE MALATE<\/p>\n<p>Teneur en nicotine libre :      +- 57% +- 54% +- 55%<\/p>\n<p>Concentration maximale 200 mg\/ml 150 mg\/ml 200 mg\/ml<\/p>\n<p>Coup \u00e0 la gorge Oui Oui Oui<\/p>\n<p>Stockage -25-5 C -25-5 C -25-5 C<\/p>\n<p>Go\u00fbt Neutre Neutre Agrumes\/Acides<\/p>\n<p>Pour m\u00e9langer 100 mg\/ml, utiliser environ 170-185 grammes par litre.<\/p>","protected":false},"excerpt":{"rendered":"<p>Sels de nicotine en poudre, \u00e0 diluer dans du PG, du VG ou un m\u00e9lange. Lors de la dilution, utilisez une base l\u00e9g\u00e8rement \"chaude\", laissez-la reposer dans de l'eau chaude pour que le processus se termine plus rapidement. Secouez bien toutes les minutes ou heures et attendez que la poudre soit compl\u00e8tement absorb\u00e9e par la base, ce qui peut prendre un certain temps, voire un jour ou une nuit.<\/p>\n<p>L'emballage peut \u00eatre diff\u00e9rent de l'image r\u00e9elle du produit.<\/p>","protected":false},"featured_media":38145,"comment_status":"open","ping_status":"closed","template":"","meta":{"_acf_changed":false,"_genesis_hide_title":false,"_genesis_hide_breadcrumbs":false,"_genesis_hide_singular_image":false,"_genesis_hide_footer_widgets":false,"_genesis_custom_body_class":"","_genesis_custom_post_class":"","_genesis_layout":""},"product_brand":[],"product_cat":[571],"product_tag":[],"class_list":{"1":"product","2":"type-product","6":"product_cat-wholesale","7":"entry","9":"first","10":"instock","11":"taxable","12":"shipping-taxable","13":"purchasable","14":"product-type-variable"},"acf":[],"_links":{"self":[{"href":"https:\/\/eliquidnicotine.co.uk\/fr\/wp-json\/wp\/v2\/product\/38085","targetHints":{"allow":["GET"]}}],"collection":[{"href":"https:\/\/eliquidnicotine.co.uk\/fr\/wp-json\/wp\/v2\/product"}],"about":[{"href":"https:\/\/eliquidnicotine.co.uk\/fr\/wp-json\/wp\/v2\/types\/product"}],"replies":[{"embeddable":true,"href":"https:\/\/eliquidnicotine.co.uk\/fr\/wp-json\/wp\/v2\/comments?post=38085"}],"wp:featuredmedia":[{"embeddable":true,"href":"https:\/\/eliquidnicotine.co.uk\/fr\/wp-json\/wp\/v2\/media\/38145"}],"wp:attachment":[{"href":"https:\/\/eliquidnicotine.co.uk\/fr\/wp-json\/wp\/v2\/media?parent=38085"}],"wp:term":[{"taxonomy":"product_brand","embeddable":true,"href":"https:\/\/eliquidnicotine.co.uk\/fr\/wp-json\/wp\/v2\/product_brand?post=38085"},{"taxonomy":"product_cat","embeddable":true,"href":"https:\/\/eliquidnicotine.co.uk\/fr\/wp-json\/wp\/v2\/product_cat?post=38085"},{"taxonomy":"product_tag","embeddable":true,"href":"https:\/\/eliquidnicotine.co.uk\/fr\/wp-json\/wp\/v2\/product_tag?post=38085"}],"curies":[{"name":"wp","href":"https:\/\/api.w.org\/{rel}","templated":true}]}}