{"id":557,"date":"2018-05-06T18:06:33","date_gmt":"2018-05-06T18:06:33","guid":{"rendered":"https:\/\/eliquidnicotine.co.uk\/?post_type=product&#038;p=557"},"modified":"2025-06-17T15:15:33","modified_gmt":"2025-06-17T14:15:33","slug":"nicotine-salts","status":"publish","type":"product","link":"https:\/\/eliquidnicotine.co.uk\/fr\/shop\/sels-de-nicotine\/","title":{"rendered":"Sels de nicotine pour e liquide"},"content":{"rendered":"<p>&nbsp;<\/p>\n<p><img loading=\"lazy\" decoding=\"async\" title=\"Avertissement de nicotine\" src=\"https:\/\/eliquidnicotine.co.uk\/wp-content\/uploads\/2017\/12\/Unknown-1.png\" alt=\"Avertissement nicotine\" width=\"300\" height=\"150\" \/><\/p>\n<h3>Avantages<\/h3>\n<p>Les sels de nicotine pourraient \u00eatre la solution pour de nombreuses personnes qui essaient des liquides r\u00e9guliers pour la premi\u00e8re fois et qui constatent souvent que leur nicotine ne leur apporte pas la m\u00eame satisfaction. Et il se peut que cela ne suffise pas \u00e0 satisfaire leur besoin ou leur envie de nicotine.<\/p>\n<p>Les compagnies de cigarettes ont trouv\u00e9 leur chemin autour de ce probl\u00e8me et utilisent des anesth\u00e9siques comme le menthol ou l'eug\u00e9nol pour couvrir et masquer la duret\u00e9. les jus de fruits ou les liquides e ne&#8217;t, donc la sensation plus douce des liquides sal\u00e9s \u00e0 la nicotine fait une diff\u00e9rence significative.<\/p>\n<p>Moins d'impact sur la saveur : Ceux d'entre nous qui utilisent des e-liquides sans nicotine peuvent remarquer une \u00e9norme diff\u00e9rence de saveur, malgr\u00e9 le fait de fumer le m\u00eame produit, car la nicotine libre, celle utilis\u00e9e dans la plupart des jus affecte la saveur globale du liquide&#8217;s. Les sels sont presque sans effet dans ce domaine, menant \u00e0 une exp\u00e9rience vaping plus riche, plus savoureuse et agr\u00e9able.<\/p>\n<p>Une autre diff\u00e9rence est que vous n'avez pas besoin d'un r\u00e9servoir sous-ohm ou d'une bo\u00eete de mod pour satisfaire votre envie de nicotine : un stylo discret taille vaping device est suffisant pour r\u00e9pondre \u00e0 vos besoins.<\/p>","protected":false},"excerpt":{"rendered":"<p>Sels de nicotine PG\/VG 50\/50<\/p>","protected":false},"featured_media":389,"comment_status":"open","ping_status":"closed","template":"","meta":{"_acf_changed":false,"_genesis_hide_title":false,"_genesis_hide_breadcrumbs":false,"_genesis_hide_singular_image":false,"_genesis_hide_footer_widgets":false,"_genesis_custom_body_class":"","_genesis_custom_post_class":"","_genesis_layout":""},"product_brand":[],"product_cat":[242],"product_tag":[],"class_list":{"1":"product","2":"type-product","6":"product_cat-nicotine-liquid","7":"entry","9":"first","10":"instock","11":"taxable","12":"shipping-taxable","13":"purchasable","14":"product-type-variable","15":"has-default-attributes"},"acf":[],"_links":{"self":[{"href":"https:\/\/eliquidnicotine.co.uk\/fr\/wp-json\/wp\/v2\/product\/557","targetHints":{"allow":["GET"]}}],"collection":[{"href":"https:\/\/eliquidnicotine.co.uk\/fr\/wp-json\/wp\/v2\/product"}],"about":[{"href":"https:\/\/eliquidnicotine.co.uk\/fr\/wp-json\/wp\/v2\/types\/product"}],"replies":[{"embeddable":true,"href":"https:\/\/eliquidnicotine.co.uk\/fr\/wp-json\/wp\/v2\/comments?post=557"}],"wp:featuredmedia":[{"embeddable":true,"href":"https:\/\/eliquidnicotine.co.uk\/fr\/wp-json\/wp\/v2\/media\/389"}],"wp:attachment":[{"href":"https:\/\/eliquidnicotine.co.uk\/fr\/wp-json\/wp\/v2\/media?parent=557"}],"wp:term":[{"taxonomy":"product_brand","embeddable":true,"href":"https:\/\/eliquidnicotine.co.uk\/fr\/wp-json\/wp\/v2\/product_brand?post=557"},{"taxonomy":"product_cat","embeddable":true,"href":"https:\/\/eliquidnicotine.co.uk\/fr\/wp-json\/wp\/v2\/product_cat?post=557"},{"taxonomy":"product_tag","embeddable":true,"href":"https:\/\/eliquidnicotine.co.uk\/fr\/wp-json\/wp\/v2\/product_tag?post=557"}],"curies":[{"name":"wp","href":"https:\/\/api.w.org\/{rel}","templated":true}]}}