{"id":5864,"date":"2019-11-23T13:49:26","date_gmt":"2019-11-23T13:49:26","guid":{"rendered":"https:\/\/eliquidnicotine.co.uk\/shop\/capella-pineapple-gold\/"},"modified":"2025-04-02T15:31:42","modified_gmt":"2025-04-02T14:31:42","slug":"capella-pineapple-gold","status":"publish","type":"product","link":"https:\/\/eliquidnicotine.co.uk\/fr\/shop\/cappella-ananas-gold\/","title":{"rendered":"Capella Ananas Gold"},"content":{"rendered":"<p>Les concentr\u00e9s Capella sont parmi les meilleurs au monde et jouissent d'une r\u00e9putation bien m\u00e9rit\u00e9e aupr\u00e8s des bricoleurs. Le nom Capella est connu dans le monde entier pour sa grande vari\u00e9t\u00e9 de saveurs, fabriqu\u00e9es \u00e0 partir des meilleurs ingr\u00e9dients dans son usine de Californie, aux \u00c9tats-Unis. Tous les concentr\u00e9s de saveurs Capella r\u00e9pondent aux normes de qualit\u00e9 et de puret\u00e9 les plus strictes de l'\u00c9tat de Californie.<\/p>\n<p>Ingr\u00e9dients<br \/>\nAr\u00f4mes naturels, propyl\u00e8ne glycol.<\/p>\n<p>Notes<br \/>\nC'est un ar\u00f4me concentr\u00e9 qui peut \u00eatre m\u00e9lang\u00e9 dans un liquide DIY-E. Il ne doit pas \u00eatre \u00e9vapor\u00e9 sans dilution.<br \/>\nNous recommandons de m\u00e9langer d'abord la plupart des concentr\u00e9s de Capella avec environ 15% et de les utiliser ensuite selon votre go\u00fbt personnel.<br \/>\nTous les concentr\u00e9s de Capella sont \u00e0 base de PG.<\/p>\n<p>Des diff\u00e9rences de couleur peuvent appara\u00eetre entre les diff\u00e9rents lots d'un m\u00eame ar\u00f4me, ce qui est le r\u00e9sultat naturel du processus de production de l'ar\u00f4me<\/p>","protected":false},"excerpt":{"rendered":"<p>La capella ananas concentr\u00e9 d'or vous apporte le go\u00fbt frais et naturel des mangues tropicales douces et juteuses. Ne sautez pas sans diluer.<\/p>","protected":false},"featured_media":11577,"comment_status":"open","ping_status":"closed","template":"","meta":{"_acf_changed":false,"_genesis_hide_title":false,"_genesis_hide_breadcrumbs":false,"_genesis_hide_singular_image":false,"_genesis_hide_footer_widgets":false,"_genesis_custom_body_class":"","_genesis_custom_post_class":"","_genesis_layout":""},"product_brand":[],"product_cat":[398,573],"product_tag":[],"class_list":{"1":"product","2":"type-product","6":"product_cat-capella-flavours-for-self-mixing-10-30-and-50-ml","7":"product_cat-flavours-for-e-liquid-mixing","8":"entry","10":"first","11":"outofstock","12":"taxable","13":"shipping-taxable","14":"purchasable","15":"product-type-variable"},"acf":[],"_links":{"self":[{"href":"https:\/\/eliquidnicotine.co.uk\/fr\/wp-json\/wp\/v2\/product\/5864","targetHints":{"allow":["GET"]}}],"collection":[{"href":"https:\/\/eliquidnicotine.co.uk\/fr\/wp-json\/wp\/v2\/product"}],"about":[{"href":"https:\/\/eliquidnicotine.co.uk\/fr\/wp-json\/wp\/v2\/types\/product"}],"replies":[{"embeddable":true,"href":"https:\/\/eliquidnicotine.co.uk\/fr\/wp-json\/wp\/v2\/comments?post=5864"}],"wp:featuredmedia":[{"embeddable":true,"href":"https:\/\/eliquidnicotine.co.uk\/fr\/wp-json\/wp\/v2\/media\/11577"}],"wp:attachment":[{"href":"https:\/\/eliquidnicotine.co.uk\/fr\/wp-json\/wp\/v2\/media?parent=5864"}],"wp:term":[{"taxonomy":"product_brand","embeddable":true,"href":"https:\/\/eliquidnicotine.co.uk\/fr\/wp-json\/wp\/v2\/product_brand?post=5864"},{"taxonomy":"product_cat","embeddable":true,"href":"https:\/\/eliquidnicotine.co.uk\/fr\/wp-json\/wp\/v2\/product_cat?post=5864"},{"taxonomy":"product_tag","embeddable":true,"href":"https:\/\/eliquidnicotine.co.uk\/fr\/wp-json\/wp\/v2\/product_tag?post=5864"}],"curies":[{"name":"wp","href":"https:\/\/api.w.org\/{rel}","templated":true}]}}