{"id":5908,"date":"2019-11-23T13:49:28","date_gmt":"2019-11-23T13:49:28","guid":{"rendered":"https:\/\/eliquidnicotine.co.uk\/shop\/la-tabaccheria-burley-tabak-extrakt-aroma\/"},"modified":"2021-02-17T14:33:15","modified_gmt":"2021-02-17T14:33:15","slug":"la-tabaccheria-burley-tobacco-extract-flavour","status":"publish","type":"product","link":"https:\/\/eliquidnicotine.co.uk\/fr\/shop\/la-tabaccheria-burley-tobacco-extract-flavour\/","title":{"rendered":"La Tabaccheria Burley"},"content":{"rendered":"","protected":false},"excerpt":{"rendered":"<p>Contenu 10 ml Le Burley est un tabac Light Air Cured. Il est utilis\u00e9 dans de nombreux m\u00e9langes de cigarettes et de pipes car il a la caract\u00e9ristique de lier les go\u00fbts des diff\u00e9rents tabacs dans un m\u00e9lange. L'extrait de tabac Burley est un excellent compagnon de vaporisation, tr\u00e8s agr\u00e9able et non fatiguant m\u00eame s'il est utilis\u00e9 toute la journ\u00e9e. Go\u00fbt doux et d\u00e9licat.<\/p>","protected":false},"featured_media":446,"comment_status":"open","ping_status":"closed","template":"","meta":{"_acf_changed":false,"_genesis_hide_title":false,"_genesis_hide_breadcrumbs":false,"_genesis_hide_singular_image":false,"_genesis_hide_footer_widgets":false,"_genesis_custom_body_class":"","_genesis_custom_post_class":"","_genesis_layout":""},"product_brand":[],"product_cat":[250],"product_tag":[],"class_list":{"1":"product","2":"type-product","6":"product_cat-pure-tobacco-extract-flavours","7":"entry","9":"first","10":"outofstock","11":"taxable","12":"shipping-taxable","13":"purchasable","14":"product-type-simple"},"acf":[],"_links":{"self":[{"href":"https:\/\/eliquidnicotine.co.uk\/fr\/wp-json\/wp\/v2\/product\/5908","targetHints":{"allow":["GET"]}}],"collection":[{"href":"https:\/\/eliquidnicotine.co.uk\/fr\/wp-json\/wp\/v2\/product"}],"about":[{"href":"https:\/\/eliquidnicotine.co.uk\/fr\/wp-json\/wp\/v2\/types\/product"}],"replies":[{"embeddable":true,"href":"https:\/\/eliquidnicotine.co.uk\/fr\/wp-json\/wp\/v2\/comments?post=5908"}],"wp:featuredmedia":[{"embeddable":true,"href":"https:\/\/eliquidnicotine.co.uk\/fr\/wp-json\/wp\/v2\/media\/446"}],"wp:attachment":[{"href":"https:\/\/eliquidnicotine.co.uk\/fr\/wp-json\/wp\/v2\/media?parent=5908"}],"wp:term":[{"taxonomy":"product_brand","embeddable":true,"href":"https:\/\/eliquidnicotine.co.uk\/fr\/wp-json\/wp\/v2\/product_brand?post=5908"},{"taxonomy":"product_cat","embeddable":true,"href":"https:\/\/eliquidnicotine.co.uk\/fr\/wp-json\/wp\/v2\/product_cat?post=5908"},{"taxonomy":"product_tag","embeddable":true,"href":"https:\/\/eliquidnicotine.co.uk\/fr\/wp-json\/wp\/v2\/product_tag?post=5908"}],"curies":[{"name":"wp","href":"https:\/\/api.w.org\/{rel}","templated":true}]}}