{"id":5910,"date":"2019-11-23T13:49:28","date_gmt":"2019-11-23T13:49:28","guid":{"rendered":"https:\/\/eliquidnicotine.co.uk\/shop\/la-tabaccheria-oriental-tabak-extrakt-aroma\/"},"modified":"2021-06-07T08:08:35","modified_gmt":"2021-06-07T08:08:35","slug":"la-tabaccheria-oriental-tabak-extrakt-aroma","status":"publish","type":"product","link":"https:\/\/eliquidnicotine.co.uk\/fr\/shop\/la-tabaccheria-oriental-tabak-extrakt-aroma\/","title":{"rendered":"La Tabaccheria Oriental"},"content":{"rendered":"<p>L'extrait de tabac oriental reste fid\u00e8le \u00e0 ces pr\u00e9misses et vous procurera des sensations vraiment uniques. Go\u00fbt \u00e9pic\u00e9 et l\u00e9g\u00e8rement sucr\u00e9.<\/p>","protected":false},"excerpt":{"rendered":"<p>Contenu 10 ml Oriental est la d\u00e9finition utilis\u00e9e pour distinguer les tabacs appartenant \u00e0 la classe Sun Cured. Le tabac Oriental a des feuilles beaucoup plus petites que les autres tabacs mais avec une tr\u00e8s forte charge aromatique.<\/p>","protected":false},"featured_media":443,"comment_status":"open","ping_status":"closed","template":"","meta":{"_acf_changed":false,"_genesis_hide_title":false,"_genesis_hide_breadcrumbs":false,"_genesis_hide_singular_image":false,"_genesis_hide_footer_widgets":false,"_genesis_custom_body_class":"","_genesis_custom_post_class":"","_genesis_layout":""},"product_brand":[],"product_cat":[250],"product_tag":[],"class_list":{"1":"product","2":"type-product","6":"product_cat-pure-tobacco-extract-flavours","7":"entry","9":"first","10":"outofstock","11":"taxable","12":"shipping-taxable","13":"purchasable","14":"product-type-simple"},"acf":[],"_links":{"self":[{"href":"https:\/\/eliquidnicotine.co.uk\/fr\/wp-json\/wp\/v2\/product\/5910","targetHints":{"allow":["GET"]}}],"collection":[{"href":"https:\/\/eliquidnicotine.co.uk\/fr\/wp-json\/wp\/v2\/product"}],"about":[{"href":"https:\/\/eliquidnicotine.co.uk\/fr\/wp-json\/wp\/v2\/types\/product"}],"replies":[{"embeddable":true,"href":"https:\/\/eliquidnicotine.co.uk\/fr\/wp-json\/wp\/v2\/comments?post=5910"}],"wp:featuredmedia":[{"embeddable":true,"href":"https:\/\/eliquidnicotine.co.uk\/fr\/wp-json\/wp\/v2\/media\/443"}],"wp:attachment":[{"href":"https:\/\/eliquidnicotine.co.uk\/fr\/wp-json\/wp\/v2\/media?parent=5910"}],"wp:term":[{"taxonomy":"product_brand","embeddable":true,"href":"https:\/\/eliquidnicotine.co.uk\/fr\/wp-json\/wp\/v2\/product_brand?post=5910"},{"taxonomy":"product_cat","embeddable":true,"href":"https:\/\/eliquidnicotine.co.uk\/fr\/wp-json\/wp\/v2\/product_cat?post=5910"},{"taxonomy":"product_tag","embeddable":true,"href":"https:\/\/eliquidnicotine.co.uk\/fr\/wp-json\/wp\/v2\/product_tag?post=5910"}],"curies":[{"name":"wp","href":"https:\/\/api.w.org\/{rel}","templated":true}]}}