{"id":5914,"date":"2019-11-23T13:49:28","date_gmt":"2019-11-23T13:49:28","guid":{"rendered":"https:\/\/eliquidnicotine.co.uk\/shop\/la-tabaccheria-latakia-tabak-extrakt-aroma\/"},"modified":"2021-04-25T08:37:43","modified_gmt":"2021-04-25T08:37:43","slug":"la-tabaccheria-latakia-tobacco-extract-flavour","status":"publish","type":"product","link":"https:\/\/eliquidnicotine.co.uk\/fr\/shop\/la-tabaccheria-latakia-tobacco-extract-flavour\/","title":{"rendered":"La tabaccheria Latakia"},"content":{"rendered":"<p>Il est utilis\u00e9 dans presque tous les m\u00e9langes de pipes comme condiment et m\u00eame sa pr\u00e9sence minimale garantit un go\u00fbt intense et satisfaisant. L'extrait de tabac de Lattaqui\u00e9 est un compagnon ins\u00e9parable pour les randonneurs les plus exigeants qui recherchent un go\u00fbt vraiment unique. Go\u00fbt intense et aromatique.<\/p>","protected":false},"excerpt":{"rendered":"<p>Contenu 10 ml Latakia est un tabac appartenant \u00e0 la classe Fire Cured. Il est fum\u00e9 avec diff\u00e9rentes qualit\u00e9s de bois et d'herbes aromatiques qui conf\u00e8rent \u00e0 ce tabac les propri\u00e9t\u00e9s aromatiques les plus fortes de tous les tabacs.<\/p>","protected":false},"featured_media":437,"comment_status":"open","ping_status":"closed","template":"","meta":{"_acf_changed":false,"_genesis_hide_title":false,"_genesis_hide_breadcrumbs":false,"_genesis_hide_singular_image":false,"_genesis_hide_footer_widgets":false,"_genesis_custom_body_class":"","_genesis_custom_post_class":"","_genesis_layout":""},"product_brand":[],"product_cat":[250],"product_tag":[],"class_list":{"1":"product","2":"type-product","6":"product_cat-pure-tobacco-extract-flavours","7":"entry","9":"first","10":"outofstock","11":"taxable","12":"shipping-taxable","13":"purchasable","14":"product-type-simple"},"acf":[],"_links":{"self":[{"href":"https:\/\/eliquidnicotine.co.uk\/fr\/wp-json\/wp\/v2\/product\/5914","targetHints":{"allow":["GET"]}}],"collection":[{"href":"https:\/\/eliquidnicotine.co.uk\/fr\/wp-json\/wp\/v2\/product"}],"about":[{"href":"https:\/\/eliquidnicotine.co.uk\/fr\/wp-json\/wp\/v2\/types\/product"}],"replies":[{"embeddable":true,"href":"https:\/\/eliquidnicotine.co.uk\/fr\/wp-json\/wp\/v2\/comments?post=5914"}],"wp:featuredmedia":[{"embeddable":true,"href":"https:\/\/eliquidnicotine.co.uk\/fr\/wp-json\/wp\/v2\/media\/437"}],"wp:attachment":[{"href":"https:\/\/eliquidnicotine.co.uk\/fr\/wp-json\/wp\/v2\/media?parent=5914"}],"wp:term":[{"taxonomy":"product_brand","embeddable":true,"href":"https:\/\/eliquidnicotine.co.uk\/fr\/wp-json\/wp\/v2\/product_brand?post=5914"},{"taxonomy":"product_cat","embeddable":true,"href":"https:\/\/eliquidnicotine.co.uk\/fr\/wp-json\/wp\/v2\/product_cat?post=5914"},{"taxonomy":"product_tag","embeddable":true,"href":"https:\/\/eliquidnicotine.co.uk\/fr\/wp-json\/wp\/v2\/product_tag?post=5914"}],"curies":[{"name":"wp","href":"https:\/\/api.w.org\/{rel}","templated":true}]}}