{"id":5918,"date":"2019-11-23T13:49:28","date_gmt":"2019-11-23T13:49:28","guid":{"rendered":"https:\/\/eliquidnicotine.co.uk\/shop\/la-tabaccheria-black-cavendish-tabak-extrakt-aroma\/"},"modified":"2021-08-07T13:54:15","modified_gmt":"2021-08-07T13:54:15","slug":"la-tabaccheria-black-cavendish-tobacco-extract-flavour","status":"publish","type":"product","link":"https:\/\/eliquidnicotine.co.uk\/fr\/shop\/la-tabaccheria-black-cavendish-tobacco-extract-flavour\/","title":{"rendered":"La Tabaccheria Black Cavendish"},"content":{"rendered":"<p>La m\u00e9thode consiste \u00e0 aromatiser le tabac ou \u00e0 le soumettre \u00e0 une forte pression en facilitant la lib\u00e9ration des sucres naturels. L'extrait de tabac noir de Cavendish est une parfaite harmonie d'aromaticit\u00e9, entre le l\u00e9g\u00e8rement sucr\u00e9 et le sec, un \u00e9quilibre si parfait qu'il ne peut \u00e9tablir un emplacement pr\u00e9cis et c'est l\u00e0 sa plus grande force. Il sera un fid\u00e8le compagnon de vapeur tout au long de la journ\u00e9e, tant pour les amateurs de saveurs s\u00e8ches que pour les amateurs de go\u00fbts plus aromatiques.<\/p>","protected":false},"excerpt":{"rendered":"<p>Contenu 10 ml de Black Cavendish n'est pas une v\u00e9ritable vari\u00e9t\u00e9 de tabac mais une m\u00e9thode de soin suppl\u00e9mentaire appliqu\u00e9e \u00e0 un m\u00e9lange de tabac non manufactur\u00e9. On utilise plus commun\u00e9ment du Virginia et\/ou du Burley.<\/p>","protected":false},"featured_media":439,"comment_status":"open","ping_status":"closed","template":"","meta":{"_acf_changed":false,"_genesis_hide_title":false,"_genesis_hide_breadcrumbs":false,"_genesis_hide_singular_image":false,"_genesis_hide_footer_widgets":false,"_genesis_custom_body_class":"","_genesis_custom_post_class":"","_genesis_layout":""},"product_brand":[],"product_cat":[250],"product_tag":[],"class_list":{"1":"product","2":"type-product","6":"product_cat-pure-tobacco-extract-flavours","7":"entry","9":"first","10":"outofstock","11":"taxable","12":"shipping-taxable","13":"purchasable","14":"product-type-simple"},"acf":[],"_links":{"self":[{"href":"https:\/\/eliquidnicotine.co.uk\/fr\/wp-json\/wp\/v2\/product\/5918","targetHints":{"allow":["GET"]}}],"collection":[{"href":"https:\/\/eliquidnicotine.co.uk\/fr\/wp-json\/wp\/v2\/product"}],"about":[{"href":"https:\/\/eliquidnicotine.co.uk\/fr\/wp-json\/wp\/v2\/types\/product"}],"replies":[{"embeddable":true,"href":"https:\/\/eliquidnicotine.co.uk\/fr\/wp-json\/wp\/v2\/comments?post=5918"}],"wp:featuredmedia":[{"embeddable":true,"href":"https:\/\/eliquidnicotine.co.uk\/fr\/wp-json\/wp\/v2\/media\/439"}],"wp:attachment":[{"href":"https:\/\/eliquidnicotine.co.uk\/fr\/wp-json\/wp\/v2\/media?parent=5918"}],"wp:term":[{"taxonomy":"product_brand","embeddable":true,"href":"https:\/\/eliquidnicotine.co.uk\/fr\/wp-json\/wp\/v2\/product_brand?post=5918"},{"taxonomy":"product_cat","embeddable":true,"href":"https:\/\/eliquidnicotine.co.uk\/fr\/wp-json\/wp\/v2\/product_cat?post=5918"},{"taxonomy":"product_tag","embeddable":true,"href":"https:\/\/eliquidnicotine.co.uk\/fr\/wp-json\/wp\/v2\/product_tag?post=5918"}],"curies":[{"name":"wp","href":"https:\/\/api.w.org\/{rel}","templated":true}]}}