{"id":5922,"date":"2019-11-23T13:49:28","date_gmt":"2019-11-23T13:49:28","guid":{"rendered":"https:\/\/eliquidnicotine.co.uk\/shop\/la-tabaccheria-english-mixture-tabak-extrakt-aroma\/"},"modified":"2021-07-05T11:28:49","modified_gmt":"2021-07-05T11:28:49","slug":"la-tabaccheria-english-mixture-tobacco-extract-flavour","status":"publish","type":"product","link":"https:\/\/eliquidnicotine.co.uk\/fr\/shop\/tabaccheria-melange-anglais\/","title":{"rendered":"La Tabaccheria M\u00e9lange anglais"},"content":{"rendered":"<p>Nous avons interpr\u00e9t\u00e9 ce m\u00e9lange de la mani\u00e8re la plus \u00e9quilibr\u00e9e en cherchant la meilleure recette pour r\u00e9aliser les \"Bonnes Notes\" des protagonistes de Latakia. Ce m\u00e9lange est la Quintessence de Latakia, un triomphe d'ar\u00f4mes \u00e9volutifs et de leur persistance m\u00eame apr\u00e8s l'expiration. Un m\u00e9lange de m\u00e9ditation et de relaxation. Pour compl\u00e9ter la symphonie d'ar\u00f4mes, les notes de Barrique compl\u00e8tent et embellissent le go\u00fbt d'un des M\u00e9langes les plus \u00e9labor\u00e9s.<\/p>","protected":false},"excerpt":{"rendered":"<p>Contenu 10 ml<\/p>\n<p>Le m\u00e9lange anglais a diff\u00e9rentes interpr\u00e9tations et recettes, entre classique et moderne. La constante est une forte pr\u00e9sence de Latakia, accompagn\u00e9e de Virginia, d'Oriental et souvent d'autres vari\u00e9t\u00e9s.<\/p>","protected":false},"featured_media":471,"comment_status":"open","ping_status":"closed","template":"","meta":{"_acf_changed":false,"_genesis_hide_title":false,"_genesis_hide_breadcrumbs":false,"_genesis_hide_singular_image":false,"_genesis_hide_footer_widgets":false,"_genesis_custom_body_class":"","_genesis_custom_post_class":"","_genesis_layout":""},"product_brand":[],"product_cat":[250],"product_tag":[],"class_list":{"1":"product","2":"type-product","6":"product_cat-pure-tobacco-extract-flavours","7":"entry","9":"first","10":"outofstock","11":"taxable","12":"shipping-taxable","13":"purchasable","14":"product-type-simple"},"acf":[],"_links":{"self":[{"href":"https:\/\/eliquidnicotine.co.uk\/fr\/wp-json\/wp\/v2\/product\/5922","targetHints":{"allow":["GET"]}}],"collection":[{"href":"https:\/\/eliquidnicotine.co.uk\/fr\/wp-json\/wp\/v2\/product"}],"about":[{"href":"https:\/\/eliquidnicotine.co.uk\/fr\/wp-json\/wp\/v2\/types\/product"}],"replies":[{"embeddable":true,"href":"https:\/\/eliquidnicotine.co.uk\/fr\/wp-json\/wp\/v2\/comments?post=5922"}],"wp:featuredmedia":[{"embeddable":true,"href":"https:\/\/eliquidnicotine.co.uk\/fr\/wp-json\/wp\/v2\/media\/471"}],"wp:attachment":[{"href":"https:\/\/eliquidnicotine.co.uk\/fr\/wp-json\/wp\/v2\/media?parent=5922"}],"wp:term":[{"taxonomy":"product_brand","embeddable":true,"href":"https:\/\/eliquidnicotine.co.uk\/fr\/wp-json\/wp\/v2\/product_brand?post=5922"},{"taxonomy":"product_cat","embeddable":true,"href":"https:\/\/eliquidnicotine.co.uk\/fr\/wp-json\/wp\/v2\/product_cat?post=5922"},{"taxonomy":"product_tag","embeddable":true,"href":"https:\/\/eliquidnicotine.co.uk\/fr\/wp-json\/wp\/v2\/product_tag?post=5922"}],"curies":[{"name":"wp","href":"https:\/\/api.w.org\/{rel}","templated":true}]}}