{"id":5924,"date":"2019-11-23T13:49:29","date_gmt":"2019-11-23T13:49:29","guid":{"rendered":"https:\/\/eliquidnicotine.co.uk\/shop\/la-tabaccheria-balkan-mixture-tabak-extrakt-aroma\/"},"modified":"2021-03-08T09:23:04","modified_gmt":"2021-03-08T09:23:04","slug":"la-tabaccheria-balkan-mixture-tobacco-extract-flavour","status":"publish","type":"product","link":"https:\/\/eliquidnicotine.co.uk\/fr\/shop\/tabaccheria-melange-balkan\/","title":{"rendered":"La Tabaccheria M\u00e9lange des Balkans"},"content":{"rendered":"<p>La constante est une forte pr\u00e9sence de l'Oriental, accompagn\u00e9 de la Virginie et de la Lattaquie et souvent d'autres vari\u00e9t\u00e9s. Nous avons interpr\u00e9t\u00e9 ce m\u00e9lange de telle mani\u00e8re que les notes de l'Oriental sont les protagonistes. Ce m\u00e9lange est la Quintessence de l'Oriental, o\u00f9 ses notes \u00e9pic\u00e9es sont iconis\u00e9es sans contraste avec les notes aromatiques et fum\u00e9es de la Lattaquie et les notes douces de la Virginie. Un m\u00e9lange aromatique qui peut accompagner les vaporisateurs les plus exigeants tout au long de la journ\u00e9e. Pour compl\u00e9ter la symphonie d'ar\u00f4mes sont les notes Barrique qui compl\u00e8tent et embellissent le go\u00fbt d'un des m\u00e9langes les plus \u00e9labor\u00e9s.<\/p>","protected":false},"excerpt":{"rendered":"<p>Contenu 10 ml Le m\u00e9lange balkanique est souvent consid\u00e9r\u00e9 comme un EM (English Mixture) en raison de sa bonne dose de Lattaqui\u00e9 et, de plus, l'EM a des interpr\u00e9tations et des recettes diff\u00e9rentes.\u00a0<\/p>","protected":false},"featured_media":440,"comment_status":"open","ping_status":"closed","template":"","meta":{"_acf_changed":false,"_genesis_hide_title":false,"_genesis_hide_breadcrumbs":false,"_genesis_hide_singular_image":false,"_genesis_hide_footer_widgets":false,"_genesis_custom_body_class":"","_genesis_custom_post_class":"","_genesis_layout":""},"product_brand":[],"product_cat":[250],"product_tag":[],"class_list":{"1":"product","2":"type-product","6":"product_cat-pure-tobacco-extract-flavours","7":"entry","9":"first","10":"outofstock","11":"taxable","12":"shipping-taxable","13":"purchasable","14":"product-type-simple"},"acf":[],"_links":{"self":[{"href":"https:\/\/eliquidnicotine.co.uk\/fr\/wp-json\/wp\/v2\/product\/5924","targetHints":{"allow":["GET"]}}],"collection":[{"href":"https:\/\/eliquidnicotine.co.uk\/fr\/wp-json\/wp\/v2\/product"}],"about":[{"href":"https:\/\/eliquidnicotine.co.uk\/fr\/wp-json\/wp\/v2\/types\/product"}],"replies":[{"embeddable":true,"href":"https:\/\/eliquidnicotine.co.uk\/fr\/wp-json\/wp\/v2\/comments?post=5924"}],"wp:featuredmedia":[{"embeddable":true,"href":"https:\/\/eliquidnicotine.co.uk\/fr\/wp-json\/wp\/v2\/media\/440"}],"wp:attachment":[{"href":"https:\/\/eliquidnicotine.co.uk\/fr\/wp-json\/wp\/v2\/media?parent=5924"}],"wp:term":[{"taxonomy":"product_brand","embeddable":true,"href":"https:\/\/eliquidnicotine.co.uk\/fr\/wp-json\/wp\/v2\/product_brand?post=5924"},{"taxonomy":"product_cat","embeddable":true,"href":"https:\/\/eliquidnicotine.co.uk\/fr\/wp-json\/wp\/v2\/product_cat?post=5924"},{"taxonomy":"product_tag","embeddable":true,"href":"https:\/\/eliquidnicotine.co.uk\/fr\/wp-json\/wp\/v2\/product_tag?post=5924"}],"curies":[{"name":"wp","href":"https:\/\/api.w.org\/{rel}","templated":true}]}}