{"id":5926,"date":"2019-11-23T13:49:29","date_gmt":"2019-11-23T13:49:29","guid":{"rendered":"https:\/\/eliquidnicotine.co.uk\/shop\/la-tabaccheria-bezuki-tabak-extrakt-aroma\/"},"modified":"2021-06-14T07:30:36","modified_gmt":"2021-06-14T07:30:36","slug":"la-tabaccheria-bezuki-tobacco-extract-flavour","status":"publish","type":"product","link":"https:\/\/eliquidnicotine.co.uk\/fr\/shop\/la-tabaccheria-bezuki-tobacco-extract-flavour\/","title":{"rendered":"La Tabaccheria Bezuki"},"content":{"rendered":"<p>Le Bezuki appartient \u00e0 la classe Dark Air Cured. Les tabacs de cette classe sont utilis\u00e9s pour la fabrication de cigares, sont s\u00e9ch\u00e9s \u00e0 l'air et subissent une fermentation apr\u00e8s laquelle les feuilles obtiennent une couleur nettement fonc\u00e9e et des caract\u00e9ristiques aromatiques tr\u00e8s marqu\u00e9es. Le Bezuki est utilis\u00e9 pour la production de nombreux cigares \u00e0 la fois comme Wrapper (ceinture ext\u00e9rieure du cigare), comme Binder (sous-cigare) et comme Filler (remplissage du cigare), souvent pr\u00e9f\u00e9r\u00e9 pour ses caract\u00e9ristiques aromatiques remarquables au Connecticut Shade, l'un des cigares les plus utilis\u00e9s. L'extrait de tabac Bezuki, qui appartient \u00e0 notre ligne Elite, vous \u00e9tonnera par son ar\u00f4me unique et diff\u00e9rent de tout autre tabac, intense et \u00e9pic\u00e9, qui vous permettra de cr\u00e9er de nouveaux et satisfaisants m\u00e9langes personnalis\u00e9s. Le Bezuki est un \"Must\" pour les amateurs de cigares et les amoureux du cigare qui recherchent ce go\u00fbt sp\u00e9cial que l'on ne trouve que dans un cigare de qualit\u00e9.<\/p>","protected":false},"excerpt":{"rendered":"<p>Contenu 10 ml Bezuki est un tabac typique de l'Indon\u00e9sie, une terre b\u00e9nie par le soleil, un sol volcanique et un degr\u00e9 d'humidit\u00e9 ad\u00e9quat, caract\u00e9ristiques id\u00e9ales pour la culture et l'entretien de ce tabac tr\u00e8s sp\u00e9cial.\u00a0<\/p>","protected":false},"featured_media":435,"comment_status":"open","ping_status":"closed","template":"","meta":{"_acf_changed":false,"_genesis_hide_title":false,"_genesis_hide_breadcrumbs":false,"_genesis_hide_singular_image":false,"_genesis_hide_footer_widgets":false,"_genesis_custom_body_class":"","_genesis_custom_post_class":"","_genesis_layout":""},"product_brand":[],"product_cat":[250],"product_tag":[],"class_list":{"1":"product","2":"type-product","6":"product_cat-pure-tobacco-extract-flavours","7":"entry","9":"first","10":"outofstock","11":"taxable","12":"shipping-taxable","13":"purchasable","14":"product-type-simple"},"acf":[],"_links":{"self":[{"href":"https:\/\/eliquidnicotine.co.uk\/fr\/wp-json\/wp\/v2\/product\/5926","targetHints":{"allow":["GET"]}}],"collection":[{"href":"https:\/\/eliquidnicotine.co.uk\/fr\/wp-json\/wp\/v2\/product"}],"about":[{"href":"https:\/\/eliquidnicotine.co.uk\/fr\/wp-json\/wp\/v2\/types\/product"}],"replies":[{"embeddable":true,"href":"https:\/\/eliquidnicotine.co.uk\/fr\/wp-json\/wp\/v2\/comments?post=5926"}],"wp:featuredmedia":[{"embeddable":true,"href":"https:\/\/eliquidnicotine.co.uk\/fr\/wp-json\/wp\/v2\/media\/435"}],"wp:attachment":[{"href":"https:\/\/eliquidnicotine.co.uk\/fr\/wp-json\/wp\/v2\/media?parent=5926"}],"wp:term":[{"taxonomy":"product_brand","embeddable":true,"href":"https:\/\/eliquidnicotine.co.uk\/fr\/wp-json\/wp\/v2\/product_brand?post=5926"},{"taxonomy":"product_cat","embeddable":true,"href":"https:\/\/eliquidnicotine.co.uk\/fr\/wp-json\/wp\/v2\/product_cat?post=5926"},{"taxonomy":"product_tag","embeddable":true,"href":"https:\/\/eliquidnicotine.co.uk\/fr\/wp-json\/wp\/v2\/product_tag?post=5926"}],"curies":[{"name":"wp","href":"https:\/\/api.w.org\/{rel}","templated":true}]}}