{"id":5928,"date":"2019-11-23T13:49:29","date_gmt":"2019-11-23T13:49:29","guid":{"rendered":"https:\/\/eliquidnicotine.co.uk\/shop\/la-tabaccheria-piloto-cubano-tabak-extrakt-aroma\/"},"modified":"2021-05-17T06:29:06","modified_gmt":"2021-05-17T06:29:06","slug":"la-tabaccheria-piloto-cubano-tobacco-extract-flavour","status":"publish","type":"product","link":"https:\/\/eliquidnicotine.co.uk\/fr\/shop\/la-tabaccheria-piloto-cubano-tobacco-extract-flavour\/","title":{"rendered":"La Tabaccheria Piloto Cubano"},"content":{"rendered":"<p>De ces deux familles de tabacs cubains sont n\u00e9es de nombreuses hybridations ult\u00e9rieures utilis\u00e9es encore aujourd'hui pour la fabrication de cigares cubains tels que Criollo 98, Corojo 99, Habana 92 et Habana 2000. Le Cuban Pilot tire son nom de la ville d'origine cubaine, Pilotos, dans la r\u00e9gion de Pinar del Rio, qui a d\u00e9barqu\u00e9 en R\u00e9publique dominicaine en 1960 o\u00f9 le sol et les conditions climatiques sont id\u00e9ales pour la culture de ce \"Parent\" de la famille Havanensis cultiv\u00e9 en dehors de la terre d'origine. Le Cuban Pilot appartient \u00e0 la classe Dark Air Cured. Les tabacs appartenant \u00e0 cette classe sont utilis\u00e9s pour la fabrication de cigares, sont s\u00e9ch\u00e9s \u00e0 l'air et subissent une fermentation apr\u00e8s laquelle les feuilles obtiennent une couleur nettement fonc\u00e9e et des caract\u00e9ristiques aromatiques tr\u00e8s marqu\u00e9es. Le Cuban Pilot que nous avons s\u00e9lectionn\u00e9 est un Sun-Grown-Filler, un tabac cultiv\u00e9 au soleil et utilis\u00e9 comme garniture dans la fabrication des cigares. La particularit\u00e9 de ce tabac, que notre entreprise trouve \u00e9galement sur d'autres tabacs \u00e0 cigare, est que malgr\u00e9 la force et le corps qu'il poss\u00e8de s'il est fum\u00e9 de mani\u00e8re traditionnelle, l'extrait de Piloto Cubano, appartenant \u00e0 notre ligne Elite, est au contraire doux et enveloppant et sera un compagnon de vaporisation exceptionnel pour les fans et les amateurs de cigares cubains, \u00e0 la recherche de cette saveur unique, que vous ne pouvez trouver qu'en humant l'odeur du vrai cigare cubain.<\/p>","protected":false},"excerpt":{"rendered":"<p>Contenu 10 ml Apr\u00e8s la r\u00e9volution de 1959 \u00e0 Cuba, certains cultivateurs ont \u00e9migr\u00e9 en R\u00e9publique dominicaine, apportant avec eux les graines et l'art de cultiver et de soigner le \"Tabaco Negro Cuban\", dont l'esp\u00e8ce est divis\u00e9e en 2 grandes familles : Criollo et Corojo.\u00a0<\/p>","protected":false},"featured_media":431,"comment_status":"open","ping_status":"closed","template":"","meta":{"_acf_changed":false,"_genesis_hide_title":false,"_genesis_hide_breadcrumbs":false,"_genesis_hide_singular_image":false,"_genesis_hide_footer_widgets":false,"_genesis_custom_body_class":"","_genesis_custom_post_class":"","_genesis_layout":""},"product_brand":[],"product_cat":[250],"product_tag":[],"class_list":{"1":"product","2":"type-product","6":"product_cat-pure-tobacco-extract-flavours","7":"entry","9":"first","10":"outofstock","11":"taxable","12":"shipping-taxable","13":"purchasable","14":"product-type-simple"},"acf":[],"_links":{"self":[{"href":"https:\/\/eliquidnicotine.co.uk\/fr\/wp-json\/wp\/v2\/product\/5928","targetHints":{"allow":["GET"]}}],"collection":[{"href":"https:\/\/eliquidnicotine.co.uk\/fr\/wp-json\/wp\/v2\/product"}],"about":[{"href":"https:\/\/eliquidnicotine.co.uk\/fr\/wp-json\/wp\/v2\/types\/product"}],"replies":[{"embeddable":true,"href":"https:\/\/eliquidnicotine.co.uk\/fr\/wp-json\/wp\/v2\/comments?post=5928"}],"wp:featuredmedia":[{"embeddable":true,"href":"https:\/\/eliquidnicotine.co.uk\/fr\/wp-json\/wp\/v2\/media\/431"}],"wp:attachment":[{"href":"https:\/\/eliquidnicotine.co.uk\/fr\/wp-json\/wp\/v2\/media?parent=5928"}],"wp:term":[{"taxonomy":"product_brand","embeddable":true,"href":"https:\/\/eliquidnicotine.co.uk\/fr\/wp-json\/wp\/v2\/product_brand?post=5928"},{"taxonomy":"product_cat","embeddable":true,"href":"https:\/\/eliquidnicotine.co.uk\/fr\/wp-json\/wp\/v2\/product_cat?post=5928"},{"taxonomy":"product_tag","embeddable":true,"href":"https:\/\/eliquidnicotine.co.uk\/fr\/wp-json\/wp\/v2\/product_tag?post=5928"}],"curies":[{"name":"wp","href":"https:\/\/api.w.org\/{rel}","templated":true}]}}