{"id":5930,"date":"2019-11-23T13:49:29","date_gmt":"2019-11-23T13:49:29","guid":{"rendered":"https:\/\/eliquidnicotine.co.uk\/shop\/la-tabaccheria-mata-fina-tabak-extrakt-aroma\/"},"modified":"2021-03-01T12:52:51","modified_gmt":"2021-03-01T12:52:51","slug":"la-tabaccheria-mata-fina-tobacco-extract-flavour","status":"publish","type":"product","link":"https:\/\/eliquidnicotine.co.uk\/fr\/shop\/la-tabaccheria-mata-fina-dextrait-de-tabac\/","title":{"rendered":"La tabaccheria Mata Fina"},"content":{"rendered":"<p>Il d\u00e9finit la \"Prima Donna\" pour ses propri\u00e9t\u00e9s aromatiques vraiment remarquables, mais en m\u00eame temps tr\u00e8s d\u00e9licates. La Mata Fina appartient \u00e0 la classe des Dark Air Cured. Les tabacs de cette classe sont utilis\u00e9s pour fabriquer des cigares, sont trait\u00e9s \u00e0 l'air et subissent une fermentation, apr\u00e8s quoi les feuilles prennent une couleur extr\u00eamement fonc\u00e9e et des propri\u00e9t\u00e9s aromatiques tr\u00e8s prononc\u00e9es. Le Mata Fina que nous s\u00e9lectionnons est une cape Sun-Grown ou un tabac \u00e0 bandage cultiv\u00e9 au soleil. Ces tabacs diff\u00e8rent des enveloppes Shade-Grown pr\u00e9cis\u00e9ment parce que la culture au soleil fait que ces plantes produisent un ar\u00f4me plus fort que les Shades, qui sont plus douces et plus neutres. Dans la production des cigares, la cape est d\u00e9finie comme la feuille ext\u00e9rieure, la bande inf\u00e9rieure comme liant et la bourre comme remplissage. L'extrait de tabac Mata Fina de notre ligne Elite est un compagnon ins\u00e9parable pour tous ceux qui recherchent un ar\u00f4me vraiment distinctif, \u00e0 la fois d\u00e9licat et sensuel, et qui, tel un \u00e9l\u00e9gant \"Prima Donna\" \u00e0 vos c\u00f4t\u00e9s, gardera le jour<\/p>","protected":false},"excerpt":{"rendered":"<p>Contenu 10 ml La Mata Fina, d\u00e9crite comme la \"premi\u00e8re femme\" du tabac \u00e0 cigare, est un tabac de qualit\u00e9 sup\u00e9rieure produit dans l'\u00c9tat br\u00e9silien de Bahia et est utilis\u00e9e pour la fabrication de nombreux cigares de qualit\u00e9.\u00a0<\/p>","protected":false},"featured_media":433,"comment_status":"open","ping_status":"closed","template":"","meta":{"_acf_changed":false,"_genesis_hide_title":false,"_genesis_hide_breadcrumbs":false,"_genesis_hide_singular_image":false,"_genesis_hide_footer_widgets":false,"_genesis_custom_body_class":"","_genesis_custom_post_class":"","_genesis_layout":""},"product_brand":[],"product_cat":[250],"product_tag":[],"class_list":{"1":"product","2":"type-product","6":"product_cat-pure-tobacco-extract-flavours","7":"entry","9":"first","10":"outofstock","11":"taxable","12":"shipping-taxable","13":"purchasable","14":"product-type-simple"},"acf":[],"_links":{"self":[{"href":"https:\/\/eliquidnicotine.co.uk\/fr\/wp-json\/wp\/v2\/product\/5930","targetHints":{"allow":["GET"]}}],"collection":[{"href":"https:\/\/eliquidnicotine.co.uk\/fr\/wp-json\/wp\/v2\/product"}],"about":[{"href":"https:\/\/eliquidnicotine.co.uk\/fr\/wp-json\/wp\/v2\/types\/product"}],"replies":[{"embeddable":true,"href":"https:\/\/eliquidnicotine.co.uk\/fr\/wp-json\/wp\/v2\/comments?post=5930"}],"wp:featuredmedia":[{"embeddable":true,"href":"https:\/\/eliquidnicotine.co.uk\/fr\/wp-json\/wp\/v2\/media\/433"}],"wp:attachment":[{"href":"https:\/\/eliquidnicotine.co.uk\/fr\/wp-json\/wp\/v2\/media?parent=5930"}],"wp:term":[{"taxonomy":"product_brand","embeddable":true,"href":"https:\/\/eliquidnicotine.co.uk\/fr\/wp-json\/wp\/v2\/product_brand?post=5930"},{"taxonomy":"product_cat","embeddable":true,"href":"https:\/\/eliquidnicotine.co.uk\/fr\/wp-json\/wp\/v2\/product_cat?post=5930"},{"taxonomy":"product_tag","embeddable":true,"href":"https:\/\/eliquidnicotine.co.uk\/fr\/wp-json\/wp\/v2\/product_tag?post=5930"}],"curies":[{"name":"wp","href":"https:\/\/api.w.org\/{rel}","templated":true}]}}