{"id":5932,"date":"2019-11-23T13:49:29","date_gmt":"2019-11-23T13:49:29","guid":{"rendered":"https:\/\/eliquidnicotine.co.uk\/shop\/la-tabaccheria-mary-land-tabak-extrakt-aroma\/"},"modified":"2021-08-11T06:36:10","modified_gmt":"2021-08-11T06:36:10","slug":"la-tabaccheria-mary-land-tobacco-extract-flavour","status":"publish","type":"product","link":"https:\/\/eliquidnicotine.co.uk\/fr\/shop\/la-tabaccheria-mary-land-extrait-de-tabac-gout\/","title":{"rendered":"La Tabaccheria Mary Land"},"content":{"rendered":"<p>Il a souvent \u00e9t\u00e9 pr\u00e9f\u00e9r\u00e9 \u00e0 Burley pr\u00e9cis\u00e9ment dans la formulation des m\u00e9langes American Blend qui \u00e9taient beaucoup plus savoureux et cors\u00e9s s'ils \u00e9taient formul\u00e9s avec un m\u00e9lange de Virginie, Maryland et Oriental au lieu de Virginie, Burley et Oriental. Le choix du Maryland dans la formulation de l'American Blend est utilis\u00e9 par des fabricants de renom qui ont fait leur fortune gr\u00e2ce \u00e0 l'utilisation de ce fantastique tabac qui parvient \u00e0 donner un corps et une aromaticit\u00e9 compl\u00e8tement diff\u00e9rents d'un m\u00e9lange am\u00e9ricain classique. L'extrait de tabac Maryland, qui appartient \u00e0 notre ligne Elite, a un ar\u00f4me aimable et \u00e9pic\u00e9, un ar\u00f4me complet, rond et satisfaisant, qui conviendra aux amateurs de go\u00fbts sal\u00e9s, mais en m\u00eame temps non intrusif, donc, peut \u00eatre utilis\u00e9 tout au long de la journ\u00e9e sans jamais se fatiguer.<\/p>","protected":false},"excerpt":{"rendered":"<p>Contenu 10 ml Le Maryland est un tabac typiquement am\u00e9ricain. Comme le Burley, il appartient \u00e0 la classe des Light Air Cured mais il diff\u00e8re beaucoup du Burley en ce qu'il a un ar\u00f4me vraiment unique, beaucoup plus rond et cors\u00e9 que le Burley, presque cr\u00e9meux.\u00a0<\/p>","protected":false},"featured_media":434,"comment_status":"open","ping_status":"closed","template":"","meta":{"_acf_changed":false,"_genesis_hide_title":false,"_genesis_hide_breadcrumbs":false,"_genesis_hide_singular_image":false,"_genesis_hide_footer_widgets":false,"_genesis_custom_body_class":"","_genesis_custom_post_class":"","_genesis_layout":""},"product_brand":[],"product_cat":[250],"product_tag":[],"class_list":{"1":"product","2":"type-product","6":"product_cat-pure-tobacco-extract-flavours","7":"entry","9":"first","10":"outofstock","11":"taxable","12":"shipping-taxable","13":"purchasable","14":"product-type-simple"},"acf":[],"_links":{"self":[{"href":"https:\/\/eliquidnicotine.co.uk\/fr\/wp-json\/wp\/v2\/product\/5932","targetHints":{"allow":["GET"]}}],"collection":[{"href":"https:\/\/eliquidnicotine.co.uk\/fr\/wp-json\/wp\/v2\/product"}],"about":[{"href":"https:\/\/eliquidnicotine.co.uk\/fr\/wp-json\/wp\/v2\/types\/product"}],"replies":[{"embeddable":true,"href":"https:\/\/eliquidnicotine.co.uk\/fr\/wp-json\/wp\/v2\/comments?post=5932"}],"wp:featuredmedia":[{"embeddable":true,"href":"https:\/\/eliquidnicotine.co.uk\/fr\/wp-json\/wp\/v2\/media\/434"}],"wp:attachment":[{"href":"https:\/\/eliquidnicotine.co.uk\/fr\/wp-json\/wp\/v2\/media?parent=5932"}],"wp:term":[{"taxonomy":"product_brand","embeddable":true,"href":"https:\/\/eliquidnicotine.co.uk\/fr\/wp-json\/wp\/v2\/product_brand?post=5932"},{"taxonomy":"product_cat","embeddable":true,"href":"https:\/\/eliquidnicotine.co.uk\/fr\/wp-json\/wp\/v2\/product_cat?post=5932"},{"taxonomy":"product_tag","embeddable":true,"href":"https:\/\/eliquidnicotine.co.uk\/fr\/wp-json\/wp\/v2\/product_tag?post=5932"}],"curies":[{"name":"wp","href":"https:\/\/api.w.org\/{rel}","templated":true}]}}