{"id":5934,"date":"2019-11-23T13:49:29","date_gmt":"2019-11-23T13:49:29","guid":{"rendered":"https:\/\/eliquidnicotine.co.uk\/shop\/la-tabaccheria-kentucky-usa-elite-tabak-extrakt-aroma\/"},"modified":"2021-03-25T08:05:28","modified_gmt":"2021-03-25T08:05:28","slug":"la-tabaccheria-kentucky-usa-elite-tobacco-extract-flavour","status":"publish","type":"product","link":"https:\/\/eliquidnicotine.co.uk\/fr\/shop\/la-tabaccheria-kentucky-usa-elite-tobacco-extract-flavour\/","title":{"rendered":"La Tabaccheria Kentucky USA Elite"},"content":{"rendered":"<p>C'est un tabac tr\u00e8s sp\u00e9cial produit en Am\u00e9rique et pr\u00e9cis\u00e9ment dans le Tennessee. Comme tous les Kentucky appartiennent \u00e0 la classe des Fire Cured, mais contrairement au Kentucky utilis\u00e9 dans notre ligne d'extraits de tabac, ce produit nous a \u00e9tonn\u00e9 par son fumage particulier, tr\u00e8s diff\u00e9rent, si nous voulons beaucoup plus fort. N\u00e9anmoins, les notes fum\u00e9es sont plus aimables et beaucoup plus aromatiques qu'un Kentucky \"classique\". L'extrait de Kentucky USA Tobacco, appartenant \u00e0 notre ligne Elite, a un go\u00fbt fort et aromatique, un ar\u00f4me rappelant l'odeur d'un bon barbecue et sera id\u00e9al apr\u00e8s un repas de viande. L'extrait de Kentucky USA Tobacco, m\u00eame s'il n'est pas un ar\u00f4me con\u00e7u pour la vapeur quotidienne, est un \"Must\" pour ceux qui recherchent un go\u00fbt vraiment sp\u00e9cial et diff\u00e9rent dans le tabac fire cured.<\/p>","protected":false},"excerpt":{"rendered":"<p>Contenu 10 ml Kentucky USA est un nom que nous avons voulu donner pour diff\u00e9rencier ce produit du Kentucky pr\u00e9c\u00e9dent.\u00a0<\/p>","protected":false},"featured_media":436,"comment_status":"open","ping_status":"closed","template":"","meta":{"_acf_changed":false,"_genesis_hide_title":false,"_genesis_hide_breadcrumbs":false,"_genesis_hide_singular_image":false,"_genesis_hide_footer_widgets":false,"_genesis_custom_body_class":"","_genesis_custom_post_class":"","_genesis_layout":""},"product_brand":[],"product_cat":[250],"product_tag":[],"class_list":{"1":"product","2":"type-product","6":"product_cat-pure-tobacco-extract-flavours","7":"entry","9":"first","10":"outofstock","11":"taxable","12":"shipping-taxable","13":"purchasable","14":"product-type-simple"},"acf":[],"_links":{"self":[{"href":"https:\/\/eliquidnicotine.co.uk\/fr\/wp-json\/wp\/v2\/product\/5934","targetHints":{"allow":["GET"]}}],"collection":[{"href":"https:\/\/eliquidnicotine.co.uk\/fr\/wp-json\/wp\/v2\/product"}],"about":[{"href":"https:\/\/eliquidnicotine.co.uk\/fr\/wp-json\/wp\/v2\/types\/product"}],"replies":[{"embeddable":true,"href":"https:\/\/eliquidnicotine.co.uk\/fr\/wp-json\/wp\/v2\/comments?post=5934"}],"wp:featuredmedia":[{"embeddable":true,"href":"https:\/\/eliquidnicotine.co.uk\/fr\/wp-json\/wp\/v2\/media\/436"}],"wp:attachment":[{"href":"https:\/\/eliquidnicotine.co.uk\/fr\/wp-json\/wp\/v2\/media?parent=5934"}],"wp:term":[{"taxonomy":"product_brand","embeddable":true,"href":"https:\/\/eliquidnicotine.co.uk\/fr\/wp-json\/wp\/v2\/product_brand?post=5934"},{"taxonomy":"product_cat","embeddable":true,"href":"https:\/\/eliquidnicotine.co.uk\/fr\/wp-json\/wp\/v2\/product_cat?post=5934"},{"taxonomy":"product_tag","embeddable":true,"href":"https:\/\/eliquidnicotine.co.uk\/fr\/wp-json\/wp\/v2\/product_tag?post=5934"}],"curies":[{"name":"wp","href":"https:\/\/api.w.org\/{rel}","templated":true}]}}