{"id":5942,"date":"2019-11-23T13:49:29","date_gmt":"2019-11-23T13:49:29","guid":{"rendered":"https:\/\/eliquidnicotine.co.uk\/shop\/la-tabaccheria-special-blend-harmonium-tabak-extrakt-aroma\/"},"modified":"2021-05-18T11:00:00","modified_gmt":"2021-05-18T11:00:00","slug":"la-tabaccheria-special-blend-harmonium-tobacco-extract-flavour","status":"publish","type":"product","link":"https:\/\/eliquidnicotine.co.uk\/fr\/shop\/tabaccheria-melange-special-saveur-extrait-de-tabac\/","title":{"rendered":"La Tabaccheria M\u00e9lange sp\u00e9cial Harmonium"},"content":{"rendered":"<p>Description<br \/>\nDescription du produit :<\/p>\n<p>M\u00e9lange d'extraits de tabac aromatis\u00e9s. Ne pas avaler. Ne pas utiliser en tant que tel. Utiliser dans la dilution 10-15% pour aromatiser les liquides d'inhalation (bases neutres) pour les cigarettes \u00e9lectroniques (ECig), les cigares \u00e9lectroniques (ECigar), les pipes \u00e9lectroniques (EPipe).<\/p>\n<p>Ingr\u00e9dients :<\/p>\n<p>Propyl\u00e8ne glycol, ar\u00f4mes, extraits de tabac.<\/p>\n<p>Avertissements :<\/p>\n<p>Lire l'\u00e9tiquette avant utilisation. Il ne s'agit pas d'un aliment. Ne pas ing\u00e9rer. Ne pas utiliser en tant que tel. Diluer \u00e0 10-15% dans une base neutre pour cigarette \u00e9lectronique. Le produit ne n\u00e9cessite pas de maturation post-dilution. Peut contenir des traces in\u00e9vitables de nicotine provenant du processus d'extraction. Tenir hors de port\u00e9e des enfants. EN CAS DE MALADIE : En cas de malaise, contacter un CENTRE ANTIPOISON ou un m\u00e9decin. \u00c9liminer le produit\/r\u00e9cipient conform\u00e9ment \u00e0 la r\u00e9glementation nationale. Conserver entre 1\u00b0C et 40\u00b0C \u00e0 l'abri de la lumi\u00e8re du soleil. Fiche de donn\u00e9es de s\u00e9curit\u00e9 disponible sur demande. Notice d'emballage et fiche de donn\u00e9es de s\u00e9curit\u00e9 sur www.latabaccheria.net. PRODUIT DESTIN\u00c9 UNIQUEMENT ET EXCLUSIVEMENT \u00c0 L'USAGE DU CONSOMMATEUR FINAL. VENTE INTERDITE AUX ENFANTS DE MOINS DE 18 ANS<\/p>","protected":false},"excerpt":{"rendered":"<p>Contenu 10 ml Une symphonie durcie par le feu avec un soup\u00e7on de noisette, de noix de coco et de barrique.<\/p>","protected":false},"featured_media":11702,"comment_status":"open","ping_status":"closed","template":"","meta":{"_acf_changed":false,"_genesis_hide_title":false,"_genesis_hide_breadcrumbs":false,"_genesis_hide_singular_image":false,"_genesis_hide_footer_widgets":false,"_genesis_custom_body_class":"","_genesis_custom_post_class":"","_genesis_layout":""},"product_brand":[],"product_cat":[250],"product_tag":[],"class_list":{"1":"product","2":"type-product","6":"product_cat-pure-tobacco-extract-flavours","7":"entry","9":"first","10":"outofstock","11":"taxable","12":"shipping-taxable","13":"purchasable","14":"product-type-simple"},"acf":[],"_links":{"self":[{"href":"https:\/\/eliquidnicotine.co.uk\/fr\/wp-json\/wp\/v2\/product\/5942","targetHints":{"allow":["GET"]}}],"collection":[{"href":"https:\/\/eliquidnicotine.co.uk\/fr\/wp-json\/wp\/v2\/product"}],"about":[{"href":"https:\/\/eliquidnicotine.co.uk\/fr\/wp-json\/wp\/v2\/types\/product"}],"replies":[{"embeddable":true,"href":"https:\/\/eliquidnicotine.co.uk\/fr\/wp-json\/wp\/v2\/comments?post=5942"}],"wp:featuredmedia":[{"embeddable":true,"href":"https:\/\/eliquidnicotine.co.uk\/fr\/wp-json\/wp\/v2\/media\/11702"}],"wp:attachment":[{"href":"https:\/\/eliquidnicotine.co.uk\/fr\/wp-json\/wp\/v2\/media?parent=5942"}],"wp:term":[{"taxonomy":"product_brand","embeddable":true,"href":"https:\/\/eliquidnicotine.co.uk\/fr\/wp-json\/wp\/v2\/product_brand?post=5942"},{"taxonomy":"product_cat","embeddable":true,"href":"https:\/\/eliquidnicotine.co.uk\/fr\/wp-json\/wp\/v2\/product_cat?post=5942"},{"taxonomy":"product_tag","embeddable":true,"href":"https:\/\/eliquidnicotine.co.uk\/fr\/wp-json\/wp\/v2\/product_tag?post=5942"}],"curies":[{"name":"wp","href":"https:\/\/api.w.org\/{rel}","templated":true}]}}