{"id":5944,"date":"2019-11-23T13:49:29","date_gmt":"2019-11-23T13:49:29","guid":{"rendered":"https:\/\/eliquidnicotine.co.uk\/shop\/la-tabaccheria-mixture-n-1-tabak-extrakt-aroma\/"},"modified":"2021-01-16T08:31:23","modified_gmt":"2021-01-16T08:31:23","slug":"la-tabaccheria-mixture-n-1-tobacco-extract-flavour","status":"publish","type":"product","link":"https:\/\/eliquidnicotine.co.uk\/fr\/shop\/tabaccheria-tabac-melange-n1\/","title":{"rendered":"La Tabaccheria M\u00e9lange N 1"},"content":{"rendered":"<p>Ce m\u00e9lange ouvre les portes d'un v\u00e9ritable spin-off de la ligne \"Miscele Barrique\", \u00e0 laquelle appartiendront des m\u00e9langes qui auront une gamme plus large de combinaisons aromatiques, puisqu'ils seront formul\u00e9s \u00e0 partir de tous nos produits, ligne \u00e9lite comprise !<\/p>\n<p>Ce m\u00e9lange est le Blend qui manquait vraiment, o\u00f9 l'un de nos \"chevaux de bataille\", M. Kentucky, dirige un orchestre de go\u00fbt, de corps et d'ar\u00f4mes donn\u00e9s par un m\u00e9lange complexe de diff\u00e9rents tabacs et de notes de barrique.<\/p>\n<p>Un m\u00e9lange qui mettra tout le monde d'accord, m\u00eame ceux qui regardent le feu gu\u00e9ri pour la premi\u00e8re fois, car nous avons \u00e9tudi\u00e9 une formule complexe, ronde et pleine de facettes, mais en m\u00eame temps non intrusive et destin\u00e9e \u00e0 tous les amateurs de tabac doux, \u00e9quilibr\u00e9 ou fum\u00e9.<\/p>","protected":false},"excerpt":{"rendered":"<h2>Un extrait de tabac pur pour le m\u00e9lange e-liquide : la meilleure des gorges<\/h2>\n<p>NOUS SOMMES FIERS DE VOUS PR\u00c9SENTER LE PREMIER M\u00c9LANGE, QUI A EU L'HONNEUR DE PORTER LE NOM DE LA SOCI\u00c9T\u00c9 : \"LA TABACCHERIA MIXTURE N.1\".<\/p>","protected":false},"featured_media":6509,"comment_status":"open","ping_status":"closed","template":"","meta":{"_acf_changed":false,"_genesis_hide_title":false,"_genesis_hide_breadcrumbs":false,"_genesis_hide_singular_image":false,"_genesis_hide_footer_widgets":false,"_genesis_custom_body_class":"","_genesis_custom_post_class":"","_genesis_layout":""},"product_brand":[],"product_cat":[250],"product_tag":[],"class_list":{"1":"product","2":"type-product","6":"product_cat-pure-tobacco-extract-flavours","7":"entry","9":"first","10":"outofstock","11":"taxable","12":"shipping-taxable","13":"purchasable","14":"product-type-simple"},"acf":[],"_links":{"self":[{"href":"https:\/\/eliquidnicotine.co.uk\/fr\/wp-json\/wp\/v2\/product\/5944","targetHints":{"allow":["GET"]}}],"collection":[{"href":"https:\/\/eliquidnicotine.co.uk\/fr\/wp-json\/wp\/v2\/product"}],"about":[{"href":"https:\/\/eliquidnicotine.co.uk\/fr\/wp-json\/wp\/v2\/types\/product"}],"replies":[{"embeddable":true,"href":"https:\/\/eliquidnicotine.co.uk\/fr\/wp-json\/wp\/v2\/comments?post=5944"}],"wp:featuredmedia":[{"embeddable":true,"href":"https:\/\/eliquidnicotine.co.uk\/fr\/wp-json\/wp\/v2\/media\/6509"}],"wp:attachment":[{"href":"https:\/\/eliquidnicotine.co.uk\/fr\/wp-json\/wp\/v2\/media?parent=5944"}],"wp:term":[{"taxonomy":"product_brand","embeddable":true,"href":"https:\/\/eliquidnicotine.co.uk\/fr\/wp-json\/wp\/v2\/product_brand?post=5944"},{"taxonomy":"product_cat","embeddable":true,"href":"https:\/\/eliquidnicotine.co.uk\/fr\/wp-json\/wp\/v2\/product_cat?post=5944"},{"taxonomy":"product_tag","embeddable":true,"href":"https:\/\/eliquidnicotine.co.uk\/fr\/wp-json\/wp\/v2\/product_tag?post=5944"}],"curies":[{"name":"wp","href":"https:\/\/api.w.org\/{rel}","templated":true}]}}