{"id":5946,"date":"2019-11-23T13:49:29","date_gmt":"2019-11-23T13:49:29","guid":{"rendered":"https:\/\/eliquidnicotine.co.uk\/shop\/la-tabaccheria-hells-mixture-baffometto-tabak-extrakt-aroma\/"},"modified":"2021-11-01T10:36:15","modified_gmt":"2021-11-01T10:36:15","slug":"la-tabaccheria-hells-mixture-baffometto-tobacco-extract-flavour","status":"publish","type":"product","link":"https:\/\/eliquidnicotine.co.uk\/fr\/shop\/hells-melange-baffometto-tabac\/","title":{"rendered":"La Tabaccheria Hell's Mixture Baffometto"},"content":{"rendered":"<p>Un m\u00e9lange de nos tabacs Virginia, Black Cavendish et Latakia, formul\u00e9 par le \"Sommelier de la Svapo\" Umberto Giannini et produit par notre soci\u00e9t\u00e9 en son honneur. Un m\u00e9lange \"TOUTE LA JOURN\u00c9E\" et en m\u00eame temps une \"d\u00e9gustation\", selon la m\u00e9thode de dilution choisie, qui vous donnera des moments de d\u00e9tente ou vous accompagnera tout au long de la journ\u00e9e. Un m\u00e9lange dont il sera difficile de se d\u00e9tacher, digne de la Hell's Mixtures Line ! !!<\/p>","protected":false},"excerpt":{"rendered":"<p>Contenu 10 ml Le premier m\u00e9lange en \u00e9dition limit\u00e9e de la nouvelle ligne Hell's Mixtures.<\/p>","protected":false},"featured_media":11698,"comment_status":"open","ping_status":"closed","template":"","meta":{"_acf_changed":false,"_genesis_hide_title":false,"_genesis_hide_breadcrumbs":false,"_genesis_hide_singular_image":false,"_genesis_hide_footer_widgets":false,"_genesis_custom_body_class":"","_genesis_custom_post_class":"","_genesis_layout":""},"product_brand":[],"product_cat":[250],"product_tag":[],"class_list":{"1":"product","2":"type-product","6":"product_cat-pure-tobacco-extract-flavours","7":"entry","9":"first","10":"outofstock","11":"taxable","12":"shipping-taxable","13":"purchasable","14":"product-type-simple"},"acf":[],"_links":{"self":[{"href":"https:\/\/eliquidnicotine.co.uk\/fr\/wp-json\/wp\/v2\/product\/5946","targetHints":{"allow":["GET"]}}],"collection":[{"href":"https:\/\/eliquidnicotine.co.uk\/fr\/wp-json\/wp\/v2\/product"}],"about":[{"href":"https:\/\/eliquidnicotine.co.uk\/fr\/wp-json\/wp\/v2\/types\/product"}],"replies":[{"embeddable":true,"href":"https:\/\/eliquidnicotine.co.uk\/fr\/wp-json\/wp\/v2\/comments?post=5946"}],"wp:featuredmedia":[{"embeddable":true,"href":"https:\/\/eliquidnicotine.co.uk\/fr\/wp-json\/wp\/v2\/media\/11698"}],"wp:attachment":[{"href":"https:\/\/eliquidnicotine.co.uk\/fr\/wp-json\/wp\/v2\/media?parent=5946"}],"wp:term":[{"taxonomy":"product_brand","embeddable":true,"href":"https:\/\/eliquidnicotine.co.uk\/fr\/wp-json\/wp\/v2\/product_brand?post=5946"},{"taxonomy":"product_cat","embeddable":true,"href":"https:\/\/eliquidnicotine.co.uk\/fr\/wp-json\/wp\/v2\/product_cat?post=5946"},{"taxonomy":"product_tag","embeddable":true,"href":"https:\/\/eliquidnicotine.co.uk\/fr\/wp-json\/wp\/v2\/product_tag?post=5946"}],"curies":[{"name":"wp","href":"https:\/\/api.w.org\/{rel}","templated":true}]}}