{"id":5948,"date":"2019-11-23T13:49:29","date_gmt":"2019-11-23T13:49:29","guid":{"rendered":"https:\/\/eliquidnicotine.co.uk\/shop\/la-tabaccheria-hells-mixture-n-759-tabak-extrakt-aroma\/"},"modified":"2021-03-24T13:23:39","modified_gmt":"2021-03-24T13:23:39","slug":"la-tabaccheria-hells-mixture-n-759-tobacco-extract-flavour","status":"publish","type":"product","link":"https:\/\/eliquidnicotine.co.uk\/fr\/shop\/tabaccheria-759-extrait-de-tabac\/","title":{"rendered":"La Tabaccheria Hell's Mixture N.759"},"content":{"rendered":"<p>C'est notre interpr\u00e9tation du m\u00e9lange ! !! En effectuant cette r\u00e9vision, nous devons tenir compte de certains facteurs importants, car nous voulons \u00eatre clairs et transparents avec nos clients, comme toujours. Le premier facteur \u00e0 prendre en compte est le fait que ce m\u00e9lange n'est plus produit dans sa version originale. Il serait impossible pour quiconque de fabriquer \u00e0 nouveau ce produit, bien que des stocks tr\u00e8s rares soient encore disponibles, mais pas des quantit\u00e9s qui permettraient la production \u00e0 la vapeur (entre autres, nous ne recommandons \u00e0 personne d'\u00e9tuver des produits du tabac qui ont \u00e9t\u00e9 trait\u00e9s pour diverses raisons, il est toujours pr\u00e9f\u00e9rable d'utiliser des extraits faits avec du tabac brut et de qualit\u00e9 sup\u00e9rieure). Cependant, un autre facteur doit \u00eatre pris en compte : les tabacs qui composent ce m\u00e9lange ne sont plus cultiv\u00e9s et disponibles, comme le Latakia syrien. Pour recr\u00e9er exactement ce m\u00e9lange l\u00e9gendaire, il serait impossible aujourd'hui, m\u00eame pour la maison de fabrication contenant la recette originale, non seulement les proportions des tabacs jouent un r\u00f4le important r<\/p>","protected":false},"excerpt":{"rendered":"<h2>Nous sommes heureux de vous pr\u00e9senter notre \"nouveau d\u00e9mon\", le meilleur coup de gorge du march\u00e9<\/h2>\n<p>Contenu 10 ml La r\u00e9vision d'un m\u00e9lange l\u00e9gendaire autour duquel un mythe a \u00e9t\u00e9 cr\u00e9\u00e9 et pour lequel plus de litt\u00e9rature et d'hypoth\u00e8ses sur la v\u00e9ritable recette ont \u00e9t\u00e9 faites que pour tout autre m\u00e9lange de tabac.<\/p>","protected":false},"featured_media":11699,"comment_status":"open","ping_status":"closed","template":"","meta":{"_acf_changed":false,"_genesis_hide_title":false,"_genesis_hide_breadcrumbs":false,"_genesis_hide_singular_image":false,"_genesis_hide_footer_widgets":false,"_genesis_custom_body_class":"","_genesis_custom_post_class":"","_genesis_layout":""},"product_brand":[],"product_cat":[250],"product_tag":[],"class_list":{"1":"product","2":"type-product","6":"product_cat-pure-tobacco-extract-flavours","7":"entry","9":"first","10":"outofstock","11":"taxable","12":"shipping-taxable","13":"purchasable","14":"product-type-simple"},"acf":[],"_links":{"self":[{"href":"https:\/\/eliquidnicotine.co.uk\/fr\/wp-json\/wp\/v2\/product\/5948","targetHints":{"allow":["GET"]}}],"collection":[{"href":"https:\/\/eliquidnicotine.co.uk\/fr\/wp-json\/wp\/v2\/product"}],"about":[{"href":"https:\/\/eliquidnicotine.co.uk\/fr\/wp-json\/wp\/v2\/types\/product"}],"replies":[{"embeddable":true,"href":"https:\/\/eliquidnicotine.co.uk\/fr\/wp-json\/wp\/v2\/comments?post=5948"}],"wp:featuredmedia":[{"embeddable":true,"href":"https:\/\/eliquidnicotine.co.uk\/fr\/wp-json\/wp\/v2\/media\/11699"}],"wp:attachment":[{"href":"https:\/\/eliquidnicotine.co.uk\/fr\/wp-json\/wp\/v2\/media?parent=5948"}],"wp:term":[{"taxonomy":"product_brand","embeddable":true,"href":"https:\/\/eliquidnicotine.co.uk\/fr\/wp-json\/wp\/v2\/product_brand?post=5948"},{"taxonomy":"product_cat","embeddable":true,"href":"https:\/\/eliquidnicotine.co.uk\/fr\/wp-json\/wp\/v2\/product_cat?post=5948"},{"taxonomy":"product_tag","embeddable":true,"href":"https:\/\/eliquidnicotine.co.uk\/fr\/wp-json\/wp\/v2\/product_tag?post=5948"}],"curies":[{"name":"wp","href":"https:\/\/api.w.org\/{rel}","templated":true}]}}