{"id":5950,"date":"2019-11-23T13:49:30","date_gmt":"2019-11-23T13:49:30","guid":{"rendered":"https:\/\/eliquidnicotine.co.uk\/shop\/la-tabaccheria-hells-mixture-reserve-tabak-extrakt-aroma\/"},"modified":"2021-11-01T10:36:31","modified_gmt":"2021-11-01T10:36:31","slug":"la-tabaccheria-hells-mixture-reserve-tobacco-extract-flavour","status":"publish","type":"product","link":"https:\/\/eliquidnicotine.co.uk\/fr\/shop\/tabaccheria-reserve-dextrait-de-tabac\/","title":{"rendered":"La tabaccheria Hell's Mixture Reserve"},"content":{"rendered":"<p>Le r\u00e9sultat est un m\u00e9lange diff\u00e9rent qui cr\u00e9e l'\u00e9quilibre et l'harmonie entre les tabacs qui constituent sa plus grande force. Les notes de barrique s'harmonisent parfaitement avec le m\u00e9lange de tabacs. Le go\u00fbt agr\u00e9ablement amer du bois de ch\u00eane, en contraste avec la douceur du m\u00e9lange, cr\u00e9e une symphonie de saveurs vraiment unique.<\/p>","protected":false},"excerpt":{"rendered":"<h2>La tabaccheria pure Ar\u00f4me d'extrait de tabac meilleur coup de gorge<\/h2>\n<p>Contenu 10 ml La version de r\u00e9serve de Baffometto, pr\u00e9curseur de notre ligne Hell's Mixtures, a \u00e9t\u00e9 r\u00e9vis\u00e9e pour inclure des notes intenses de barrique de fins bois de ch\u00eane.<\/p>","protected":false},"featured_media":11697,"comment_status":"open","ping_status":"closed","template":"","meta":{"_acf_changed":false,"_genesis_hide_title":false,"_genesis_hide_breadcrumbs":false,"_genesis_hide_singular_image":false,"_genesis_hide_footer_widgets":false,"_genesis_custom_body_class":"","_genesis_custom_post_class":"","_genesis_layout":""},"product_brand":[],"product_cat":[250],"product_tag":[],"class_list":{"1":"product","2":"type-product","6":"product_cat-pure-tobacco-extract-flavours","7":"entry","9":"first","10":"outofstock","11":"taxable","12":"shipping-taxable","13":"purchasable","14":"product-type-simple"},"acf":[],"_links":{"self":[{"href":"https:\/\/eliquidnicotine.co.uk\/fr\/wp-json\/wp\/v2\/product\/5950","targetHints":{"allow":["GET"]}}],"collection":[{"href":"https:\/\/eliquidnicotine.co.uk\/fr\/wp-json\/wp\/v2\/product"}],"about":[{"href":"https:\/\/eliquidnicotine.co.uk\/fr\/wp-json\/wp\/v2\/types\/product"}],"replies":[{"embeddable":true,"href":"https:\/\/eliquidnicotine.co.uk\/fr\/wp-json\/wp\/v2\/comments?post=5950"}],"wp:featuredmedia":[{"embeddable":true,"href":"https:\/\/eliquidnicotine.co.uk\/fr\/wp-json\/wp\/v2\/media\/11697"}],"wp:attachment":[{"href":"https:\/\/eliquidnicotine.co.uk\/fr\/wp-json\/wp\/v2\/media?parent=5950"}],"wp:term":[{"taxonomy":"product_brand","embeddable":true,"href":"https:\/\/eliquidnicotine.co.uk\/fr\/wp-json\/wp\/v2\/product_brand?post=5950"},{"taxonomy":"product_cat","embeddable":true,"href":"https:\/\/eliquidnicotine.co.uk\/fr\/wp-json\/wp\/v2\/product_cat?post=5950"},{"taxonomy":"product_tag","embeddable":true,"href":"https:\/\/eliquidnicotine.co.uk\/fr\/wp-json\/wp\/v2\/product_tag?post=5950"}],"curies":[{"name":"wp","href":"https:\/\/api.w.org\/{rel}","templated":true}]}}