{"id":5952,"date":"2019-11-23T13:49:30","date_gmt":"2019-11-23T13:49:30","guid":{"rendered":"https:\/\/eliquidnicotine.co.uk\/shop\/la-tabaccheria-premium-passito-di-tabacco-tabak-extrakt-aroma\/"},"modified":"2021-05-25T08:33:49","modified_gmt":"2021-05-25T08:33:49","slug":"la-tabaccheria-premium-passito-di-tabacco-tobacco-extract-flavour","status":"publish","type":"product","link":"https:\/\/eliquidnicotine.co.uk\/fr\/shop\/extrait-de-tabac-de-qualite-superieure\/","title":{"rendered":"La Tabaccheria Premium Passito di Tabacco"},"content":{"rendered":"<p>Contenu 10 ml Le Passito di Tabacco est le r\u00e9sultat de deux passions : le vin et bien s\u00fbr le tabac. D'une s\u00e9lection de tabacs fins na\u00eet un m\u00e9lange qui accueille le nectar des dieux, de la belle Sicile et ouvre la porte \u00e0 une s\u00e9rie de m\u00e9langes finement \u00e9pic\u00e9s avec une s\u00e9lection de produits italiens qui font de notre pays une classe mondiale.<\/p>","protected":false},"excerpt":{"rendered":"<p>Extrait de tabac pur pour le m\u00e9lange e-liquide, joli coup de gorge.\u00a0<\/p>","protected":false},"featured_media":6507,"comment_status":"open","ping_status":"closed","template":"","meta":{"_acf_changed":false,"_genesis_hide_title":false,"_genesis_hide_breadcrumbs":false,"_genesis_hide_singular_image":false,"_genesis_hide_footer_widgets":false,"_genesis_custom_body_class":"","_genesis_custom_post_class":"","_genesis_layout":""},"product_brand":[],"product_cat":[250],"product_tag":[],"class_list":{"1":"product","2":"type-product","6":"product_cat-pure-tobacco-extract-flavours","7":"entry","9":"first","10":"outofstock","11":"taxable","12":"shipping-taxable","13":"purchasable","14":"product-type-simple"},"acf":[],"_links":{"self":[{"href":"https:\/\/eliquidnicotine.co.uk\/fr\/wp-json\/wp\/v2\/product\/5952","targetHints":{"allow":["GET"]}}],"collection":[{"href":"https:\/\/eliquidnicotine.co.uk\/fr\/wp-json\/wp\/v2\/product"}],"about":[{"href":"https:\/\/eliquidnicotine.co.uk\/fr\/wp-json\/wp\/v2\/types\/product"}],"replies":[{"embeddable":true,"href":"https:\/\/eliquidnicotine.co.uk\/fr\/wp-json\/wp\/v2\/comments?post=5952"}],"wp:featuredmedia":[{"embeddable":true,"href":"https:\/\/eliquidnicotine.co.uk\/fr\/wp-json\/wp\/v2\/media\/6507"}],"wp:attachment":[{"href":"https:\/\/eliquidnicotine.co.uk\/fr\/wp-json\/wp\/v2\/media?parent=5952"}],"wp:term":[{"taxonomy":"product_brand","embeddable":true,"href":"https:\/\/eliquidnicotine.co.uk\/fr\/wp-json\/wp\/v2\/product_brand?post=5952"},{"taxonomy":"product_cat","embeddable":true,"href":"https:\/\/eliquidnicotine.co.uk\/fr\/wp-json\/wp\/v2\/product_cat?post=5952"},{"taxonomy":"product_tag","embeddable":true,"href":"https:\/\/eliquidnicotine.co.uk\/fr\/wp-json\/wp\/v2\/product_tag?post=5952"}],"curies":[{"name":"wp","href":"https:\/\/api.w.org\/{rel}","templated":true}]}}