{"id":5970,"date":"2019-11-23T13:49:31","date_gmt":"2019-11-23T13:49:31","guid":{"rendered":"https:\/\/eliquidnicotine.co.uk\/shop\/strawberry-ripe-tpa-aroma-zum-selbstmischen\/"},"modified":"2025-10-07T10:17:12","modified_gmt":"2025-10-07T09:17:12","slug":"strawberry-ripe-tpa","status":"publish","type":"product","link":"https:\/\/eliquidnicotine.co.uk\/fr\/shop\/fraise-mure-tpa\/","title":{"rendered":"Fraise m\u00fbre TPA"},"content":{"rendered":"","protected":false},"excerpt":{"rendered":"<h2>Perfumers apprentice fraise (m\u00fbre)\u00a0<\/h2>\n<p>Donne l'authentique et d\u00e9licieux parfum des fraises m\u00fbres fra\u00eechement cueillies. E liquide Ar\u00f4mes de l'apprenti parfumeur TPA. Ce sont des ar\u00f4mes concentr\u00e9s, ne vont pas non dilu\u00e9s, vous devez les ajouter \u00e0 votre liquide de base.<\/p>","protected":false},"featured_media":6512,"comment_status":"open","ping_status":"closed","template":"","meta":{"_acf_changed":false,"_genesis_hide_title":false,"_genesis_hide_breadcrumbs":false,"_genesis_hide_singular_image":false,"_genesis_hide_footer_widgets":false,"_genesis_custom_body_class":"","_genesis_custom_post_class":"","_genesis_layout":""},"product_brand":[],"product_cat":[243],"product_tag":[],"class_list":{"1":"product","2":"type-product","6":"product_cat-tpa-flavours-for-self-mixing","7":"entry","9":"first","10":"instock","11":"taxable","12":"shipping-taxable","13":"purchasable","14":"product-type-variable"},"acf":[],"_links":{"self":[{"href":"https:\/\/eliquidnicotine.co.uk\/fr\/wp-json\/wp\/v2\/product\/5970","targetHints":{"allow":["GET"]}}],"collection":[{"href":"https:\/\/eliquidnicotine.co.uk\/fr\/wp-json\/wp\/v2\/product"}],"about":[{"href":"https:\/\/eliquidnicotine.co.uk\/fr\/wp-json\/wp\/v2\/types\/product"}],"replies":[{"embeddable":true,"href":"https:\/\/eliquidnicotine.co.uk\/fr\/wp-json\/wp\/v2\/comments?post=5970"}],"wp:featuredmedia":[{"embeddable":true,"href":"https:\/\/eliquidnicotine.co.uk\/fr\/wp-json\/wp\/v2\/media\/6512"}],"wp:attachment":[{"href":"https:\/\/eliquidnicotine.co.uk\/fr\/wp-json\/wp\/v2\/media?parent=5970"}],"wp:term":[{"taxonomy":"product_brand","embeddable":true,"href":"https:\/\/eliquidnicotine.co.uk\/fr\/wp-json\/wp\/v2\/product_brand?post=5970"},{"taxonomy":"product_cat","embeddable":true,"href":"https:\/\/eliquidnicotine.co.uk\/fr\/wp-json\/wp\/v2\/product_cat?post=5970"},{"taxonomy":"product_tag","embeddable":true,"href":"https:\/\/eliquidnicotine.co.uk\/fr\/wp-json\/wp\/v2\/product_tag?post=5970"}],"curies":[{"name":"wp","href":"https:\/\/api.w.org\/{rel}","templated":true}]}}