{"id":5978,"date":"2019-11-23T13:49:31","date_gmt":"2019-11-23T13:49:31","guid":{"rendered":"https:\/\/eliquidnicotine.co.uk\/shop\/watermelon-candy-tpa-aroma-zum-selbstmischen\/"},"modified":"2025-04-02T15:26:59","modified_gmt":"2025-04-02T14:26:59","slug":"watermelon-candy-tpa","status":"publish","type":"product","link":"https:\/\/eliquidnicotine.co.uk\/fr\/shop\/bonbon-a-la-pasteque-tpa\/","title":{"rendered":"Bonbon \u00e0 la past\u00e8que TPA"},"content":{"rendered":"","protected":false},"excerpt":{"rendered":"<h2>Perfumers Apprentice Bonbons \u00e0 la past\u00e8que\u00a0<\/h2>\n<p>Offre un favori des confiseries - une saveur de past\u00e8que rafra\u00eechissante, sucr\u00e9e et acidul\u00e9e. E liquide Ar\u00f4mes de l'apprenti parfumeur TPA. Ce sont des ar\u00f4mes concentr\u00e9s, ne vont pas non dilu\u00e9s, vous devez les ajouter \u00e0 votre liquide de base.<\/p>","protected":false},"featured_media":6518,"comment_status":"open","ping_status":"closed","template":"","meta":{"_acf_changed":false,"_genesis_hide_title":false,"_genesis_hide_breadcrumbs":false,"_genesis_hide_singular_image":false,"_genesis_hide_footer_widgets":false,"_genesis_custom_body_class":"","_genesis_custom_post_class":"","_genesis_layout":""},"product_brand":[],"product_cat":[243],"product_tag":[],"class_list":{"1":"product","2":"type-product","6":"product_cat-tpa-flavours-for-self-mixing","7":"entry","9":"first","10":"instock","11":"taxable","12":"shipping-taxable","13":"purchasable","14":"product-type-variable"},"acf":[],"_links":{"self":[{"href":"https:\/\/eliquidnicotine.co.uk\/fr\/wp-json\/wp\/v2\/product\/5978","targetHints":{"allow":["GET"]}}],"collection":[{"href":"https:\/\/eliquidnicotine.co.uk\/fr\/wp-json\/wp\/v2\/product"}],"about":[{"href":"https:\/\/eliquidnicotine.co.uk\/fr\/wp-json\/wp\/v2\/types\/product"}],"replies":[{"embeddable":true,"href":"https:\/\/eliquidnicotine.co.uk\/fr\/wp-json\/wp\/v2\/comments?post=5978"}],"wp:featuredmedia":[{"embeddable":true,"href":"https:\/\/eliquidnicotine.co.uk\/fr\/wp-json\/wp\/v2\/media\/6518"}],"wp:attachment":[{"href":"https:\/\/eliquidnicotine.co.uk\/fr\/wp-json\/wp\/v2\/media?parent=5978"}],"wp:term":[{"taxonomy":"product_brand","embeddable":true,"href":"https:\/\/eliquidnicotine.co.uk\/fr\/wp-json\/wp\/v2\/product_brand?post=5978"},{"taxonomy":"product_cat","embeddable":true,"href":"https:\/\/eliquidnicotine.co.uk\/fr\/wp-json\/wp\/v2\/product_cat?post=5978"},{"taxonomy":"product_tag","embeddable":true,"href":"https:\/\/eliquidnicotine.co.uk\/fr\/wp-json\/wp\/v2\/product_tag?post=5978"}],"curies":[{"name":"wp","href":"https:\/\/api.w.org\/{rel}","templated":true}]}}