{"id":5990,"date":"2019-11-23T13:49:32","date_gmt":"2019-11-23T13:49:32","guid":{"rendered":"https:\/\/eliquidnicotine.co.uk\/shop\/dragon-fruit-tpa-aroma-zum-selbstmischen\/"},"modified":"2025-04-02T15:26:21","modified_gmt":"2025-04-02T14:26:21","slug":"dragon-fruit-tpa","status":"publish","type":"product","link":"https:\/\/eliquidnicotine.co.uk\/fr\/shop\/gout-de-fruit-du-dragon-tpa\/","title":{"rendered":"Ar\u00f4me fruits du dragon TPA"},"content":{"rendered":"","protected":false},"excerpt":{"rendered":"<h2>Concentr\u00e9 de dragon par un apprenti parfumeur<\/h2>\n<p>D\u00e9livre le go\u00fbt merveilleusement vif et fruit\u00e9 du Dragonfruit frais. Les ar\u00f4mes liquides de l'apprenti parfumeur TPA. Ce sont des ar\u00f4mes concentr\u00e9s, ne pas vanter non dilu\u00e9s, il faut les ajouter \u00e0 votre liquide de base.<\/p>","protected":false},"featured_media":6488,"comment_status":"open","ping_status":"closed","template":"","meta":{"_acf_changed":false,"_genesis_hide_title":false,"_genesis_hide_breadcrumbs":false,"_genesis_hide_singular_image":false,"_genesis_hide_footer_widgets":false,"_genesis_custom_body_class":"","_genesis_custom_post_class":"","_genesis_layout":""},"product_brand":[],"product_cat":[243],"product_tag":[],"class_list":{"1":"product","2":"type-product","6":"product_cat-tpa-flavours-for-self-mixing","7":"entry","9":"first","10":"instock","11":"taxable","12":"shipping-taxable","13":"purchasable","14":"product-type-variable"},"acf":[],"_links":{"self":[{"href":"https:\/\/eliquidnicotine.co.uk\/fr\/wp-json\/wp\/v2\/product\/5990","targetHints":{"allow":["GET"]}}],"collection":[{"href":"https:\/\/eliquidnicotine.co.uk\/fr\/wp-json\/wp\/v2\/product"}],"about":[{"href":"https:\/\/eliquidnicotine.co.uk\/fr\/wp-json\/wp\/v2\/types\/product"}],"replies":[{"embeddable":true,"href":"https:\/\/eliquidnicotine.co.uk\/fr\/wp-json\/wp\/v2\/comments?post=5990"}],"wp:featuredmedia":[{"embeddable":true,"href":"https:\/\/eliquidnicotine.co.uk\/fr\/wp-json\/wp\/v2\/media\/6488"}],"wp:attachment":[{"href":"https:\/\/eliquidnicotine.co.uk\/fr\/wp-json\/wp\/v2\/media?parent=5990"}],"wp:term":[{"taxonomy":"product_brand","embeddable":true,"href":"https:\/\/eliquidnicotine.co.uk\/fr\/wp-json\/wp\/v2\/product_brand?post=5990"},{"taxonomy":"product_cat","embeddable":true,"href":"https:\/\/eliquidnicotine.co.uk\/fr\/wp-json\/wp\/v2\/product_cat?post=5990"},{"taxonomy":"product_tag","embeddable":true,"href":"https:\/\/eliquidnicotine.co.uk\/fr\/wp-json\/wp\/v2\/product_tag?post=5990"}],"curies":[{"name":"wp","href":"https:\/\/api.w.org\/{rel}","templated":true}]}}