{"id":5994,"date":"2019-11-23T13:49:32","date_gmt":"2019-11-23T13:49:32","guid":{"rendered":"https:\/\/eliquidnicotine.co.uk\/shop\/vanilla-cupcake-tpa-aroma-zum-selbstmischen\/"},"modified":"2025-04-02T15:26:06","modified_gmt":"2025-04-02T14:26:06","slug":"vanilla-cupcake-tpa","status":"publish","type":"product","link":"https:\/\/eliquidnicotine.co.uk\/fr\/shop\/arome-de-cupcake-a-la-vanille-tpa\/","title":{"rendered":"Ar\u00f4me de cupcake \u00e0 la vanille TPA"},"content":{"rendered":"","protected":false},"excerpt":{"rendered":"<p><font size=\"2\"><\/p>\n<h2>Cupcake \u00e0 la vanille<\/h2>\n<p><\/font>Offre les saveurs d'un cupcake \u00e0 la vanille riche et cr\u00e9meux avec un cornet de glace sucr\u00e9. E liquide Ar\u00f4mes de Perfumers Apprentice TPA. Ce sont des ar\u00f4mes concentr\u00e9s, ne pas les laisser non dilu\u00e9s, vous devez les ajouter \u00e0 votre liquide de base. Offre les saveurs d'un cupcake \u00e0 la vanille riche et cr\u00e9meux avec un cornet de glace sucr\u00e9.<\/p>","protected":false},"featured_media":6516,"comment_status":"open","ping_status":"closed","template":"","meta":{"_acf_changed":false,"_genesis_hide_title":false,"_genesis_hide_breadcrumbs":false,"_genesis_hide_singular_image":false,"_genesis_hide_footer_widgets":false,"_genesis_custom_body_class":"","_genesis_custom_post_class":"","_genesis_layout":""},"product_brand":[],"product_cat":[243],"product_tag":[],"class_list":{"1":"product","2":"type-product","6":"product_cat-tpa-flavours-for-self-mixing","7":"entry","9":"first","10":"instock","11":"taxable","12":"shipping-taxable","13":"purchasable","14":"product-type-variable"},"acf":[],"_links":{"self":[{"href":"https:\/\/eliquidnicotine.co.uk\/fr\/wp-json\/wp\/v2\/product\/5994","targetHints":{"allow":["GET"]}}],"collection":[{"href":"https:\/\/eliquidnicotine.co.uk\/fr\/wp-json\/wp\/v2\/product"}],"about":[{"href":"https:\/\/eliquidnicotine.co.uk\/fr\/wp-json\/wp\/v2\/types\/product"}],"replies":[{"embeddable":true,"href":"https:\/\/eliquidnicotine.co.uk\/fr\/wp-json\/wp\/v2\/comments?post=5994"}],"wp:featuredmedia":[{"embeddable":true,"href":"https:\/\/eliquidnicotine.co.uk\/fr\/wp-json\/wp\/v2\/media\/6516"}],"wp:attachment":[{"href":"https:\/\/eliquidnicotine.co.uk\/fr\/wp-json\/wp\/v2\/media?parent=5994"}],"wp:term":[{"taxonomy":"product_brand","embeddable":true,"href":"https:\/\/eliquidnicotine.co.uk\/fr\/wp-json\/wp\/v2\/product_brand?post=5994"},{"taxonomy":"product_cat","embeddable":true,"href":"https:\/\/eliquidnicotine.co.uk\/fr\/wp-json\/wp\/v2\/product_cat?post=5994"},{"taxonomy":"product_tag","embeddable":true,"href":"https:\/\/eliquidnicotine.co.uk\/fr\/wp-json\/wp\/v2\/product_tag?post=5994"}],"curies":[{"name":"wp","href":"https:\/\/api.w.org\/{rel}","templated":true}]}}