{"id":69,"date":"2017-12-03T06:49:22","date_gmt":"2017-12-03T06:49:22","guid":{"rendered":"https:\/\/eliquidnicotine.co.uk\/?post_type=product&#038;p=69"},"modified":"2023-03-12T22:38:45","modified_gmt":"2023-03-12T21:38:45","slug":"pg-vg-base-for-e-liquid","status":"publish","type":"product","link":"https:\/\/eliquidnicotine.co.uk\/fr\/shop\/pg-vg-base-pour-e-liquide\/","title":{"rendered":"Pharma Grade PG VG USP"},"content":{"rendered":"<p><strong>Les prix des mati\u00e8res premi\u00e8res ont doubl\u00e9 en ce moment, ce qui nous a oblig\u00e9s \u00e0 augmenter nos prix. D\u00e8s que les prix baisseront, nous ajusterons \u00e0 nouveau nos prix.<\/strong><\/p>\r\n\r\n<p>Le pg vg de qualit\u00e9 pharmaceutique comme base pour votre e liquid. Propyl\u00e8ne glycol, glyc\u00e9rine v\u00e9g\u00e9tale et 50\/50 de qualit\u00e9 sup\u00e9rieure pour le m\u00e9lange.<\/p>\r\n\r\n<p><strong>Le prix du PG a augment\u00e9 en raison de l'\u00e9volution du march\u00e9 mondial.<\/strong><\/p>","protected":false},"excerpt":{"rendered":"<p>PG VG Base sans nicotine<\/p>","protected":false},"featured_media":18602,"comment_status":"open","ping_status":"closed","template":"","meta":{"_acf_changed":false,"_genesis_hide_title":false,"_genesis_hide_breadcrumbs":false,"_genesis_hide_singular_image":false,"_genesis_hide_footer_widgets":false,"_genesis_custom_body_class":"","_genesis_custom_post_class":"","_genesis_layout":""},"product_brand":[],"product_cat":[572,244],"product_tag":[],"class_list":{"1":"product","2":"type-product","6":"product_cat-e-liquid-base","7":"product_cat-neutral-base-pg-vg","8":"entry","10":"first","11":"instock","12":"taxable","13":"shipping-taxable","14":"purchasable","15":"product-type-variable"},"acf":[],"_links":{"self":[{"href":"https:\/\/eliquidnicotine.co.uk\/fr\/wp-json\/wp\/v2\/product\/69","targetHints":{"allow":["GET"]}}],"collection":[{"href":"https:\/\/eliquidnicotine.co.uk\/fr\/wp-json\/wp\/v2\/product"}],"about":[{"href":"https:\/\/eliquidnicotine.co.uk\/fr\/wp-json\/wp\/v2\/types\/product"}],"replies":[{"embeddable":true,"href":"https:\/\/eliquidnicotine.co.uk\/fr\/wp-json\/wp\/v2\/comments?post=69"}],"wp:featuredmedia":[{"embeddable":true,"href":"https:\/\/eliquidnicotine.co.uk\/fr\/wp-json\/wp\/v2\/media\/18602"}],"wp:attachment":[{"href":"https:\/\/eliquidnicotine.co.uk\/fr\/wp-json\/wp\/v2\/media?parent=69"}],"wp:term":[{"taxonomy":"product_brand","embeddable":true,"href":"https:\/\/eliquidnicotine.co.uk\/fr\/wp-json\/wp\/v2\/product_brand?post=69"},{"taxonomy":"product_cat","embeddable":true,"href":"https:\/\/eliquidnicotine.co.uk\/fr\/wp-json\/wp\/v2\/product_cat?post=69"},{"taxonomy":"product_tag","embeddable":true,"href":"https:\/\/eliquidnicotine.co.uk\/fr\/wp-json\/wp\/v2\/product_tag?post=69"}],"curies":[{"name":"wp","href":"https:\/\/api.w.org\/{rel}","templated":true}]}}