{"id":70,"date":"2017-12-03T06:49:59","date_gmt":"2017-12-03T06:49:59","guid":{"rendered":"https:\/\/eliquidnicotine.co.uk\/?post_type=product&#038;p=70"},"modified":"2021-12-04T21:29:05","modified_gmt":"2021-12-04T21:29:05","slug":"fly-me-to-mars-premium-flavours","status":"publish","type":"product","link":"https:\/\/eliquidnicotine.co.uk\/fr\/shop\/aromes-de-qualite-superieure\/","title":{"rendered":"fly me to mars les Ar\u00f4me"},"content":{"rendered":"<h2 class=\"vc_custom_heading wpb_animate_when_almost_visible wpb_appear appear wpb_start_animation animated\">Saveurs naturelles et biologiques<\/h2>\n<p>Des ar\u00f4mes tr\u00e8s concentr\u00e9s, il suffit d'avoir 5% pour avoir un bon go\u00fbt et un bon liquide.<\/p>\n<p>Produire des ar\u00f4mes pour l'industrie alimentaire et des boissons, en utilisant les meilleurs ingr\u00e9dients et en suivant les normes de fabrication les plus strictes.<\/p>\n<p>Des normes \u00e9lev\u00e9es nous permettent aujourd'hui de cr\u00e9er les saveurs les plus fines, ce qui fait que le vaping devient d\u00e9sormais une toute nouvelle exp\u00e9rience.<\/p>\n<p><strong>NON au diac\u00e9tyle, \u00e0 l'ac\u00e9to\u00efne et \u00e0 l'ac\u00e9tyl propionyl ou colorant.<\/strong><\/p>\n<p>Toutes les saveurs sont bien test\u00e9es et \u00e9quilibr\u00e9es par notre \u00e9quipe d'aromaticiens et de mixologues.<\/p>\n<p>Le monde des ar\u00f4mes change souvent et ce sont les go\u00fbts des clients qui le dictent, comme par exemple le d\u00e9veloppement pas si r\u00e9cent des consommateurs \u00e0 la recherche d'ar\u00f4mes naturels.\u00a0<strong>L'aromaticien a besoin de rester au courant de ces tendances.<\/strong><\/p>\n<p><strong>Un aromaticien agit comme un magicien combinant diff\u00e9rentes saveurs\u00a0<\/strong>pour cr\u00e9er le m\u00e9lange parfait pour faire un r\u00e9gal magique<\/p>\n<p><strong>\u00c0 quand remonte la derni\u00e8re fois que vous avez vraiment pris le temps d'appr\u00e9cier la saveur de votre e-liquide\u00a0?<\/strong><\/p>\n<p>&nbsp;<\/p>\n<p><strong>Alors pourquoi utiliser FM2M pour votre OEM ?<\/strong><\/p>\n<ul>\n<li>Toutes nos saveurs sont pr\u00e9par\u00e9es et produites en Europe en utilisant uniquement des ingr\u00e9dients de la plus haute qualit\u00e9 provenant de l'UE.<\/li>\n<li>Toutes nos saveurs, qu'elles soient OEM, en vrac, en gros ou au d\u00e9tail, sont rigoureusement contr\u00f4l\u00e9es par lots, assurant une qualit\u00e9 responsable dans chaque bouteille.<\/li>\n<li>Toutes nos saveurs sont sans DEG, sans diac\u00e9tyle et sans ac\u00e9tyl propionyl.<\/li>\n<li>Des certificats pour chaque saveur que nous produisons<\/li>\n<li>Configuration personnalis\u00e9e de chaque saveur en fonction de vos pr\u00e9f\u00e9rences<\/li>\n<li>Toujours toute une \u00e9quipe avec des connaissances et de l'exp\u00e9rience pour produire les saveurs dont vous avez besoin \u00e0 votre service, ensemble nous cr\u00e9ons votre exp\u00e9rience ultime de la vo\u00fbte.<\/li>\n<\/ul>\n<ul>\n<li>Vous \u00eates une jeune entreprise en pleine expansion, une entreprise en pleine expansion ou simplement \u00e0 la recherche d'un nouveau d\u00e9fi gustatif, nous serions ravis de prendre contact avec vous.<\/li>\n<\/ul>","protected":false},"excerpt":{"rendered":"<p>30 ml Saveurs tr\u00e8s concentr\u00e9es, vous n'avez besoin que de 5% pour avoir un bon go\u00fbt et un bon liquide.<\/p>","protected":false},"featured_media":2332,"comment_status":"open","ping_status":"closed","template":"","meta":{"_acf_changed":false,"_genesis_hide_title":false,"_genesis_hide_breadcrumbs":false,"_genesis_hide_singular_image":false,"_genesis_hide_footer_widgets":false,"_genesis_custom_body_class":"","_genesis_custom_post_class":"","_genesis_layout":""},"product_brand":[],"product_cat":[252],"product_tag":[],"class_list":{"1":"product","2":"type-product","6":"product_cat-fly-me-to-mars-flavours-for-self-mixing","7":"entry","9":"first","10":"outofstock","11":"taxable","12":"shipping-taxable","13":"purchasable","14":"product-type-variable"},"acf":[],"_links":{"self":[{"href":"https:\/\/eliquidnicotine.co.uk\/fr\/wp-json\/wp\/v2\/product\/70","targetHints":{"allow":["GET"]}}],"collection":[{"href":"https:\/\/eliquidnicotine.co.uk\/fr\/wp-json\/wp\/v2\/product"}],"about":[{"href":"https:\/\/eliquidnicotine.co.uk\/fr\/wp-json\/wp\/v2\/types\/product"}],"replies":[{"embeddable":true,"href":"https:\/\/eliquidnicotine.co.uk\/fr\/wp-json\/wp\/v2\/comments?post=70"}],"wp:featuredmedia":[{"embeddable":true,"href":"https:\/\/eliquidnicotine.co.uk\/fr\/wp-json\/wp\/v2\/media\/2332"}],"wp:attachment":[{"href":"https:\/\/eliquidnicotine.co.uk\/fr\/wp-json\/wp\/v2\/media?parent=70"}],"wp:term":[{"taxonomy":"product_brand","embeddable":true,"href":"https:\/\/eliquidnicotine.co.uk\/fr\/wp-json\/wp\/v2\/product_brand?post=70"},{"taxonomy":"product_cat","embeddable":true,"href":"https:\/\/eliquidnicotine.co.uk\/fr\/wp-json\/wp\/v2\/product_cat?post=70"},{"taxonomy":"product_tag","embeddable":true,"href":"https:\/\/eliquidnicotine.co.uk\/fr\/wp-json\/wp\/v2\/product_tag?post=70"}],"curies":[{"name":"wp","href":"https:\/\/api.w.org\/{rel}","templated":true}]}}